{"id":6563,"date":"2025-02-26T10:38:56","date_gmt":"2025-02-26T10:38:56","guid":{"rendered":"https:\/\/ingekabel.com\/financat-per-la-unio-europea-next-generation-eu\/"},"modified":"2025-02-26T10:38:57","modified_gmt":"2025-02-26T10:38:57","slug":"financat-per-la-unio-europea-next-generation-eu","status":"publish","type":"page","link":"https:\/\/ingekabel.com\/ca\/financat-per-la-unio-europea-next-generation-eu\/","title":{"rendered":"Finan\u00e7at per la Uni\u00f3 Europea \u2013 Next Generation EU"},"content":{"rendered":"\t\t<div data-elementor-type=\"wp-page\" data-elementor-id=\"6563\" class=\"elementor elementor-6563 elementor-3693\" data-elementor-settings=\"{&quot;ha_cmc_init_switcher&quot;:&quot;no&quot;}\" data-elementor-post-type=\"page\">\n\t\t\t\t<div class=\"elementor-element elementor-element-12dda28 e-ecs-flex e-flex e-con-boxed e-con e-parent\" data-id=\"12dda28\" data-element_type=\"container\" data-e-type=\"container\" data-settings=\"{&quot;background_background&quot;:&quot;classic&quot;,&quot;ecs_container_type&quot;:&quot;flex&quot;,&quot;_ha_eqh_enable&quot;:false}\">\n\t\t\t\t\t<div class=\"e-con-inner\">\n\t\t<div class=\"elementor-element elementor-element-3a72d87 e-con-full e-ecs-flex e-flex e-con e-child\" data-id=\"3a72d87\" data-element_type=\"container\" data-e-type=\"container\" data-settings=\"{&quot;ecs_container_type&quot;:&quot;flex&quot;,&quot;_ha_eqh_enable&quot;:false}\">\n\t\t\t\t<div class=\"elementor-element elementor-element-c0b651d elementor-widget elementor-widget-heading\" data-id=\"c0b651d\" data-element_type=\"widget\" data-e-type=\"widget\" data-widget_type=\"heading.default\">\n\t\t\t\t<div class=\"elementor-widget-container\">\n\t\t\t\t\t<h1 class=\"elementor-heading-title elementor-size-default\">Finan\u00e7at per la Uni\u00f3 Europea \u2013 Next Generation EU<\/h1>\t\t\t\t<\/div>\n\t\t\t\t<\/div>\n\t\t\t\t<\/div>\n\t\t\t\t\t<\/div>\n\t\t\t\t<\/div>\n\t\t<div class=\"elementor-element elementor-element-2ea41b6 e-ecs-flex e-flex e-con-boxed e-con e-parent\" data-id=\"2ea41b6\" data-element_type=\"container\" data-e-type=\"container\" data-settings=\"{&quot;ecs_container_type&quot;:&quot;flex&quot;,&quot;_ha_eqh_enable&quot;:false}\">\n\t\t\t\t\t<div class=\"e-con-inner\">\n\t\t\t\t<div class=\"elementor-element elementor-element-e24d1b3 elementor-widget elementor-widget-text-editor\" data-id=\"e24d1b3\" data-element_type=\"widget\" data-e-type=\"widget\" data-widget_type=\"text-editor.default\">\n\t\t\t\t<div class=\"elementor-widget-container\">\n\t\t\t\t\t\t\t\t\t<p>\u00abFinan\u00e7at per la Uni\u00f3 Europea \u2013 Next Generation EU. Tot i aix\u00f2, els punts de vista i les opinions expressades s\u00f3n \u00fanicament els de l&#8217;autor o autors i no reflecteixen necess\u00e0riament els de la Uni\u00f3 Europea o la Comissi\u00f3 Europea. Ni la Uni\u00f3 Europea ni la Comissi\u00f3 Europea poden ser considerades responsables de les mateixes\u00bb<\/p>\n\t\t\t\t\t\t\t\t<\/div>\n\t\t\t\t<\/div>\n\t\t\t\t\t<\/div>\n\t\t\t\t<\/div>\n\t\t<div class=\"elementor-element elementor-element-5c37c02 e-ecs-flex e-flex e-con-boxed e-con e-parent\" data-id=\"5c37c02\" data-element_type=\"container\" data-e-type=\"container\" data-settings=\"{&quot;ecs_container_type&quot;:&quot;flex&quot;,&quot;_ha_eqh_enable&quot;:false}\">\n\t\t\t\t\t<div class=\"e-con-inner\">\n\t\t\t\t<div class=\"elementor-element elementor-element-21738ef elementor-widget elementor-widget-image\" data-id=\"21738ef\" data-element_type=\"widget\" data-e-type=\"widget\" data-widget_type=\"image.default\">\n\t\t\t\t<div class=\"elementor-widget-container\">\n\t\t\t\t\t\t\t\t\t\t\t\t\t\t\t<img fetchpriority=\"high\" decoding=\"async\" width=\"800\" height=\"91\" src=\"https:\/\/ingekabel.com\/wp-content\/uploads\/2024\/09\/kit-digital-fondo-transparente-1024x117.png\" class=\"attachment-large size-large wp-image-3696\" alt=\"\" srcset=\"https:\/\/ingekabel.com\/wp-content\/uploads\/2024\/09\/kit-digital-fondo-transparente-1024x117.png 1024w, https:\/\/ingekabel.com\/wp-content\/uploads\/2024\/09\/kit-digital-fondo-transparente-300x34.png 300w, https:\/\/ingekabel.com\/wp-content\/uploads\/2024\/09\/kit-digital-fondo-transparente-768x88.png 768w, https:\/\/ingekabel.com\/wp-content\/uploads\/2024\/09\/kit-digital-fondo-transparente-1536x175.png 1536w, https:\/\/ingekabel.com\/wp-content\/uploads\/2024\/09\/kit-digital-fondo-transparente.png 2000w\" sizes=\"(max-width: 800px) 100vw, 800px\" \/>\t\t\t\t\t\t\t\t\t\t\t\t\t\t\t<\/div>\n\t\t\t\t<\/div>\n\t\t\t\t\t<\/div>\n\t\t\t\t<\/div>\n\t\t\t\t<\/div>\n\t\t","protected":false},"excerpt":{"rendered":"<p>\u00abFinan\u00e7at per la Uni\u00f3 Europea \u2013 Next Generation EU. Tot i aix\u00f2, els punts de vista i les opinions expressades s\u00f3n \u00fanicament els de l&#8217;autor o autors i no reflecteixen necess\u00e0riament els de la Uni\u00f3 Europea o la Comissi\u00f3 Europea. Ni la Uni\u00f3 Europea ni la Comissi\u00f3 Europea poden ser considerades responsables de les mateixes\u00bb<\/p>\n","protected":false},"author":1,"featured_media":0,"parent":0,"menu_order":0,"comment_status":"closed","ping_status":"closed","template":"elementor_header_footer","meta":{"footnotes":""},"class_list":["post-6563","page","type-page","status-publish","hentry"],"yoast_head":"<!-- This site is optimized with the Yoast SEO plugin v25.3 - https:\/\/yoast.com\/wordpress\/plugins\/seo\/ -->\n<title>Finan\u00e7at per la Uni\u00f3 Europea \u2013 Next Generation EU - Ingekabel<\/title>\n<meta name=\"robots\" content=\"index, follow, max-snippet:-1, max-image-preview:large, max-video-preview:-1\" \/>\n<link rel=\"canonical\" href=\"https:\/\/ingekabel.com\/financiado-por-la-union-europea-next-generation-eu\/\" \/>\n<meta property=\"og:locale\" content=\"ca_ES\" \/>\n<meta property=\"og:type\" content=\"article\" \/>\n<meta property=\"og:title\" content=\"Finan\u00e7at per la Uni\u00f3 Europea \u2013 Next Generation EU - Ingekabel\" \/>\n<meta property=\"og:description\" content=\"\u00abFinan\u00e7at per la Uni\u00f3 Europea \u2013 Next Generation EU. Tot i aix\u00f2, els punts de vista i les opinions expressades s\u00f3n \u00fanicament els de l&#8217;autor o autors i no reflecteixen necess\u00e0riament els de la Uni\u00f3 Europea o la Comissi\u00f3 Europea. Ni la Uni\u00f3 Europea ni la Comissi\u00f3 Europea poden ser considerades responsables de les mateixes\u00bb\" \/>\n<meta property=\"og:url\" content=\"https:\/\/ingekabel.com\/financiado-por-la-union-europea-next-generation-eu\/\" \/>\n<meta property=\"og:site_name\" content=\"Ingekabel\" \/>\n<meta property=\"article:modified_time\" content=\"2025-02-26T10:38:57+00:00\" \/>\n<meta property=\"og:image\" content=\"https:\/\/ingekabel.com\/wp-content\/uploads\/2024\/09\/kit-digital-fondo-transparente.png\" \/>\n\t<meta property=\"og:image:width\" content=\"2000\" \/>\n\t<meta property=\"og:image:height\" content=\"228\" \/>\n\t<meta property=\"og:image:type\" content=\"image\/png\" \/>\n<meta name=\"twitter:card\" content=\"summary_large_image\" \/>\n<script type=\"application\/ld+json\" class=\"yoast-schema-graph\">{\"@context\":\"https:\/\/schema.org\",\"@graph\":[{\"@type\":\"WebPage\",\"@id\":\"https:\/\/ingekabel.com\/financiado-por-la-union-europea-next-generation-eu\/\",\"url\":\"https:\/\/ingekabel.com\/financiado-por-la-union-europea-next-generation-eu\/\",\"name\":\"Finan\u00e7at per la Uni\u00f3 Europea \u2013 Next Generation EU - Ingekabel\",\"isPartOf\":{\"@id\":\"https:\/\/ingekabel.com\/#website\"},\"primaryImageOfPage\":{\"@id\":\"https:\/\/ingekabel.com\/financiado-por-la-union-europea-next-generation-eu\/#primaryimage\"},\"image\":{\"@id\":\"https:\/\/ingekabel.com\/financiado-por-la-union-europea-next-generation-eu\/#primaryimage\"},\"thumbnailUrl\":\"https:\/\/ingekabel.com\/wp-content\/uploads\/2024\/09\/kit-digital-fondo-transparente-1024x117.png\",\"datePublished\":\"2025-02-26T10:38:56+00:00\",\"dateModified\":\"2025-02-26T10:38:57+00:00\",\"breadcrumb\":{\"@id\":\"https:\/\/ingekabel.com\/financiado-por-la-union-europea-next-generation-eu\/#breadcrumb\"},\"inLanguage\":\"ca\",\"potentialAction\":[{\"@type\":\"ReadAction\",\"target\":[\"https:\/\/ingekabel.com\/financiado-por-la-union-europea-next-generation-eu\/\"]}]},{\"@type\":\"ImageObject\",\"inLanguage\":\"ca\",\"@id\":\"https:\/\/ingekabel.com\/financiado-por-la-union-europea-next-generation-eu\/#primaryimage\",\"url\":\"https:\/\/ingekabel.com\/wp-content\/uploads\/2024\/09\/kit-digital-fondo-transparente-1024x117.png\",\"contentUrl\":\"https:\/\/ingekabel.com\/wp-content\/uploads\/2024\/09\/kit-digital-fondo-transparente-1024x117.png\"},{\"@type\":\"BreadcrumbList\",\"@id\":\"https:\/\/ingekabel.com\/financiado-por-la-union-europea-next-generation-eu\/#breadcrumb\",\"itemListElement\":[{\"@type\":\"ListItem\",\"position\":1,\"name\":\"Portada\",\"item\":\"https:\/\/ingekabel.com\/\"},{\"@type\":\"ListItem\",\"position\":2,\"name\":\"Finan\u00e7at per la Uni\u00f3 Europea \u2013 Next Generation EU\"}]},{\"@type\":\"WebSite\",\"@id\":\"https:\/\/ingekabel.com\/#website\",\"url\":\"https:\/\/ingekabel.com\/\",\"name\":\"Ingekabel\",\"description\":\"Enginyeria de Telecomunicacions\",\"publisher\":{\"@id\":\"https:\/\/ingekabel.com\/#organization\"},\"potentialAction\":[{\"@type\":\"SearchAction\",\"target\":{\"@type\":\"EntryPoint\",\"urlTemplate\":\"https:\/\/ingekabel.com\/?s={search_term_string}\"},\"query-input\":{\"@type\":\"PropertyValueSpecification\",\"valueRequired\":true,\"valueName\":\"search_term_string\"}}],\"inLanguage\":\"ca\"},{\"@type\":\"Organization\",\"@id\":\"https:\/\/ingekabel.com\/#organization\",\"name\":\"Ingekabel Comunicaciones 2.0 SL\",\"url\":\"https:\/\/ingekabel.com\/\",\"logo\":{\"@type\":\"ImageObject\",\"inLanguage\":\"ca\",\"@id\":\"https:\/\/ingekabel.com\/#\/schema\/logo\/image\/\",\"url\":\"https:\/\/ingekabel.com\/wp-content\/uploads\/2021\/05\/cropped-ingekabel-favicon.png\",\"contentUrl\":\"https:\/\/ingekabel.com\/wp-content\/uploads\/2021\/05\/cropped-ingekabel-favicon.png\",\"width\":512,\"height\":512,\"caption\":\"Ingekabel Comunicaciones 2.0 SL\"},\"image\":{\"@id\":\"https:\/\/ingekabel.com\/#\/schema\/logo\/image\/\"},\"sameAs\":[\"https:\/\/es.linkedin.com\/company\/ingekabel-comunicaciones-20-sl\"]}]}<\/script>\n<!-- \/ Yoast SEO plugin. -->","yoast_head_json":{"title":"Finan\u00e7at per la Uni\u00f3 Europea \u2013 Next Generation EU - Ingekabel","robots":{"index":"index","follow":"follow","max-snippet":"max-snippet:-1","max-image-preview":"max-image-preview:large","max-video-preview":"max-video-preview:-1"},"canonical":"https:\/\/ingekabel.com\/financiado-por-la-union-europea-next-generation-eu\/","og_locale":"ca_ES","og_type":"article","og_title":"Finan\u00e7at per la Uni\u00f3 Europea \u2013 Next Generation EU - Ingekabel","og_description":"\u00abFinan\u00e7at per la Uni\u00f3 Europea \u2013 Next Generation EU. Tot i aix\u00f2, els punts de vista i les opinions expressades s\u00f3n \u00fanicament els de l&#8217;autor o autors i no reflecteixen necess\u00e0riament els de la Uni\u00f3 Europea o la Comissi\u00f3 Europea. Ni la Uni\u00f3 Europea ni la Comissi\u00f3 Europea poden ser considerades responsables de les mateixes\u00bb","og_url":"https:\/\/ingekabel.com\/financiado-por-la-union-europea-next-generation-eu\/","og_site_name":"Ingekabel","article_modified_time":"2025-02-26T10:38:57+00:00","og_image":[{"width":2000,"height":228,"url":"https:\/\/ingekabel.com\/wp-content\/uploads\/2024\/09\/kit-digital-fondo-transparente.png","type":"image\/png"}],"twitter_card":"summary_large_image","schema":{"@context":"https:\/\/schema.org","@graph":[{"@type":"WebPage","@id":"https:\/\/ingekabel.com\/financiado-por-la-union-europea-next-generation-eu\/","url":"https:\/\/ingekabel.com\/financiado-por-la-union-europea-next-generation-eu\/","name":"Finan\u00e7at per la Uni\u00f3 Europea \u2013 Next Generation EU - Ingekabel","isPartOf":{"@id":"https:\/\/ingekabel.com\/#website"},"primaryImageOfPage":{"@id":"https:\/\/ingekabel.com\/financiado-por-la-union-europea-next-generation-eu\/#primaryimage"},"image":{"@id":"https:\/\/ingekabel.com\/financiado-por-la-union-europea-next-generation-eu\/#primaryimage"},"thumbnailUrl":"https:\/\/ingekabel.com\/wp-content\/uploads\/2024\/09\/kit-digital-fondo-transparente-1024x117.png","datePublished":"2025-02-26T10:38:56+00:00","dateModified":"2025-02-26T10:38:57+00:00","breadcrumb":{"@id":"https:\/\/ingekabel.com\/financiado-por-la-union-europea-next-generation-eu\/#breadcrumb"},"inLanguage":"ca","potentialAction":[{"@type":"ReadAction","target":["https:\/\/ingekabel.com\/financiado-por-la-union-europea-next-generation-eu\/"]}]},{"@type":"ImageObject","inLanguage":"ca","@id":"https:\/\/ingekabel.com\/financiado-por-la-union-europea-next-generation-eu\/#primaryimage","url":"https:\/\/ingekabel.com\/wp-content\/uploads\/2024\/09\/kit-digital-fondo-transparente-1024x117.png","contentUrl":"https:\/\/ingekabel.com\/wp-content\/uploads\/2024\/09\/kit-digital-fondo-transparente-1024x117.png"},{"@type":"BreadcrumbList","@id":"https:\/\/ingekabel.com\/financiado-por-la-union-europea-next-generation-eu\/#breadcrumb","itemListElement":[{"@type":"ListItem","position":1,"name":"Portada","item":"https:\/\/ingekabel.com\/"},{"@type":"ListItem","position":2,"name":"Finan\u00e7at per la Uni\u00f3 Europea \u2013 Next Generation EU"}]},{"@type":"WebSite","@id":"https:\/\/ingekabel.com\/#website","url":"https:\/\/ingekabel.com\/","name":"Ingekabel","description":"Enginyeria de Telecomunicacions","publisher":{"@id":"https:\/\/ingekabel.com\/#organization"},"potentialAction":[{"@type":"SearchAction","target":{"@type":"EntryPoint","urlTemplate":"https:\/\/ingekabel.com\/?s={search_term_string}"},"query-input":{"@type":"PropertyValueSpecification","valueRequired":true,"valueName":"search_term_string"}}],"inLanguage":"ca"},{"@type":"Organization","@id":"https:\/\/ingekabel.com\/#organization","name":"Ingekabel Comunicaciones 2.0 SL","url":"https:\/\/ingekabel.com\/","logo":{"@type":"ImageObject","inLanguage":"ca","@id":"https:\/\/ingekabel.com\/#\/schema\/logo\/image\/","url":"https:\/\/ingekabel.com\/wp-content\/uploads\/2021\/05\/cropped-ingekabel-favicon.png","contentUrl":"https:\/\/ingekabel.com\/wp-content\/uploads\/2021\/05\/cropped-ingekabel-favicon.png","width":512,"height":512,"caption":"Ingekabel Comunicaciones 2.0 SL"},"image":{"@id":"https:\/\/ingekabel.com\/#\/schema\/logo\/image\/"},"sameAs":["https:\/\/es.linkedin.com\/company\/ingekabel-comunicaciones-20-sl"]}]}},"_links":{"self":[{"href":"https:\/\/ingekabel.com\/ca\/wp-json\/wp\/v2\/pages\/6563","targetHints":{"allow":["GET"]}}],"collection":[{"href":"https:\/\/ingekabel.com\/ca\/wp-json\/wp\/v2\/pages"}],"about":[{"href":"https:\/\/ingekabel.com\/ca\/wp-json\/wp\/v2\/types\/page"}],"author":[{"embeddable":true,"href":"https:\/\/ingekabel.com\/ca\/wp-json\/wp\/v2\/users\/1"}],"replies":[{"embeddable":true,"href":"https:\/\/ingekabel.com\/ca\/wp-json\/wp\/v2\/comments?post=6563"}],"version-history":[{"count":1,"href":"https:\/\/ingekabel.com\/ca\/wp-json\/wp\/v2\/pages\/6563\/revisions"}],"predecessor-version":[{"id":6564,"href":"https:\/\/ingekabel.com\/ca\/wp-json\/wp\/v2\/pages\/6563\/revisions\/6564"}],"wp:attachment":[{"href":"https:\/\/ingekabel.com\/ca\/wp-json\/wp\/v2\/media?parent=6563"}],"curies":[{"name":"wp","href":"https:\/\/api.w.org\/{rel}","templated":true}]}}