{"id":6561,"date":"2025-02-26T10:37:51","date_gmt":"2025-02-26T10:37:51","guid":{"rendered":"https:\/\/ingekabel.com\/gestio-de-recursos-post-desplegament\/"},"modified":"2025-04-02T09:10:33","modified_gmt":"2025-04-02T09:10:33","slug":"gestio-de-recursos-post-desplegament","status":"publish","type":"page","link":"https:\/\/ingekabel.com\/ca\/gestio-de-recursos-post-desplegament\/","title":{"rendered":"Gesti\u00f3 de recursos post-desplegament"},"content":{"rendered":"\t\t<div data-elementor-type=\"wp-page\" data-elementor-id=\"6561\" class=\"elementor elementor-6561 elementor-1696\" data-elementor-settings=\"{&quot;ha_cmc_init_switcher&quot;:&quot;no&quot;}\" data-elementor-post-type=\"page\">\n\t\t\t\t\t\t<section class=\"elementor-section elementor-top-section elementor-element elementor-element-4023d6c elementor-section-boxed elementor-section-height-default elementor-section-height-default\" data-id=\"4023d6c\" data-element_type=\"section\" data-e-type=\"section\" data-settings=\"{&quot;background_background&quot;:&quot;classic&quot;,&quot;_ha_eqh_enable&quot;:false}\">\n\t\t\t\t\t\t\t<div class=\"elementor-background-overlay\"><\/div>\n\t\t\t\t\t\t\t<div class=\"elementor-container elementor-column-gap-no\">\n\t\t\t\t\t<div class=\"elementor-column elementor-col-50 elementor-top-column elementor-element elementor-element-efc1b2c\" data-id=\"efc1b2c\" data-element_type=\"column\" data-e-type=\"column\">\n\t\t\t<div class=\"elementor-widget-wrap elementor-element-populated\">\n\t\t\t\t\t\t<div data-ha-element-link=\"{&quot;url&quot;:&quot;#post&quot;,&quot;is_external&quot;:&quot;&quot;,&quot;nofollow&quot;:&quot;&quot;}\" style=\"cursor: pointer\" class=\"elementor-element elementor-element-35dfbf3 jkit-equal-height-disable elementor-invisible elementor-widget elementor-widget-jkit_icon_box\" data-id=\"35dfbf3\" data-element_type=\"widget\" data-e-type=\"widget\" data-settings=\"{&quot;_animation&quot;:&quot;fadeIn&quot;,&quot;_animation_delay&quot;:100}\" data-widget_type=\"jkit_icon_box.default\">\n\t\t\t\t<div class=\"elementor-widget-container\">\n\t\t\t\t\t<div  class=\"jeg-elementor-kit jkit-icon-box icon-position-top elementor-animation- jeg_module___6a047228967dc\" ><div class=\"jkit-icon-box-wrapper hover-from-left\"><div class=\"icon-box icon-box-header elementor-animation-\"><div class=\"icon style-color\"><svg aria-hidden=\"true\" class=\"e-font-icon-svg e-fas-network-wired\" viewBox=\"0 0 640 512\" xmlns=\"http:\/\/www.w3.org\/2000\/svg\"><path d=\"M640 264v-16c0-8.84-7.16-16-16-16H344v-40h72c17.67 0 32-14.33 32-32V32c0-17.67-14.33-32-32-32H224c-17.67 0-32 14.33-32 32v128c0 17.67 14.33 32 32 32h72v40H16c-8.84 0-16 7.16-16 16v16c0 8.84 7.16 16 16 16h104v40H64c-17.67 0-32 14.33-32 32v128c0 17.67 14.33 32 32 32h160c17.67 0 32-14.33 32-32V352c0-17.67-14.33-32-32-32h-56v-40h304v40h-56c-17.67 0-32 14.33-32 32v128c0 17.67 14.33 32 32 32h160c17.67 0 32-14.33 32-32V352c0-17.67-14.33-32-32-32h-56v-40h104c8.84 0 16-7.16 16-16zM256 128V64h128v64H256zm-64 320H96v-64h96v64zm352 0h-96v-64h96v64z\"><\/path><\/svg><\/div><\/div><div class=\"icon-box icon-box-body\">\n                <h2 class=\"title\">GESTI\u00d3 DE RECURSOS POST-DESPLEGAMENT<\/h2><p class=\"icon-box-description\"><br \/>\nCLIENT CONNEXIONS<br \/>\n<br \/>\nMANTENIMENT<br \/>\n<br \/>\nCONSOLIDACI\u00d3 + AMPLIACI\u00d3<br \/>\n<br \/>\nAN\u00c0LISI PER AUGMENTAR LA XARXA <\/p>\n            <\/div>\n            \n            <\/div><\/div>\t\t\t\t<\/div>\n\t\t\t\t<\/div>\n\t\t\t\t\t<\/div>\n\t\t<\/div>\n\t\t\t\t<div class=\"elementor-column elementor-col-50 elementor-top-column elementor-element elementor-element-c6d1243\" data-id=\"c6d1243\" data-element_type=\"column\" data-e-type=\"column\">\n\t\t\t<div class=\"elementor-widget-wrap elementor-element-populated\">\n\t\t\t\t\t\t<div class=\"elementor-element elementor-element-972a60c elementor-widget elementor-widget-text-editor\" data-id=\"972a60c\" data-element_type=\"widget\" data-e-type=\"widget\" data-widget_type=\"text-editor.default\">\n\t\t\t\t<div class=\"elementor-widget-container\">\n\t\t\t\t\t\t\t\t\t<p>Ingekabel ofereix un servei de clau en m\u00e0 per a la gesti\u00f3 d&#8217;altes de nous clients en xarxes de fibra \u00f2ptica actives. Aix\u00f2 vol dir que ens encarreguem de tot el proc\u00e9s, des de la instal\u00b7laci\u00f3 i la gesti\u00f3 fins al reemborsament de les obres civils necess\u00e0ries.<\/p>\n<p>Per agilitzar les connexions, comptem amb una centraleta en-l\u00ednia que permet als clients programar i modificar la visita dels t\u00e8cnics d&#8217;instal\u00b7laci\u00f3 segons disponibilitat. Aquest sistema optimitza els temps de connexi\u00f3 per als usuaris nous i el treball dels nostres enginyers, evitant per\u00edodes d&#8217;inactivitat.<\/p>\n<p>D&#8217;aquesta manera garantim un servei eficient, complet i adaptat a les necessitats de cada client.<br \/>Quan la xarxa est\u00e0 en funcionament, realitzem una monitoritzaci\u00f3 remota constant del rendiment dels components electr\u00f2nics. Aix\u00f2 ens permet controlar la capacitat de c\u00e0rrega i d\u2019altres factors per assegurar que la xarxa estigui sempre activa i ofereixi una \u00f2ptima velocitat d&#8217;internet.<\/p>\n<p>Realitzem estudis peri\u00f2dics de l&#8217;\u00e0rea on s&#8217;ha desplegat la xarxa per identificar oportunitats de millora, ja sigui mitjan\u00e7ant una consolidaci\u00f3 o un eixamplament. D\u00b4aquesta manera, ens assegurem que la xarxa s\u00b4adapti a les necessitats canviants dels nostres clients.<\/p>\n\t\t\t\t\t\t\t\t<\/div>\n\t\t\t\t<\/div>\n\t\t\t\t<div class=\"elementor-element elementor-element-23f631e slider-img-proyectos elementor-widget elementor-widget-prime-slider-general\" data-id=\"23f631e\" data-element_type=\"widget\" data-e-type=\"widget\" data-widget_type=\"prime-slider-general.default\">\n\t\t\t\t<div class=\"elementor-widget-container\">\n\t\t\t\t\t\t\t<div class=\"bdt-prime-slider\">\n\t\t\t<div class=\"bdt-prime-slider-skin-general\">\n\t\t\t\t<div class=\"bdt-position-relative bdt-visible-toggle\" bdt-slideshow=\"{&quot;animation&quot;:&quot;fade&quot;,&quot;ratio&quot;:&quot;1:1&quot;,&quot;min-height&quot;:50,&quot;autoplay&quot;:true,&quot;autoplay-interval&quot;:5000,&quot;pause-on-hover&quot;:false,&quot;draggable&quot;:false,&quot;velocity&quot;:0.5,&quot;finite&quot;:false}\" data-settings=\"{&quot;id&quot;:&quot;#bdt-23f631e&quot;,&quot;animation_status&quot;:&quot;no&quot;}\" id=\"bdt-23f631e\">\n\t\t\t\t\t<ul class=\"bdt-slideshow-items\">\n\t\t\t\t\t\t\n\t\t\t<li\n\t\t\t\tclass=\"bdt-slideshow-item bdt-flex bdt-flex-middle bdt-flex-center elementor-repeater-item-7ae2d74\">\n\t\t\t\t\t\t\t\t\t<div\n\t\t\t\t\t\tclass=\"bdt-position-cover bdt-animation-kenburns bdt-transform-origin-center-left\">\n\t\t\t\t\t\n\t\t\t\t\t\t\t\t\t\t\t\n\t\t<div class=\"bdt-ps-slide-img\" style=\"background-image: url('https:\/\/ingekabel.com\/wp-content\/uploads\/2024\/12\/3.5_nordjiatel_operari_pal-2.jpg')\"><\/div>\n\n\t\t\t\t\t\t\t\n\t\t\t\t\t\t\t\t\t\t<\/div>\n\t\t\t\t\n\t\t\t\t\n\t\t\t\t\t\t<div class=\"bdt-prime-slider-wrapper\">\n\t\t\t<div class=\"bdt-prime-slider-content\">\n\t\t\t\t<div class=\"bdt-prime-slider-desc\">\n\n\t\t\t\t\t\n\t\t\t\t\t\n\t\t\t\t\t\n\t\t\t\t\t<div >\n\t\t\t\t\t\t<div class=\"bdt-btn-wrapper\">\n\t\t\t\t\t\t\t\t\t\t\t\t\t<\/div>\n\t\t\t\t\t<\/div>\n\t\t\t\t<\/div>\n\n\t\t\t\t\n\t\t\t<\/div>\n\t\t<\/div>\n\t\t\t\t\t<\/li>\n\n\t\t\n\t\t\t<li\n\t\t\t\tclass=\"bdt-slideshow-item bdt-flex bdt-flex-middle bdt-flex-center elementor-repeater-item-b3ecc16\">\n\t\t\t\t\t\t\t\t\t<div\n\t\t\t\t\t\tclass=\"bdt-position-cover bdt-animation-kenburns bdt-transform-origin-center-left\">\n\t\t\t\t\t\n\t\t\t\t\t\t\t\t\t\t\t\n\t\t<div class=\"bdt-ps-slide-img\" style=\"background-image: url('https:\/\/ingekabel.com\/wp-content\/uploads\/2024\/12\/3.5_RACK-2_quad.png')\"><\/div>\n\n\t\t\t\t\t\t\t\n\t\t\t\t\t\t\t\t\t\t<\/div>\n\t\t\t\t\n\t\t\t\t\n\t\t\t\t\t\t<div class=\"bdt-prime-slider-wrapper\">\n\t\t\t<div class=\"bdt-prime-slider-content bdt-prime-slider-content\">\n\t\t\t\t<div class=\"bdt-prime-slider-desc\">\n\n\t\t\t\t\t\n\t\t\t\t\t\n\t\t\t\t\t\n\t\t\t\t\t<div >\n\t\t\t\t\t\t<div class=\"bdt-btn-wrapper\">\n\t\t\t\t\t\t\t\t\t\t\t\t\t<\/div>\n\t\t\t\t\t<\/div>\n\t\t\t\t<\/div>\n\n\t\t\t\t\n\t\t\t<\/div>\n\t\t<\/div>\n\t\t\t\t\t<\/li>\n\n\t\t\n\t\t\t<li\n\t\t\t\tclass=\"bdt-slideshow-item bdt-flex bdt-flex-middle bdt-flex-center elementor-repeater-item-e8ea638\">\n\t\t\t\t\t\t\t\t\t<div\n\t\t\t\t\t\tclass=\"bdt-position-cover bdt-animation-kenburns bdt-transform-origin-center-left\">\n\t\t\t\t\t\n\t\t\t\t\t\t\t\t\t\t\t\n\t\t<div class=\"bdt-ps-slide-img\" style=\"background-image: url('https:\/\/ingekabel.com\/wp-content\/uploads\/2024\/12\/3.5_reed-co-uk_quad-1.jpeg')\"><\/div>\n\n\t\t\t\t\t\t\t\n\t\t\t\t\t\t\t\t\t\t<\/div>\n\t\t\t\t\n\t\t\t\t\n\t\t\t\t\t\t<div class=\"bdt-prime-slider-wrapper\">\n\t\t\t<div class=\"bdt-prime-slider-content bdt-prime-slider-content bdt-prime-slider-content\">\n\t\t\t\t<div class=\"bdt-prime-slider-desc\">\n\n\t\t\t\t\t\n\t\t\t\t\t\n\t\t\t\t\t\n\t\t\t\t\t<div >\n\t\t\t\t\t\t<div class=\"bdt-btn-wrapper\">\n\t\t\t\t\t\t\t\t\t\t\t\t\t<\/div>\n\t\t\t\t\t<\/div>\n\t\t\t\t<\/div>\n\n\t\t\t\t\n\t\t\t<\/div>\n\t\t<\/div>\n\t\t\t\t\t<\/li>\n\n\t\t\n\t\t\t<li\n\t\t\t\tclass=\"bdt-slideshow-item bdt-flex bdt-flex-middle bdt-flex-center elementor-repeater-item-326d195\">\n\t\t\t\t\t\t\t\t\t<div\n\t\t\t\t\t\tclass=\"bdt-position-cover bdt-animation-kenburns bdt-transform-origin-center-left\">\n\t\t\t\t\t\n\t\t\t\t\t\t\t\t\t\t\t\n\t\t<div class=\"bdt-ps-slide-img\" style=\"background-image: url('https:\/\/ingekabel.com\/wp-content\/uploads\/2024\/12\/3.5_ROLLOUT_quad.jpg')\"><\/div>\n\n\t\t\t\t\t\t\t\n\t\t\t\t\t\t\t\t\t\t<\/div>\n\t\t\t\t\n\t\t\t\t\n\t\t\t\t\t\t<div class=\"bdt-prime-slider-wrapper\">\n\t\t\t<div class=\"bdt-prime-slider-content bdt-prime-slider-content bdt-prime-slider-content bdt-prime-slider-content\">\n\t\t\t\t<div class=\"bdt-prime-slider-desc\">\n\n\t\t\t\t\t\n\t\t\t\t\t\n\t\t\t\t\t\n\t\t\t\t\t<div >\n\t\t\t\t\t\t<div class=\"bdt-btn-wrapper\">\n\t\t\t\t\t\t\t\t\t\t\t\t\t<\/div>\n\t\t\t\t\t<\/div>\n\t\t\t\t<\/div>\n\n\t\t\t\t\n\t\t\t<\/div>\n\t\t<\/div>\n\t\t\t\t\t<\/li>\n\n\t\t\n\t\t\t\t\t<\/ul>\n\t\t\t\t\t\n\t\t\t\t\t\t\t\t<div class=\"reveal-muted\">\n\t\t\t\t<a class=\"bdt-position-bottom-right bdt-prime-slider-previous\" href=\"#\" bdt-slidenav-previous\n\t\t\t\t\tbdt-slideshow-item=\"previous\"><\/a>\n\t\t\t\t<a class=\"bdt-position-bottom-right bdt-prime-slider-next\" href=\"#\" bdt-slidenav-next bdt-slideshow-item=\"next\"><\/a>\n\t\t\t<\/div>\n\n\t\t\n\t\t\t\t\t\t\t\n\t\t\n\t\t\t\t\t\t<\/div>\n\t\t\t\t\t\t\t\t\t\t\t<\/div>\n\t\t<\/div>\n\t\t\t\t\t\t<\/div>\n\t\t\t\t<\/div>\n\t\t\t\t<div class=\"elementor-element elementor-element-752d8e9 elementor-widget elementor-widget-image\" data-id=\"752d8e9\" data-element_type=\"widget\" data-e-type=\"widget\" data-widget_type=\"image.default\">\n\t\t\t\t<div class=\"elementor-widget-container\">\n\t\t\t\t\t\t\t\t\t\t\t\t\t\t\t\t<a href=\"https:\/\/ingekabel.com\/ca\/#servicios\">\n\t\t\t\t\t\t\t<img decoding=\"async\" src=\"https:\/\/ingekabel.com\/wp-content\/uploads\/elementor\/thumbs\/arrow1-e1734688817849-qys4zkawajaen5ym3uxo81vgse7ph1cw3whqujja24.png\" title=\"arrow1\" alt=\"arrow1\" loading=\"lazy\" \/>\t\t\t\t\t\t\t\t<\/a>\n\t\t\t\t\t\t\t\t\t\t\t\t\t\t\t<\/div>\n\t\t\t\t<\/div>\n\t\t\t\t\t<\/div>\n\t\t<\/div>\n\t\t\t\t\t<\/div>\n\t\t<\/section>\n\t\t\t\t<\/div>\n\t\t","protected":false},"excerpt":{"rendered":"<p>GESTI\u00d3 DE RECURSOS POST-DESPLEGAMENT CLIENT CONNEXIONS MANTENIMENT CONSOLIDACI\u00d3 + AMPLIACI\u00d3 AN\u00c0LISI PER AUGMENTAR LA XARXA Ingekabel ofereix un servei de clau en m\u00e0 per a la gesti\u00f3 d&#8217;altes de nous clients en xarxes de fibra \u00f2ptica actives. Aix\u00f2 vol dir que ens encarreguem de tot el proc\u00e9s, des de la instal\u00b7laci\u00f3 i la gesti\u00f3 fins [&hellip;]<\/p>\n","protected":false},"author":1,"featured_media":0,"parent":0,"menu_order":0,"comment_status":"closed","ping_status":"closed","template":"elementor_header_footer","meta":{"footnotes":""},"class_list":["post-6561","page","type-page","status-publish","hentry"],"yoast_head":"<!-- This site is optimized with the Yoast SEO plugin v25.3 - https:\/\/yoast.com\/wordpress\/plugins\/seo\/ -->\n<title>Gesti\u00f3 de recursos post-desplegament - Ingekabel<\/title>\n<meta name=\"robots\" content=\"index, follow, max-snippet:-1, max-image-preview:large, max-video-preview:-1\" \/>\n<link rel=\"canonical\" href=\"https:\/\/ingekabel.com\/en\/post-deployment-resource-management\/\" \/>\n<meta property=\"og:locale\" content=\"ca_ES\" \/>\n<meta property=\"og:type\" content=\"article\" \/>\n<meta property=\"og:title\" content=\"Gesti\u00f3 de recursos post-desplegament - Ingekabel\" \/>\n<meta property=\"og:description\" content=\"GESTI\u00d3 DE RECURSOS POST-DESPLEGAMENT CLIENT CONNEXIONS MANTENIMENT CONSOLIDACI\u00d3 + AMPLIACI\u00d3 AN\u00c0LISI PER AUGMENTAR LA XARXA Ingekabel ofereix un servei de clau en m\u00e0 per a la gesti\u00f3 d&#8217;altes de nous clients en xarxes de fibra \u00f2ptica actives. Aix\u00f2 vol dir que ens encarreguem de tot el proc\u00e9s, des de la instal\u00b7laci\u00f3 i la gesti\u00f3 fins [&hellip;]\" \/>\n<meta property=\"og:url\" content=\"https:\/\/ingekabel.com\/en\/post-deployment-resource-management\/\" \/>\n<meta property=\"og:site_name\" content=\"Ingekabel\" \/>\n<meta property=\"article:modified_time\" content=\"2025-04-02T09:10:33+00:00\" \/>\n<meta property=\"og:image\" content=\"https:\/\/ingekabel.com\/wp-content\/uploads\/elementor\/thumbs\/arrow1-e1734688817849-qys4zkawajaen5ym3uxo81vgse7ph1cw3whqujja24.png\" \/>\n<meta name=\"twitter:card\" content=\"summary_large_image\" \/>\n<meta name=\"twitter:label1\" content=\"Temps estimat de lectura\" \/>\n\t<meta name=\"twitter:data1\" content=\"2 minuts\" \/>\n<script type=\"application\/ld+json\" class=\"yoast-schema-graph\">{\"@context\":\"https:\/\/schema.org\",\"@graph\":[{\"@type\":\"WebPage\",\"@id\":\"https:\/\/ingekabel.com\/en\/post-deployment-resource-management\/\",\"url\":\"https:\/\/ingekabel.com\/en\/post-deployment-resource-management\/\",\"name\":\"Gesti\u00f3 de recursos post-desplegament - Ingekabel\",\"isPartOf\":{\"@id\":\"https:\/\/ingekabel.com\/#website\"},\"primaryImageOfPage\":{\"@id\":\"https:\/\/ingekabel.com\/en\/post-deployment-resource-management\/#primaryimage\"},\"image\":{\"@id\":\"https:\/\/ingekabel.com\/en\/post-deployment-resource-management\/#primaryimage\"},\"thumbnailUrl\":\"https:\/\/ingekabel.com\/wp-content\/uploads\/elementor\/thumbs\/arrow1-e1734688817849-qys4zkawajaen5ym3uxo81vgse7ph1cw3whqujja24.png\",\"datePublished\":\"2025-02-26T10:37:51+00:00\",\"dateModified\":\"2025-04-02T09:10:33+00:00\",\"breadcrumb\":{\"@id\":\"https:\/\/ingekabel.com\/en\/post-deployment-resource-management\/#breadcrumb\"},\"inLanguage\":\"ca\",\"potentialAction\":[{\"@type\":\"ReadAction\",\"target\":[\"https:\/\/ingekabel.com\/en\/post-deployment-resource-management\/\"]}]},{\"@type\":\"ImageObject\",\"inLanguage\":\"ca\",\"@id\":\"https:\/\/ingekabel.com\/en\/post-deployment-resource-management\/#primaryimage\",\"url\":\"https:\/\/ingekabel.com\/wp-content\/uploads\/elementor\/thumbs\/arrow1-e1734688817849-qys4zkawajaen5ym3uxo81vgse7ph1cw3whqujja24.png\",\"contentUrl\":\"https:\/\/ingekabel.com\/wp-content\/uploads\/elementor\/thumbs\/arrow1-e1734688817849-qys4zkawajaen5ym3uxo81vgse7ph1cw3whqujja24.png\"},{\"@type\":\"BreadcrumbList\",\"@id\":\"https:\/\/ingekabel.com\/en\/post-deployment-resource-management\/#breadcrumb\",\"itemListElement\":[{\"@type\":\"ListItem\",\"position\":1,\"name\":\"Portada\",\"item\":\"https:\/\/ingekabel.com\/\"},{\"@type\":\"ListItem\",\"position\":2,\"name\":\"Gesti\u00f3 de recursos post-desplegament\"}]},{\"@type\":\"WebSite\",\"@id\":\"https:\/\/ingekabel.com\/#website\",\"url\":\"https:\/\/ingekabel.com\/\",\"name\":\"Ingekabel\",\"description\":\"Enginyeria de Telecomunicacions\",\"publisher\":{\"@id\":\"https:\/\/ingekabel.com\/#organization\"},\"potentialAction\":[{\"@type\":\"SearchAction\",\"target\":{\"@type\":\"EntryPoint\",\"urlTemplate\":\"https:\/\/ingekabel.com\/?s={search_term_string}\"},\"query-input\":{\"@type\":\"PropertyValueSpecification\",\"valueRequired\":true,\"valueName\":\"search_term_string\"}}],\"inLanguage\":\"ca\"},{\"@type\":\"Organization\",\"@id\":\"https:\/\/ingekabel.com\/#organization\",\"name\":\"Ingekabel Comunicaciones 2.0 SL\",\"url\":\"https:\/\/ingekabel.com\/\",\"logo\":{\"@type\":\"ImageObject\",\"inLanguage\":\"ca\",\"@id\":\"https:\/\/ingekabel.com\/#\/schema\/logo\/image\/\",\"url\":\"https:\/\/ingekabel.com\/wp-content\/uploads\/2021\/05\/cropped-ingekabel-favicon.png\",\"contentUrl\":\"https:\/\/ingekabel.com\/wp-content\/uploads\/2021\/05\/cropped-ingekabel-favicon.png\",\"width\":512,\"height\":512,\"caption\":\"Ingekabel Comunicaciones 2.0 SL\"},\"image\":{\"@id\":\"https:\/\/ingekabel.com\/#\/schema\/logo\/image\/\"},\"sameAs\":[\"https:\/\/es.linkedin.com\/company\/ingekabel-comunicaciones-20-sl\"]}]}<\/script>\n<!-- \/ Yoast SEO plugin. -->","yoast_head_json":{"title":"Gesti\u00f3 de recursos post-desplegament - Ingekabel","robots":{"index":"index","follow":"follow","max-snippet":"max-snippet:-1","max-image-preview":"max-image-preview:large","max-video-preview":"max-video-preview:-1"},"canonical":"https:\/\/ingekabel.com\/en\/post-deployment-resource-management\/","og_locale":"ca_ES","og_type":"article","og_title":"Gesti\u00f3 de recursos post-desplegament - Ingekabel","og_description":"GESTI\u00d3 DE RECURSOS POST-DESPLEGAMENT CLIENT CONNEXIONS MANTENIMENT CONSOLIDACI\u00d3 + AMPLIACI\u00d3 AN\u00c0LISI PER AUGMENTAR LA XARXA Ingekabel ofereix un servei de clau en m\u00e0 per a la gesti\u00f3 d&#8217;altes de nous clients en xarxes de fibra \u00f2ptica actives. Aix\u00f2 vol dir que ens encarreguem de tot el proc\u00e9s, des de la instal\u00b7laci\u00f3 i la gesti\u00f3 fins [&hellip;]","og_url":"https:\/\/ingekabel.com\/en\/post-deployment-resource-management\/","og_site_name":"Ingekabel","article_modified_time":"2025-04-02T09:10:33+00:00","og_image":[{"url":"https:\/\/ingekabel.com\/wp-content\/uploads\/elementor\/thumbs\/arrow1-e1734688817849-qys4zkawajaen5ym3uxo81vgse7ph1cw3whqujja24.png","type":"","width":"","height":""}],"twitter_card":"summary_large_image","twitter_misc":{"Temps estimat de lectura":"2 minuts"},"schema":{"@context":"https:\/\/schema.org","@graph":[{"@type":"WebPage","@id":"https:\/\/ingekabel.com\/en\/post-deployment-resource-management\/","url":"https:\/\/ingekabel.com\/en\/post-deployment-resource-management\/","name":"Gesti\u00f3 de recursos post-desplegament - Ingekabel","isPartOf":{"@id":"https:\/\/ingekabel.com\/#website"},"primaryImageOfPage":{"@id":"https:\/\/ingekabel.com\/en\/post-deployment-resource-management\/#primaryimage"},"image":{"@id":"https:\/\/ingekabel.com\/en\/post-deployment-resource-management\/#primaryimage"},"thumbnailUrl":"https:\/\/ingekabel.com\/wp-content\/uploads\/elementor\/thumbs\/arrow1-e1734688817849-qys4zkawajaen5ym3uxo81vgse7ph1cw3whqujja24.png","datePublished":"2025-02-26T10:37:51+00:00","dateModified":"2025-04-02T09:10:33+00:00","breadcrumb":{"@id":"https:\/\/ingekabel.com\/en\/post-deployment-resource-management\/#breadcrumb"},"inLanguage":"ca","potentialAction":[{"@type":"ReadAction","target":["https:\/\/ingekabel.com\/en\/post-deployment-resource-management\/"]}]},{"@type":"ImageObject","inLanguage":"ca","@id":"https:\/\/ingekabel.com\/en\/post-deployment-resource-management\/#primaryimage","url":"https:\/\/ingekabel.com\/wp-content\/uploads\/elementor\/thumbs\/arrow1-e1734688817849-qys4zkawajaen5ym3uxo81vgse7ph1cw3whqujja24.png","contentUrl":"https:\/\/ingekabel.com\/wp-content\/uploads\/elementor\/thumbs\/arrow1-e1734688817849-qys4zkawajaen5ym3uxo81vgse7ph1cw3whqujja24.png"},{"@type":"BreadcrumbList","@id":"https:\/\/ingekabel.com\/en\/post-deployment-resource-management\/#breadcrumb","itemListElement":[{"@type":"ListItem","position":1,"name":"Portada","item":"https:\/\/ingekabel.com\/"},{"@type":"ListItem","position":2,"name":"Gesti\u00f3 de recursos post-desplegament"}]},{"@type":"WebSite","@id":"https:\/\/ingekabel.com\/#website","url":"https:\/\/ingekabel.com\/","name":"Ingekabel","description":"Enginyeria de Telecomunicacions","publisher":{"@id":"https:\/\/ingekabel.com\/#organization"},"potentialAction":[{"@type":"SearchAction","target":{"@type":"EntryPoint","urlTemplate":"https:\/\/ingekabel.com\/?s={search_term_string}"},"query-input":{"@type":"PropertyValueSpecification","valueRequired":true,"valueName":"search_term_string"}}],"inLanguage":"ca"},{"@type":"Organization","@id":"https:\/\/ingekabel.com\/#organization","name":"Ingekabel Comunicaciones 2.0 SL","url":"https:\/\/ingekabel.com\/","logo":{"@type":"ImageObject","inLanguage":"ca","@id":"https:\/\/ingekabel.com\/#\/schema\/logo\/image\/","url":"https:\/\/ingekabel.com\/wp-content\/uploads\/2021\/05\/cropped-ingekabel-favicon.png","contentUrl":"https:\/\/ingekabel.com\/wp-content\/uploads\/2021\/05\/cropped-ingekabel-favicon.png","width":512,"height":512,"caption":"Ingekabel Comunicaciones 2.0 SL"},"image":{"@id":"https:\/\/ingekabel.com\/#\/schema\/logo\/image\/"},"sameAs":["https:\/\/es.linkedin.com\/company\/ingekabel-comunicaciones-20-sl"]}]}},"_links":{"self":[{"href":"https:\/\/ingekabel.com\/ca\/wp-json\/wp\/v2\/pages\/6561","targetHints":{"allow":["GET"]}}],"collection":[{"href":"https:\/\/ingekabel.com\/ca\/wp-json\/wp\/v2\/pages"}],"about":[{"href":"https:\/\/ingekabel.com\/ca\/wp-json\/wp\/v2\/types\/page"}],"author":[{"embeddable":true,"href":"https:\/\/ingekabel.com\/ca\/wp-json\/wp\/v2\/users\/1"}],"replies":[{"embeddable":true,"href":"https:\/\/ingekabel.com\/ca\/wp-json\/wp\/v2\/comments?post=6561"}],"version-history":[{"count":7,"href":"https:\/\/ingekabel.com\/ca\/wp-json\/wp\/v2\/pages\/6561\/revisions"}],"predecessor-version":[{"id":7159,"href":"https:\/\/ingekabel.com\/ca\/wp-json\/wp\/v2\/pages\/6561\/revisions\/7159"}],"wp:attachment":[{"href":"https:\/\/ingekabel.com\/ca\/wp-json\/wp\/v2\/media?parent=6561"}],"curies":[{"name":"wp","href":"https:\/\/api.w.org\/{rel}","templated":true}]}}