{"id":6559,"date":"2025-02-26T10:36:40","date_gmt":"2025-02-26T10:36:40","guid":{"rendered":"https:\/\/ingekabel.com\/gestio-de-projectes\/"},"modified":"2025-04-07T06:16:36","modified_gmt":"2025-04-07T06:16:36","slug":"gestio-de-projectes","status":"publish","type":"page","link":"https:\/\/ingekabel.com\/ca\/gestio-de-projectes\/","title":{"rendered":"Gesti\u00f3 de projectes"},"content":{"rendered":"\t\t<div data-elementor-type=\"wp-page\" data-elementor-id=\"6559\" class=\"elementor elementor-6559 elementor-1697\" data-elementor-settings=\"{&quot;ha_cmc_init_switcher&quot;:&quot;no&quot;}\" data-elementor-post-type=\"page\">\n\t\t\t\t\t\t<section class=\"elementor-section elementor-top-section elementor-element elementor-element-aa15bf5 elementor-section-boxed elementor-section-height-default elementor-section-height-default\" data-id=\"aa15bf5\" data-element_type=\"section\" data-e-type=\"section\" data-settings=\"{&quot;background_background&quot;:&quot;classic&quot;,&quot;_ha_eqh_enable&quot;:false}\">\n\t\t\t\t\t\t\t<div class=\"elementor-background-overlay\"><\/div>\n\t\t\t\t\t\t\t<div class=\"elementor-container elementor-column-gap-no\">\n\t\t\t\t\t<div class=\"elementor-column elementor-col-50 elementor-top-column elementor-element elementor-element-3cadf1e\" data-id=\"3cadf1e\" data-element_type=\"column\" data-e-type=\"column\">\n\t\t\t<div class=\"elementor-widget-wrap elementor-element-populated\">\n\t\t\t\t\t\t<div class=\"elementor-element elementor-element-3dc8b75 jkit-equal-height-disable elementor-invisible elementor-widget elementor-widget-jkit_icon_box\" data-id=\"3dc8b75\" data-element_type=\"widget\" data-e-type=\"widget\" data-settings=\"{&quot;_animation&quot;:&quot;fadeIn&quot;,&quot;_animation_delay&quot;:100}\" data-widget_type=\"jkit_icon_box.default\">\n\t\t\t\t<div class=\"elementor-widget-container\">\n\t\t\t\t\t<div  class=\"jeg-elementor-kit jkit-icon-box icon-position-top elementor-animation- jeg_module___6a0467f085b00\" ><div class=\"jkit-icon-box-wrapper hover-from-left\"><div class=\"icon-box icon-box-header elementor-animation-\"><div class=\"icon style-color\"><i aria-hidden=\"true\" class=\"hm hm-add-group\"><\/i><\/div><\/div><div class=\"icon-box icon-box-body\">\n                <h2 class=\"title\">GESTI\u00d3 DE PROJECTES<\/h2><p class=\"icon-box-description\">AUDITORIES<br \/>\n<br \/>\nGESTI\u00d3 DE DESPLEGAMENT<br \/>\n<br \/>\nSERVEIS DE BACKOFFICE<br \/>\n<br \/>\nPERMISOS<\/p>\n            <\/div>\n            \n            <\/div><\/div>\t\t\t\t<\/div>\n\t\t\t\t<\/div>\n\t\t\t\t\t<\/div>\n\t\t<\/div>\n\t\t\t\t<div class=\"elementor-column elementor-col-50 elementor-top-column elementor-element elementor-element-ba499b7\" data-id=\"ba499b7\" data-element_type=\"column\" data-e-type=\"column\">\n\t\t\t<div class=\"elementor-widget-wrap elementor-element-populated\">\n\t\t\t\t\t\t<div class=\"elementor-element elementor-element-e51a00c elementor-widget elementor-widget-text-editor\" data-id=\"e51a00c\" data-element_type=\"widget\" data-e-type=\"widget\" data-widget_type=\"text-editor.default\">\n\t\t\t\t<div class=\"elementor-widget-container\">\n\t\t\t\t\t\t\t\t\t<p>Serveis Integrals d&#8217;Organitzaci\u00f3, Gesti\u00f3 i Suport<\/p>\n<p style=\"margin-bottom: 0;\">Oferim solucions completes que inclouen:<\/p>\n<ul>\n<li>Certificaci\u00f3 i auditoria segons els criteris establerts pel client, prove\u00efdor i les normatives.<\/li>\n<li>Gesti\u00f3 d&#8217;implementaci\u00f3, que inclou:\n<ul>\n<li><strong>Obtenci\u00f3 dels permisos necessaris.<\/strong><\/li>\n<li><strong>Notificaci\u00f3 de les zones en execuci\u00f3.<\/strong><\/li>\n<li><strong>Gesti\u00f3 d&#8217;inventari mancant.<\/strong><\/li>\n<li><strong>Informes de danys i bloquejos a la xarxa del client.<\/strong><\/li>\n<li><strong>Recuperaci\u00f3 de costs d&#8217;obres civils a la xarxa del client.<\/strong><\/li>\n<li><strong>Documentaci\u00f3 conforme a la construcci\u00f3 realitzada.<\/strong><\/li>\n<\/ul>\n<\/li>\n<\/ul>\n<p><br><\/p><p>Ingekabel no nom\u00e9s s&#8217;encarrega de les fases clau del disseny de xarxes, sin\u00f3 que tamb\u00e9 gestiona m\u00faltiples processos addicionals per assegurar una administraci\u00f3 eficient i personalitzada de cada projecte. Utilitzem <i>Power Automate<\/i> per processar i presentar dades actualitzades en temps real, les quals s\u00f3n accessibles tant pel client com pels col\u00b7laboradors involucrats.<\/p>\n<blockquote>\n<p><i>Confieu en la nostra experi\u00e8ncia per tal d\u2019optimitzar cada etapa del vostre desplegament.<\/i><\/p>\n<\/blockquote>\t\t\t\t\t\t\t\t<\/div>\n\t\t\t\t<\/div>\n\t\t\t\t<div class=\"elementor-element elementor-element-fcf6453 slider-img-proyectos elementor-widget elementor-widget-prime-slider-general\" data-id=\"fcf6453\" data-element_type=\"widget\" data-e-type=\"widget\" data-widget_type=\"prime-slider-general.default\">\n\t\t\t\t<div class=\"elementor-widget-container\">\n\t\t\t\t\t\t\t<div class=\"bdt-prime-slider\">\n\t\t\t<div class=\"bdt-prime-slider-skin-general\">\n\t\t\t\t<div class=\"bdt-position-relative bdt-visible-toggle\" bdt-slideshow=\"{&quot;animation&quot;:&quot;fade&quot;,&quot;ratio&quot;:&quot;1:1&quot;,&quot;min-height&quot;:50,&quot;autoplay&quot;:true,&quot;autoplay-interval&quot;:5000,&quot;pause-on-hover&quot;:false,&quot;draggable&quot;:false,&quot;velocity&quot;:0.5,&quot;finite&quot;:false}\" data-settings=\"{&quot;id&quot;:&quot;#bdt-fcf6453&quot;,&quot;animation_status&quot;:&quot;no&quot;}\" id=\"bdt-fcf6453\">\n\t\t\t\t\t<ul class=\"bdt-slideshow-items\">\n\t\t\t\t\t\t\n\t\t\t<li\n\t\t\t\tclass=\"bdt-slideshow-item bdt-flex bdt-flex-middle bdt-flex-center elementor-repeater-item-7ae2d74\">\n\t\t\t\t\t\t\t\t\t<div\n\t\t\t\t\t\tclass=\"bdt-position-cover bdt-animation-kenburns bdt-transform-origin-center-left\">\n\t\t\t\t\t\n\t\t\t\t\t\t\t\t\t\t\t\n\t\t<div class=\"bdt-ps-slide-img\" style=\"background-image: url('https:\/\/ingekabel.com\/wp-content\/uploads\/2024\/12\/3.3_APX_DESPLEGAMENT_WB2-02.jpg')\"><\/div>\n\n\t\t\t\t\t\t\t\n\t\t\t\t\t\t\t\t\t\t<\/div>\n\t\t\t\t\n\t\t\t\t\n\t\t\t\t\t\t<div class=\"bdt-prime-slider-wrapper\">\n\t\t\t<div class=\"bdt-prime-slider-content\">\n\t\t\t\t<div class=\"bdt-prime-slider-desc\">\n\n\t\t\t\t\t\n\t\t\t\t\t\n\t\t\t\t\t\n\t\t\t\t\t<div >\n\t\t\t\t\t\t<div class=\"bdt-btn-wrapper\">\n\t\t\t\t\t\t\t\t\t\t\t\t\t<\/div>\n\t\t\t\t\t<\/div>\n\t\t\t\t<\/div>\n\n\t\t\t\t\n\t\t\t<\/div>\n\t\t<\/div>\n\t\t\t\t\t<\/li>\n\n\t\t\n\t\t\t<li\n\t\t\t\tclass=\"bdt-slideshow-item bdt-flex bdt-flex-middle bdt-flex-center elementor-repeater-item-b3ecc16\">\n\t\t\t\t\t\t\t\t\t<div\n\t\t\t\t\t\tclass=\"bdt-position-cover bdt-animation-kenburns bdt-transform-origin-center-left\">\n\t\t\t\t\t\n\t\t\t\t\t\t\t\t\t\t\t\n\t\t<div class=\"bdt-ps-slide-img\" style=\"background-image: url('https:\/\/ingekabel.com\/wp-content\/uploads\/2024\/12\/3.3_CERTI_SB.jpg')\"><\/div>\n\n\t\t\t\t\t\t\t\n\t\t\t\t\t\t\t\t\t\t<\/div>\n\t\t\t\t\n\t\t\t\t\n\t\t\t\t\t\t<div class=\"bdt-prime-slider-wrapper\">\n\t\t\t<div class=\"bdt-prime-slider-content bdt-prime-slider-content\">\n\t\t\t\t<div class=\"bdt-prime-slider-desc\">\n\n\t\t\t\t\t\n\t\t\t\t\t\n\t\t\t\t\t\n\t\t\t\t\t<div >\n\t\t\t\t\t\t<div class=\"bdt-btn-wrapper\">\n\t\t\t\t\t\t\t\t\t\t\t\t\t<\/div>\n\t\t\t\t\t<\/div>\n\t\t\t\t<\/div>\n\n\t\t\t\t\n\t\t\t<\/div>\n\t\t<\/div>\n\t\t\t\t\t<\/li>\n\n\t\t\n\t\t\t<li\n\t\t\t\tclass=\"bdt-slideshow-item bdt-flex bdt-flex-middle bdt-flex-center elementor-repeater-item-e8ea638\">\n\t\t\t\t\t\t\t\t\t<div\n\t\t\t\t\t\tclass=\"bdt-position-cover bdt-animation-kenburns bdt-transform-origin-center-left\">\n\t\t\t\t\t\n\t\t\t\t\t\t\t\t\t\t\t\n\t\t<div class=\"bdt-ps-slide-img\" style=\"background-image: url('https:\/\/ingekabel.com\/wp-content\/uploads\/2024\/12\/3.3_NOI_LIFE_2023.jpg')\"><\/div>\n\n\t\t\t\t\t\t\t\n\t\t\t\t\t\t\t\t\t\t<\/div>\n\t\t\t\t\n\t\t\t\t\n\t\t\t\t\t\t<div class=\"bdt-prime-slider-wrapper\">\n\t\t\t<div class=\"bdt-prime-slider-content bdt-prime-slider-content bdt-prime-slider-content\">\n\t\t\t\t<div class=\"bdt-prime-slider-desc\">\n\n\t\t\t\t\t\n\t\t\t\t\t\n\t\t\t\t\t\n\t\t\t\t\t<div >\n\t\t\t\t\t\t<div class=\"bdt-btn-wrapper\">\n\t\t\t\t\t\t\t\t\t\t\t\t\t<\/div>\n\t\t\t\t\t<\/div>\n\t\t\t\t<\/div>\n\n\t\t\t\t\n\t\t\t<\/div>\n\t\t<\/div>\n\t\t\t\t\t<\/li>\n\n\t\t\n\t\t\t<li\n\t\t\t\tclass=\"bdt-slideshow-item bdt-flex bdt-flex-middle bdt-flex-center elementor-repeater-item-326d195\">\n\t\t\t\t\t\t\t\t\t<div\n\t\t\t\t\t\tclass=\"bdt-position-cover bdt-animation-kenburns bdt-transform-origin-center-left\">\n\t\t\t\t\t\n\t\t\t\t\t\t\t\t\t\t\t\n\t\t<div class=\"bdt-ps-slide-img\" style=\"background-image: url('https:\/\/ingekabel.com\/wp-content\/uploads\/2024\/12\/3.3_TRACKER.jpg')\"><\/div>\n\n\t\t\t\t\t\t\t\n\t\t\t\t\t\t\t\t\t\t<\/div>\n\t\t\t\t\n\t\t\t\t\n\t\t\t\t\t\t<div class=\"bdt-prime-slider-wrapper\">\n\t\t\t<div class=\"bdt-prime-slider-content bdt-prime-slider-content bdt-prime-slider-content bdt-prime-slider-content\">\n\t\t\t\t<div class=\"bdt-prime-slider-desc\">\n\n\t\t\t\t\t\n\t\t\t\t\t\n\t\t\t\t\t\n\t\t\t\t\t<div >\n\t\t\t\t\t\t<div class=\"bdt-btn-wrapper\">\n\t\t\t\t\t\t\t\t\t\t\t\t\t<\/div>\n\t\t\t\t\t<\/div>\n\t\t\t\t<\/div>\n\n\t\t\t\t\n\t\t\t<\/div>\n\t\t<\/div>\n\t\t\t\t\t<\/li>\n\n\t\t\n\t\t\t<li\n\t\t\t\tclass=\"bdt-slideshow-item bdt-flex bdt-flex-middle bdt-flex-center elementor-repeater-item-93b2346\">\n\t\t\t\t\t\t\t\t\t<div\n\t\t\t\t\t\tclass=\"bdt-position-cover bdt-animation-kenburns bdt-transform-origin-center-left\">\n\t\t\t\t\t\n\t\t\t\t\t\t\t\t\t\t\t\n\t\t<div class=\"bdt-ps-slide-img\" style=\"background-image: url('https:\/\/ingekabel.com\/wp-content\/uploads\/2024\/12\/3.3_A55.jpg')\"><\/div>\n\n\t\t\t\t\t\t\t\n\t\t\t\t\t\t\t\t\t\t<\/div>\n\t\t\t\t\n\t\t\t\t\n\t\t\t\t\t\t<div class=\"bdt-prime-slider-wrapper\">\n\t\t\t<div class=\"bdt-prime-slider-content bdt-prime-slider-content bdt-prime-slider-content bdt-prime-slider-content bdt-prime-slider-content\">\n\t\t\t\t<div class=\"bdt-prime-slider-desc\">\n\n\t\t\t\t\t\n\t\t\t\t\t\n\t\t\t\t\t\n\t\t\t\t\t<div >\n\t\t\t\t\t\t<div class=\"bdt-btn-wrapper\">\n\t\t\t\t\t\t\t\t\t\t\t\t\t<\/div>\n\t\t\t\t\t<\/div>\n\t\t\t\t<\/div>\n\n\t\t\t\t\n\t\t\t<\/div>\n\t\t<\/div>\n\t\t\t\t\t<\/li>\n\n\t\t\n\t\t\t\t\t<\/ul>\n\t\t\t\t\t\n\t\t\t\t\t\t\t\t<div class=\"reveal-muted\">\n\t\t\t\t<a class=\"bdt-position-bottom-right bdt-prime-slider-previous\" href=\"#\" bdt-slidenav-previous\n\t\t\t\t\tbdt-slideshow-item=\"previous\"><\/a>\n\t\t\t\t<a class=\"bdt-position-bottom-right bdt-prime-slider-next\" href=\"#\" bdt-slidenav-next bdt-slideshow-item=\"next\"><\/a>\n\t\t\t<\/div>\n\n\t\t\n\t\t\t\t\t\t\t\n\t\t\n\t\t\t\t\t\t<\/div>\n\t\t\t\t\t\t\t\t\t\t\t<\/div>\n\t\t<\/div>\n\t\t\t\t\t\t<\/div>\n\t\t\t\t<\/div>\n\t\t\t\t<div class=\"elementor-element elementor-element-313df05 elementor-widget elementor-widget-image\" data-id=\"313df05\" data-element_type=\"widget\" data-e-type=\"widget\" data-widget_type=\"image.default\">\n\t\t\t\t<div class=\"elementor-widget-container\">\n\t\t\t\t\t\t\t\t\t\t\t\t\t\t\t\t<a href=\"https:\/\/ingekabel.com\/ca\/#servicios\">\n\t\t\t\t\t\t\t<img decoding=\"async\" src=\"https:\/\/ingekabel.com\/wp-content\/uploads\/elementor\/thumbs\/arrow1-e1734688817849-qys4zkawajaen5ym3uxo81vgse7ph1cw3whqujja24.png\" title=\"arrow1\" alt=\"arrow1\" loading=\"lazy\" \/>\t\t\t\t\t\t\t\t<\/a>\n\t\t\t\t\t\t\t\t\t\t\t\t\t\t\t<\/div>\n\t\t\t\t<\/div>\n\t\t\t\t\t<\/div>\n\t\t<\/div>\n\t\t\t\t\t<\/div>\n\t\t<\/section>\n\t\t\t\t<\/div>\n\t\t","protected":false},"excerpt":{"rendered":"<p>GESTI\u00d3 DE PROJECTES AUDITORIES GESTI\u00d3 DE DESPLEGAMENT SERVEIS DE BACKOFFICE PERMISOS Serveis Integrals d&#8217;Organitzaci\u00f3, Gesti\u00f3 i Suport Oferim solucions completes que inclouen: Certificaci\u00f3 i auditoria segons els criteris establerts pel client, prove\u00efdor i les normatives. Gesti\u00f3 d&#8217;implementaci\u00f3, que inclou: Obtenci\u00f3 dels permisos necessaris. Notificaci\u00f3 de les zones en execuci\u00f3. Gesti\u00f3 d&#8217;inventari mancant. Informes de danys [&hellip;]<\/p>\n","protected":false},"author":1,"featured_media":0,"parent":0,"menu_order":0,"comment_status":"closed","ping_status":"closed","template":"elementor_header_footer","meta":{"footnotes":""},"class_list":["post-6559","page","type-page","status-publish","hentry"],"yoast_head":"<!-- This site is optimized with the Yoast SEO plugin v25.3 - https:\/\/yoast.com\/wordpress\/plugins\/seo\/ -->\n<title>Gesti\u00f3 de projectes - Ingekabel<\/title>\n<meta name=\"robots\" content=\"index, follow, max-snippet:-1, max-image-preview:large, max-video-preview:-1\" \/>\n<link rel=\"canonical\" href=\"https:\/\/ingekabel.com\/gestion-proyectos\/\" \/>\n<meta property=\"og:locale\" content=\"ca_ES\" \/>\n<meta property=\"og:type\" content=\"article\" \/>\n<meta property=\"og:title\" content=\"Gesti\u00f3 de projectes - Ingekabel\" \/>\n<meta property=\"og:description\" content=\"GESTI\u00d3 DE PROJECTES AUDITORIES GESTI\u00d3 DE DESPLEGAMENT SERVEIS DE BACKOFFICE PERMISOS Serveis Integrals d&#8217;Organitzaci\u00f3, Gesti\u00f3 i Suport Oferim solucions completes que inclouen: Certificaci\u00f3 i auditoria segons els criteris establerts pel client, prove\u00efdor i les normatives. Gesti\u00f3 d&#8217;implementaci\u00f3, que inclou: Obtenci\u00f3 dels permisos necessaris. Notificaci\u00f3 de les zones en execuci\u00f3. Gesti\u00f3 d&#8217;inventari mancant. Informes de danys [&hellip;]\" \/>\n<meta property=\"og:url\" content=\"https:\/\/ingekabel.com\/gestion-proyectos\/\" \/>\n<meta property=\"og:site_name\" content=\"Ingekabel\" \/>\n<meta property=\"article:modified_time\" content=\"2025-04-07T06:16:36+00:00\" \/>\n<meta property=\"og:image\" content=\"https:\/\/ingekabel.com\/wp-content\/uploads\/elementor\/thumbs\/arrow1-e1734688817849-qys4zkawajaen5ym3uxo81vgse7ph1cw3whqujja24.png\" \/>\n<meta name=\"twitter:card\" content=\"summary_large_image\" \/>\n<meta name=\"twitter:label1\" content=\"Temps estimat de lectura\" \/>\n\t<meta name=\"twitter:data1\" content=\"1 minut\" \/>\n<script type=\"application\/ld+json\" class=\"yoast-schema-graph\">{\"@context\":\"https:\/\/schema.org\",\"@graph\":[{\"@type\":\"WebPage\",\"@id\":\"https:\/\/ingekabel.com\/gestion-proyectos\/\",\"url\":\"https:\/\/ingekabel.com\/gestion-proyectos\/\",\"name\":\"Gesti\u00f3 de projectes - Ingekabel\",\"isPartOf\":{\"@id\":\"https:\/\/ingekabel.com\/#website\"},\"primaryImageOfPage\":{\"@id\":\"https:\/\/ingekabel.com\/gestion-proyectos\/#primaryimage\"},\"image\":{\"@id\":\"https:\/\/ingekabel.com\/gestion-proyectos\/#primaryimage\"},\"thumbnailUrl\":\"https:\/\/ingekabel.com\/wp-content\/uploads\/elementor\/thumbs\/arrow1-e1734688817849-qys4zkawajaen5ym3uxo81vgse7ph1cw3whqujja24.png\",\"datePublished\":\"2025-02-26T10:36:40+00:00\",\"dateModified\":\"2025-04-07T06:16:36+00:00\",\"breadcrumb\":{\"@id\":\"https:\/\/ingekabel.com\/gestion-proyectos\/#breadcrumb\"},\"inLanguage\":\"ca\",\"potentialAction\":[{\"@type\":\"ReadAction\",\"target\":[\"https:\/\/ingekabel.com\/gestion-proyectos\/\"]}]},{\"@type\":\"ImageObject\",\"inLanguage\":\"ca\",\"@id\":\"https:\/\/ingekabel.com\/gestion-proyectos\/#primaryimage\",\"url\":\"https:\/\/ingekabel.com\/wp-content\/uploads\/elementor\/thumbs\/arrow1-e1734688817849-qys4zkawajaen5ym3uxo81vgse7ph1cw3whqujja24.png\",\"contentUrl\":\"https:\/\/ingekabel.com\/wp-content\/uploads\/elementor\/thumbs\/arrow1-e1734688817849-qys4zkawajaen5ym3uxo81vgse7ph1cw3whqujja24.png\"},{\"@type\":\"BreadcrumbList\",\"@id\":\"https:\/\/ingekabel.com\/gestion-proyectos\/#breadcrumb\",\"itemListElement\":[{\"@type\":\"ListItem\",\"position\":1,\"name\":\"Portada\",\"item\":\"https:\/\/ingekabel.com\/\"},{\"@type\":\"ListItem\",\"position\":2,\"name\":\"Gesti\u00f3 de projectes\"}]},{\"@type\":\"WebSite\",\"@id\":\"https:\/\/ingekabel.com\/#website\",\"url\":\"https:\/\/ingekabel.com\/\",\"name\":\"Ingekabel\",\"description\":\"Enginyeria de Telecomunicacions\",\"publisher\":{\"@id\":\"https:\/\/ingekabel.com\/#organization\"},\"potentialAction\":[{\"@type\":\"SearchAction\",\"target\":{\"@type\":\"EntryPoint\",\"urlTemplate\":\"https:\/\/ingekabel.com\/?s={search_term_string}\"},\"query-input\":{\"@type\":\"PropertyValueSpecification\",\"valueRequired\":true,\"valueName\":\"search_term_string\"}}],\"inLanguage\":\"ca\"},{\"@type\":\"Organization\",\"@id\":\"https:\/\/ingekabel.com\/#organization\",\"name\":\"Ingekabel Comunicaciones 2.0 SL\",\"url\":\"https:\/\/ingekabel.com\/\",\"logo\":{\"@type\":\"ImageObject\",\"inLanguage\":\"ca\",\"@id\":\"https:\/\/ingekabel.com\/#\/schema\/logo\/image\/\",\"url\":\"https:\/\/ingekabel.com\/wp-content\/uploads\/2021\/05\/cropped-ingekabel-favicon.png\",\"contentUrl\":\"https:\/\/ingekabel.com\/wp-content\/uploads\/2021\/05\/cropped-ingekabel-favicon.png\",\"width\":512,\"height\":512,\"caption\":\"Ingekabel Comunicaciones 2.0 SL\"},\"image\":{\"@id\":\"https:\/\/ingekabel.com\/#\/schema\/logo\/image\/\"},\"sameAs\":[\"https:\/\/es.linkedin.com\/company\/ingekabel-comunicaciones-20-sl\"]}]}<\/script>\n<!-- \/ Yoast SEO plugin. -->","yoast_head_json":{"title":"Gesti\u00f3 de projectes - Ingekabel","robots":{"index":"index","follow":"follow","max-snippet":"max-snippet:-1","max-image-preview":"max-image-preview:large","max-video-preview":"max-video-preview:-1"},"canonical":"https:\/\/ingekabel.com\/gestion-proyectos\/","og_locale":"ca_ES","og_type":"article","og_title":"Gesti\u00f3 de projectes - Ingekabel","og_description":"GESTI\u00d3 DE PROJECTES AUDITORIES GESTI\u00d3 DE DESPLEGAMENT SERVEIS DE BACKOFFICE PERMISOS Serveis Integrals d&#8217;Organitzaci\u00f3, Gesti\u00f3 i Suport Oferim solucions completes que inclouen: Certificaci\u00f3 i auditoria segons els criteris establerts pel client, prove\u00efdor i les normatives. Gesti\u00f3 d&#8217;implementaci\u00f3, que inclou: Obtenci\u00f3 dels permisos necessaris. Notificaci\u00f3 de les zones en execuci\u00f3. Gesti\u00f3 d&#8217;inventari mancant. Informes de danys [&hellip;]","og_url":"https:\/\/ingekabel.com\/gestion-proyectos\/","og_site_name":"Ingekabel","article_modified_time":"2025-04-07T06:16:36+00:00","og_image":[{"url":"https:\/\/ingekabel.com\/wp-content\/uploads\/elementor\/thumbs\/arrow1-e1734688817849-qys4zkawajaen5ym3uxo81vgse7ph1cw3whqujja24.png","type":"","width":"","height":""}],"twitter_card":"summary_large_image","twitter_misc":{"Temps estimat de lectura":"1 minut"},"schema":{"@context":"https:\/\/schema.org","@graph":[{"@type":"WebPage","@id":"https:\/\/ingekabel.com\/gestion-proyectos\/","url":"https:\/\/ingekabel.com\/gestion-proyectos\/","name":"Gesti\u00f3 de projectes - Ingekabel","isPartOf":{"@id":"https:\/\/ingekabel.com\/#website"},"primaryImageOfPage":{"@id":"https:\/\/ingekabel.com\/gestion-proyectos\/#primaryimage"},"image":{"@id":"https:\/\/ingekabel.com\/gestion-proyectos\/#primaryimage"},"thumbnailUrl":"https:\/\/ingekabel.com\/wp-content\/uploads\/elementor\/thumbs\/arrow1-e1734688817849-qys4zkawajaen5ym3uxo81vgse7ph1cw3whqujja24.png","datePublished":"2025-02-26T10:36:40+00:00","dateModified":"2025-04-07T06:16:36+00:00","breadcrumb":{"@id":"https:\/\/ingekabel.com\/gestion-proyectos\/#breadcrumb"},"inLanguage":"ca","potentialAction":[{"@type":"ReadAction","target":["https:\/\/ingekabel.com\/gestion-proyectos\/"]}]},{"@type":"ImageObject","inLanguage":"ca","@id":"https:\/\/ingekabel.com\/gestion-proyectos\/#primaryimage","url":"https:\/\/ingekabel.com\/wp-content\/uploads\/elementor\/thumbs\/arrow1-e1734688817849-qys4zkawajaen5ym3uxo81vgse7ph1cw3whqujja24.png","contentUrl":"https:\/\/ingekabel.com\/wp-content\/uploads\/elementor\/thumbs\/arrow1-e1734688817849-qys4zkawajaen5ym3uxo81vgse7ph1cw3whqujja24.png"},{"@type":"BreadcrumbList","@id":"https:\/\/ingekabel.com\/gestion-proyectos\/#breadcrumb","itemListElement":[{"@type":"ListItem","position":1,"name":"Portada","item":"https:\/\/ingekabel.com\/"},{"@type":"ListItem","position":2,"name":"Gesti\u00f3 de projectes"}]},{"@type":"WebSite","@id":"https:\/\/ingekabel.com\/#website","url":"https:\/\/ingekabel.com\/","name":"Ingekabel","description":"Enginyeria de Telecomunicacions","publisher":{"@id":"https:\/\/ingekabel.com\/#organization"},"potentialAction":[{"@type":"SearchAction","target":{"@type":"EntryPoint","urlTemplate":"https:\/\/ingekabel.com\/?s={search_term_string}"},"query-input":{"@type":"PropertyValueSpecification","valueRequired":true,"valueName":"search_term_string"}}],"inLanguage":"ca"},{"@type":"Organization","@id":"https:\/\/ingekabel.com\/#organization","name":"Ingekabel Comunicaciones 2.0 SL","url":"https:\/\/ingekabel.com\/","logo":{"@type":"ImageObject","inLanguage":"ca","@id":"https:\/\/ingekabel.com\/#\/schema\/logo\/image\/","url":"https:\/\/ingekabel.com\/wp-content\/uploads\/2021\/05\/cropped-ingekabel-favicon.png","contentUrl":"https:\/\/ingekabel.com\/wp-content\/uploads\/2021\/05\/cropped-ingekabel-favicon.png","width":512,"height":512,"caption":"Ingekabel Comunicaciones 2.0 SL"},"image":{"@id":"https:\/\/ingekabel.com\/#\/schema\/logo\/image\/"},"sameAs":["https:\/\/es.linkedin.com\/company\/ingekabel-comunicaciones-20-sl"]}]}},"_links":{"self":[{"href":"https:\/\/ingekabel.com\/ca\/wp-json\/wp\/v2\/pages\/6559","targetHints":{"allow":["GET"]}}],"collection":[{"href":"https:\/\/ingekabel.com\/ca\/wp-json\/wp\/v2\/pages"}],"about":[{"href":"https:\/\/ingekabel.com\/ca\/wp-json\/wp\/v2\/types\/page"}],"author":[{"embeddable":true,"href":"https:\/\/ingekabel.com\/ca\/wp-json\/wp\/v2\/users\/1"}],"replies":[{"embeddable":true,"href":"https:\/\/ingekabel.com\/ca\/wp-json\/wp\/v2\/comments?post=6559"}],"version-history":[{"count":23,"href":"https:\/\/ingekabel.com\/ca\/wp-json\/wp\/v2\/pages\/6559\/revisions"}],"predecessor-version":[{"id":7210,"href":"https:\/\/ingekabel.com\/ca\/wp-json\/wp\/v2\/pages\/6559\/revisions\/7210"}],"wp:attachment":[{"href":"https:\/\/ingekabel.com\/ca\/wp-json\/wp\/v2\/media?parent=6559"}],"curies":[{"name":"wp","href":"https:\/\/api.w.org\/{rel}","templated":true}]}}