{"id":6555,"date":"2025-02-26T10:23:58","date_gmt":"2025-02-26T10:23:58","guid":{"rendered":"https:\/\/ingekabel.com\/arreu-del-mon\/"},"modified":"2025-05-06T11:16:23","modified_gmt":"2025-05-06T11:16:23","slug":"arreu-del-mon","status":"publish","type":"page","link":"https:\/\/ingekabel.com\/ca\/arreu-del-mon\/","title":{"rendered":"Arreu del m\u00f3n"},"content":{"rendered":"\t\t<div data-elementor-type=\"wp-page\" data-elementor-id=\"6555\" class=\"elementor elementor-6555 elementor-1893\" data-elementor-settings=\"{&quot;ha_cmc_init_switcher&quot;:&quot;no&quot;}\" data-elementor-post-type=\"page\">\n\t\t\t\t<div class=\"elementor-element elementor-element-938e849 e-ecs-flex e-flex e-con-boxed e-con e-parent\" data-id=\"938e849\" data-element_type=\"container\" data-e-type=\"container\" data-settings=\"{&quot;ecs_container_type&quot;:&quot;flex&quot;,&quot;_ha_eqh_enable&quot;:false}\">\n\t\t\t\t\t<div class=\"e-con-inner\">\n\t\t\t\t<div class=\"elementor-element elementor-element-7ddd025 elementor-hidden-desktop elementor-widget elementor-widget-heading\" data-id=\"7ddd025\" data-element_type=\"widget\" data-e-type=\"widget\" data-widget_type=\"heading.default\">\n\t\t\t\t<div class=\"elementor-widget-container\">\n\t\t\t\t\t<h3 class=\"elementor-heading-title elementor-size-default\">Arreu del m\u00f3n<\/h3>\t\t\t\t<\/div>\n\t\t\t\t<\/div>\n\t\t\t\t\t<\/div>\n\t\t\t\t<\/div>\n\t\t<div class=\"elementor-element elementor-element-d80840b e-con-full proyecto-animation e-ecs-flex e-flex e-con e-parent\" data-id=\"d80840b\" data-element_type=\"container\" data-e-type=\"container\" id=\"proyecto-worldwide\" data-settings=\"{&quot;background_background&quot;:&quot;classic&quot;,&quot;ecs_container_type&quot;:&quot;flex&quot;,&quot;_ha_eqh_enable&quot;:false}\">\n\t\t\t\t<div class=\"elementor-element elementor-element-2567b16 elementor-widget__width-initial elementor-hidden-tablet elementor-hidden-mobile ha-has-bg-overlay elementor-widget elementor-widget-image\" data-id=\"2567b16\" data-element_type=\"widget\" data-e-type=\"widget\" data-settings=\"{&quot;_animation&quot;:&quot;none&quot;}\" data-widget_type=\"image.default\">\n\t\t\t\t<div class=\"elementor-widget-container\">\n\t\t\t\t\t\t\t\t\t\t\t\t\t\t\t<img fetchpriority=\"high\" decoding=\"async\" width=\"1920\" height=\"1920\" src=\"https:\/\/ingekabel.com\/wp-content\/uploads\/2024\/12\/mapa-mundial.jpg\" class=\"attachment-full size-full wp-image-5131\" alt=\"\" srcset=\"https:\/\/ingekabel.com\/wp-content\/uploads\/2024\/12\/mapa-mundial.jpg 1920w, https:\/\/ingekabel.com\/wp-content\/uploads\/2024\/12\/mapa-mundial-300x300.jpg 300w, https:\/\/ingekabel.com\/wp-content\/uploads\/2024\/12\/mapa-mundial-1024x1024.jpg 1024w, https:\/\/ingekabel.com\/wp-content\/uploads\/2024\/12\/mapa-mundial-150x150.jpg 150w, https:\/\/ingekabel.com\/wp-content\/uploads\/2024\/12\/mapa-mundial-768x768.jpg 768w, https:\/\/ingekabel.com\/wp-content\/uploads\/2024\/12\/mapa-mundial-1536x1536.jpg 1536w\" sizes=\"(max-width: 1920px) 100vw, 1920px\" \/>\t\t\t\t\t\t\t\t\t\t\t\t\t\t\t<\/div>\n\t\t\t\t<\/div>\n\t\t<div class=\"elementor-element elementor-element-74427f1 e-con-full e-ecs-flex e-flex e-con e-child\" data-id=\"74427f1\" data-element_type=\"container\" data-e-type=\"container\" data-settings=\"{&quot;background_background&quot;:&quot;classic&quot;,&quot;animation&quot;:&quot;none&quot;,&quot;animation_delay&quot;:200,&quot;ecs_container_type&quot;:&quot;flex&quot;,&quot;_ha_eqh_enable&quot;:false}\">\n\t\t\t\t<div class=\"elementor-element elementor-element-ea8032d elementor-hidden-tablet elementor-hidden-mobile elementor-widget elementor-widget-heading\" data-id=\"ea8032d\" data-element_type=\"widget\" data-e-type=\"widget\" data-widget_type=\"heading.default\">\n\t\t\t\t<div class=\"elementor-widget-container\">\n\t\t\t\t\t<h3 class=\"elementor-heading-title elementor-size-default\">Arreu del m\u00f3n<\/h3>\t\t\t\t<\/div>\n\t\t\t\t<\/div>\n\t\t<div class=\"elementor-element elementor-element-d7690f8 e-grid e-con-full elementor-hidden-mobile e-ecs-flex e-con e-child\" data-id=\"d7690f8\" data-element_type=\"container\" data-e-type=\"container\" data-settings=\"{&quot;background_background&quot;:&quot;classic&quot;,&quot;ecs_container_type&quot;:&quot;flex&quot;,&quot;_ha_eqh_enable&quot;:false}\">\n\t\t\t\t<div class=\"elementor-element elementor-element-f45e620 elementor-widget elementor-widget-heading\" data-id=\"f45e620\" data-element_type=\"widget\" data-e-type=\"widget\" data-widget_type=\"heading.default\">\n\t\t\t\t<div class=\"elementor-widget-container\">\n\t\t\t\t\t<h2 class=\"elementor-heading-title elementor-size-default\">Am\u00e8rica Central    &nbsp;&nbsp;&nbsp;          <span class=\"barra\"><\/span>  &nbsp;&nbsp;&nbsp;       Sud Atl\u00e0ntic    &nbsp;&nbsp;&nbsp;      <span class=\"barra\"><\/span>     &nbsp;&nbsp;&nbsp;        Orient Mitj\u00e0<\/h2>\t\t\t\t<\/div>\n\t\t\t\t<\/div>\n\t\t\t\t<\/div>\n\t\t<div class=\"elementor-element elementor-element-11e9382 e-grid e-con-full elementor-hidden-desktop elementor-hidden-tablet e-ecs-flex e-con e-child\" data-id=\"11e9382\" data-element_type=\"container\" data-e-type=\"container\" data-settings=\"{&quot;background_background&quot;:&quot;classic&quot;,&quot;ecs_container_type&quot;:&quot;flex&quot;,&quot;_ha_eqh_enable&quot;:false}\">\n\t\t\t\t<div class=\"elementor-element elementor-element-9354c59 elementor-widget elementor-widget-heading\" data-id=\"9354c59\" data-element_type=\"widget\" data-e-type=\"widget\" data-widget_type=\"heading.default\">\n\t\t\t\t<div class=\"elementor-widget-container\">\n\t\t\t\t\t<h2 class=\"elementor-heading-title elementor-size-default\">Am\u00e8rica  Central  <br> <br>   Sud Atl\u00e0ntic    <br> <br>   Orient Mitj\u00e0<\/h2>\t\t\t\t<\/div>\n\t\t\t\t<\/div>\n\t\t\t\t<\/div>\n\t\t\t\t<div class=\"elementor-element elementor-element-6071828 elementor-hidden-desktop elementor-widget elementor-widget-image\" data-id=\"6071828\" data-element_type=\"widget\" data-e-type=\"widget\" data-widget_type=\"image.default\">\n\t\t\t\t<div class=\"elementor-widget-container\">\n\t\t\t\t\t\t\t\t\t\t\t\t\t\t\t<img decoding=\"async\" width=\"800\" height=\"800\" src=\"https:\/\/ingekabel.com\/wp-content\/uploads\/2024\/12\/mapa-mundial-1024x1024.jpg\" class=\"attachment-large size-large wp-image-5131\" alt=\"\" srcset=\"https:\/\/ingekabel.com\/wp-content\/uploads\/2024\/12\/mapa-mundial-1024x1024.jpg 1024w, https:\/\/ingekabel.com\/wp-content\/uploads\/2024\/12\/mapa-mundial-300x300.jpg 300w, https:\/\/ingekabel.com\/wp-content\/uploads\/2024\/12\/mapa-mundial-150x150.jpg 150w, https:\/\/ingekabel.com\/wp-content\/uploads\/2024\/12\/mapa-mundial-768x768.jpg 768w, https:\/\/ingekabel.com\/wp-content\/uploads\/2024\/12\/mapa-mundial-1536x1536.jpg 1536w, https:\/\/ingekabel.com\/wp-content\/uploads\/2024\/12\/mapa-mundial.jpg 1920w\" sizes=\"(max-width: 800px) 100vw, 800px\" \/>\t\t\t\t\t\t\t\t\t\t\t\t\t\t\t<\/div>\n\t\t\t\t<\/div>\n\t\t\t\t<div data-ha-element-link=\"{&quot;url&quot;:&quot;#tipologias&quot;,&quot;is_external&quot;:&quot;&quot;,&quot;nofollow&quot;:&quot;&quot;}\" style=\"cursor: pointer\" class=\"elementor-element elementor-element-e8dd449 elementor-widget elementor-widget-heading\" data-id=\"e8dd449\" data-element_type=\"widget\" data-e-type=\"widget\" data-widget_type=\"heading.default\">\n\t\t\t\t<div class=\"elementor-widget-container\">\n\t\t\t\t\t<h2 class=\"elementor-heading-title elementor-size-default\"><a href=\"#tipologias\"><strong>Experi\u00e8ncia mundial<\/strong><\/a><\/h2>\t\t\t\t<\/div>\n\t\t\t\t<\/div>\n\t\t\t\t<div class=\"elementor-element elementor-element-5bc33f8 elementor-widget elementor-widget-text-editor\" data-id=\"5bc33f8\" data-element_type=\"widget\" data-e-type=\"widget\" data-widget_type=\"text-editor.default\">\n\t\t\t\t<div class=\"elementor-widget-container\">\n\t\t\t\t\t\t\t\t\t<p>Des del 2010, Ingekabel ha expandit la seva experi\u00e8ncia a nivell global, comen\u00e7ant amb el disseny i desplegament de la primera xarxa FTTH de model d&#8217;operador obert Open Access a Costa Rica, a l\u2019Am\u00e8rica Central. Al llarg de diversos projectes internacionals, hem superat amb \u00e8xit reptes geogr\u00e0fics, clim\u00e0tics i reglamentaris, aplicant estrat\u00e8gies com col\u00b7laboracions locals i planificaci\u00f3 flexible. Aix\u00f2 ens ha perm\u00e8s optimitzar la sostenibilitat i complir amb els objectius dels nostres clients en diversos contexts geogr\u00e0fics.<\/p>\n\t\t\t\t\t\t\t\t<\/div>\n\t\t\t\t<\/div>\n\t\t<div class=\"elementor-element elementor-element-05539eb e-grid e-con-full e-ecs-flex e-con e-child\" data-id=\"05539eb\" data-element_type=\"container\" data-e-type=\"container\" data-settings=\"{&quot;ecs_container_type&quot;:&quot;flex&quot;,&quot;_ha_eqh_enable&quot;:false}\">\n\t\t\t\t<div data-ha-element-link=\"{&quot;url&quot;:&quot;#europa&quot;,&quot;is_external&quot;:&quot;&quot;,&quot;nofollow&quot;:&quot;&quot;}\" style=\"cursor: pointer\" class=\"elementor-element elementor-element-eb180a0 elementor-widget elementor-widget-image-box\" data-id=\"eb180a0\" data-element_type=\"widget\" data-e-type=\"widget\" data-widget_type=\"image-box.default\">\n\t\t\t\t<div class=\"elementor-widget-container\">\n\t\t\t\t\t<div class=\"elementor-image-box-wrapper\"><div class=\"elementor-image-box-content\"><h3 class=\"elementor-image-box-title\"><a href=\"#europa\">Cartago - Costa Rica<\/a><\/h3><p class=\"elementor-image-box-description\">\t projecte FTTH,<br>\n 46,080 unitats, <br>\n1 \u00e0rea<\/p><\/div><\/div>\t\t\t\t<\/div>\n\t\t\t\t<\/div>\n\t\t\t\t<div data-ha-element-link=\"{&quot;url&quot;:&quot;#europa&quot;,&quot;is_external&quot;:&quot;&quot;,&quot;nofollow&quot;:&quot;&quot;}\" style=\"cursor: pointer\" class=\"elementor-element elementor-element-21273e9 elementor-widget elementor-widget-image-box\" data-id=\"21273e9\" data-element_type=\"widget\" data-e-type=\"widget\" data-widget_type=\"image-box.default\">\n\t\t\t\t<div class=\"elementor-widget-container\">\n\t\t\t\t\t<div class=\"elementor-image-box-wrapper\"><div class=\"elementor-image-box-content\"><h3 class=\"elementor-image-box-title\"><a href=\"#europa\">Santa Helena<\/a><\/h3><p class=\"elementor-image-box-description\">projecte FTTH, <br>\n3,457 unitats i 150 km xarxa troncals,<br>\n l\u2019illa sencera <\/p><\/div><\/div>\t\t\t\t<\/div>\n\t\t\t\t<\/div>\n\t\t\t\t<div data-ha-element-link=\"{&quot;url&quot;:&quot;#europa&quot;,&quot;is_external&quot;:&quot;&quot;,&quot;nofollow&quot;:&quot;&quot;}\" style=\"cursor: pointer\" class=\"elementor-element elementor-element-3079752 elementor-widget elementor-widget-image-box\" data-id=\"3079752\" data-element_type=\"widget\" data-e-type=\"widget\" data-widget_type=\"image-box.default\">\n\t\t\t\t<div class=\"elementor-widget-container\">\n\t\t\t\t\t<div class=\"elementor-image-box-wrapper\"><div class=\"elementor-image-box-content\"><h3 class=\"elementor-image-box-title\"><a href=\"#europa\">Shushah Island - Ar\u00e0bia Saud\u00ed<\/a><\/h3><p class=\"elementor-image-box-description\">3 projectes FTTH, <br>\nxarxa troncal interurbana, antenes, centraleta,<br>\n 1 \u00e0rea<\/p><\/div><\/div>\t\t\t\t<\/div>\n\t\t\t\t<\/div>\n\t\t\t\t<div data-ha-element-link=\"{&quot;url&quot;:&quot;#europa&quot;,&quot;is_external&quot;:&quot;&quot;,&quot;nofollow&quot;:&quot;&quot;}\" style=\"cursor: pointer\" class=\"elementor-element elementor-element-7d1cf2d elementor-widget elementor-widget-image-box\" data-id=\"7d1cf2d\" data-element_type=\"widget\" data-e-type=\"widget\" data-widget_type=\"image-box.default\">\n\t\t\t\t<div class=\"elementor-widget-container\">\n\t\t\t\t\t<div class=\"elementor-image-box-wrapper\"><div class=\"elementor-image-box-content\"><h3 class=\"elementor-image-box-title\"><a href=\"#europa\">Jabal Al Shifa - Ar\u00e0bia Saud\u00ed<\/a><\/h3><p class=\"elementor-image-box-description\">projecte FTTH,<br>\n xarxa troncal interurbana, <br>\nantenes, centraleta, <br>\n1 \u00e0rea<\/p><\/div><\/div>\t\t\t\t<\/div>\n\t\t\t\t<\/div>\n\t\t\t\t<\/div>\n\t\t\t\t<div class=\"elementor-element elementor-element-704929d elementor-widget elementor-widget-image\" data-id=\"704929d\" data-element_type=\"widget\" data-e-type=\"widget\" data-widget_type=\"image.default\">\n\t\t\t\t<div class=\"elementor-widget-container\">\n\t\t\t\t\t\t\t\t\t\t\t\t\t\t\t\t<a href=\"https:\/\/ingekabel.com\/ca#proyectos\">\n\t\t\t\t\t\t\t<img decoding=\"async\" src=\"https:\/\/ingekabel.com\/wp-content\/uploads\/elementor\/thumbs\/arrow1-e1734688817849-qys4zkawajaen5ym3uxo81vgse7ph1cw3whqujja24.png\" title=\"arrow1\" alt=\"arrow1\" loading=\"lazy\" \/>\t\t\t\t\t\t\t\t<\/a>\n\t\t\t\t\t\t\t\t\t\t\t\t\t\t\t<\/div>\n\t\t\t\t<\/div>\n\t\t\t\t<\/div>\n\t\t\t\t<\/div>\n\t\t\t\t<\/div>\n\t\t","protected":false},"excerpt":{"rendered":"<p>Arreu del m\u00f3n Arreu del m\u00f3n Am\u00e8rica Central &nbsp;&nbsp;&nbsp; &nbsp;&nbsp;&nbsp; Sud Atl\u00e0ntic &nbsp;&nbsp;&nbsp; &nbsp;&nbsp;&nbsp; Orient Mitj\u00e0 Am\u00e8rica Central Sud Atl\u00e0ntic Orient Mitj\u00e0 Experi\u00e8ncia mundial Des del 2010, Ingekabel ha expandit la seva experi\u00e8ncia a nivell global, comen\u00e7ant amb el disseny i desplegament de la primera xarxa FTTH de model d&#8217;operador obert Open Access a Costa [&hellip;]<\/p>\n","protected":false},"author":1,"featured_media":0,"parent":0,"menu_order":0,"comment_status":"closed","ping_status":"closed","template":"elementor_header_footer","meta":{"footnotes":""},"class_list":["post-6555","page","type-page","status-publish","hentry"],"yoast_head":"<!-- This site is optimized with the Yoast SEO plugin v25.3 - https:\/\/yoast.com\/wordpress\/plugins\/seo\/ -->\n<title>Arreu del m\u00f3n - Ingekabel<\/title>\n<meta name=\"robots\" content=\"index, follow, max-snippet:-1, max-image-preview:large, max-video-preview:-1\" \/>\n<link rel=\"canonical\" href=\"https:\/\/ingekabel.com\/resto-del-mundo\/\" \/>\n<meta property=\"og:locale\" content=\"ca_ES\" \/>\n<meta property=\"og:type\" content=\"article\" \/>\n<meta property=\"og:title\" content=\"Arreu del m\u00f3n - Ingekabel\" \/>\n<meta property=\"og:description\" content=\"Arreu del m\u00f3n Arreu del m\u00f3n Am\u00e8rica Central &nbsp;&nbsp;&nbsp; &nbsp;&nbsp;&nbsp; Sud Atl\u00e0ntic &nbsp;&nbsp;&nbsp; &nbsp;&nbsp;&nbsp; Orient Mitj\u00e0 Am\u00e8rica Central Sud Atl\u00e0ntic Orient Mitj\u00e0 Experi\u00e8ncia mundial Des del 2010, Ingekabel ha expandit la seva experi\u00e8ncia a nivell global, comen\u00e7ant amb el disseny i desplegament de la primera xarxa FTTH de model d&#8217;operador obert Open Access a Costa [&hellip;]\" \/>\n<meta property=\"og:url\" content=\"https:\/\/ingekabel.com\/resto-del-mundo\/\" \/>\n<meta property=\"og:site_name\" content=\"Ingekabel\" \/>\n<meta property=\"article:modified_time\" content=\"2025-05-06T11:16:23+00:00\" \/>\n<meta property=\"og:image\" content=\"https:\/\/ingekabel.com\/wp-content\/uploads\/2024\/12\/mapa-mundial.jpg\" \/>\n\t<meta property=\"og:image:width\" content=\"1920\" \/>\n\t<meta property=\"og:image:height\" content=\"1920\" \/>\n\t<meta property=\"og:image:type\" content=\"image\/jpeg\" \/>\n<meta name=\"twitter:card\" content=\"summary_large_image\" \/>\n<meta name=\"twitter:label1\" content=\"Temps estimat de lectura\" \/>\n\t<meta name=\"twitter:data1\" content=\"2 minuts\" \/>\n<script type=\"application\/ld+json\" class=\"yoast-schema-graph\">{\"@context\":\"https:\/\/schema.org\",\"@graph\":[{\"@type\":\"WebPage\",\"@id\":\"https:\/\/ingekabel.com\/resto-del-mundo\/\",\"url\":\"https:\/\/ingekabel.com\/resto-del-mundo\/\",\"name\":\"Arreu del m\u00f3n - Ingekabel\",\"isPartOf\":{\"@id\":\"https:\/\/ingekabel.com\/#website\"},\"primaryImageOfPage\":{\"@id\":\"https:\/\/ingekabel.com\/resto-del-mundo\/#primaryimage\"},\"image\":{\"@id\":\"https:\/\/ingekabel.com\/resto-del-mundo\/#primaryimage\"},\"thumbnailUrl\":\"https:\/\/ingekabel.com\/wp-content\/uploads\/2024\/12\/mapa-mundial.jpg\",\"datePublished\":\"2025-02-26T10:23:58+00:00\",\"dateModified\":\"2025-05-06T11:16:23+00:00\",\"breadcrumb\":{\"@id\":\"https:\/\/ingekabel.com\/resto-del-mundo\/#breadcrumb\"},\"inLanguage\":\"ca\",\"potentialAction\":[{\"@type\":\"ReadAction\",\"target\":[\"https:\/\/ingekabel.com\/resto-del-mundo\/\"]}]},{\"@type\":\"ImageObject\",\"inLanguage\":\"ca\",\"@id\":\"https:\/\/ingekabel.com\/resto-del-mundo\/#primaryimage\",\"url\":\"https:\/\/ingekabel.com\/wp-content\/uploads\/2024\/12\/mapa-mundial.jpg\",\"contentUrl\":\"https:\/\/ingekabel.com\/wp-content\/uploads\/2024\/12\/mapa-mundial.jpg\"},{\"@type\":\"BreadcrumbList\",\"@id\":\"https:\/\/ingekabel.com\/resto-del-mundo\/#breadcrumb\",\"itemListElement\":[{\"@type\":\"ListItem\",\"position\":1,\"name\":\"Portada\",\"item\":\"https:\/\/ingekabel.com\/\"},{\"@type\":\"ListItem\",\"position\":2,\"name\":\"Arreu del m\u00f3n\"}]},{\"@type\":\"WebSite\",\"@id\":\"https:\/\/ingekabel.com\/#website\",\"url\":\"https:\/\/ingekabel.com\/\",\"name\":\"Ingekabel\",\"description\":\"Enginyeria de Telecomunicacions\",\"publisher\":{\"@id\":\"https:\/\/ingekabel.com\/#organization\"},\"potentialAction\":[{\"@type\":\"SearchAction\",\"target\":{\"@type\":\"EntryPoint\",\"urlTemplate\":\"https:\/\/ingekabel.com\/?s={search_term_string}\"},\"query-input\":{\"@type\":\"PropertyValueSpecification\",\"valueRequired\":true,\"valueName\":\"search_term_string\"}}],\"inLanguage\":\"ca\"},{\"@type\":\"Organization\",\"@id\":\"https:\/\/ingekabel.com\/#organization\",\"name\":\"Ingekabel Comunicaciones 2.0 SL\",\"url\":\"https:\/\/ingekabel.com\/\",\"logo\":{\"@type\":\"ImageObject\",\"inLanguage\":\"ca\",\"@id\":\"https:\/\/ingekabel.com\/#\/schema\/logo\/image\/\",\"url\":\"https:\/\/ingekabel.com\/wp-content\/uploads\/2021\/05\/cropped-ingekabel-favicon.png\",\"contentUrl\":\"https:\/\/ingekabel.com\/wp-content\/uploads\/2021\/05\/cropped-ingekabel-favicon.png\",\"width\":512,\"height\":512,\"caption\":\"Ingekabel Comunicaciones 2.0 SL\"},\"image\":{\"@id\":\"https:\/\/ingekabel.com\/#\/schema\/logo\/image\/\"},\"sameAs\":[\"https:\/\/es.linkedin.com\/company\/ingekabel-comunicaciones-20-sl\"]}]}<\/script>\n<!-- \/ Yoast SEO plugin. -->","yoast_head_json":{"title":"Arreu del m\u00f3n - Ingekabel","robots":{"index":"index","follow":"follow","max-snippet":"max-snippet:-1","max-image-preview":"max-image-preview:large","max-video-preview":"max-video-preview:-1"},"canonical":"https:\/\/ingekabel.com\/resto-del-mundo\/","og_locale":"ca_ES","og_type":"article","og_title":"Arreu del m\u00f3n - Ingekabel","og_description":"Arreu del m\u00f3n Arreu del m\u00f3n Am\u00e8rica Central &nbsp;&nbsp;&nbsp; &nbsp;&nbsp;&nbsp; Sud Atl\u00e0ntic &nbsp;&nbsp;&nbsp; &nbsp;&nbsp;&nbsp; Orient Mitj\u00e0 Am\u00e8rica Central Sud Atl\u00e0ntic Orient Mitj\u00e0 Experi\u00e8ncia mundial Des del 2010, Ingekabel ha expandit la seva experi\u00e8ncia a nivell global, comen\u00e7ant amb el disseny i desplegament de la primera xarxa FTTH de model d&#8217;operador obert Open Access a Costa [&hellip;]","og_url":"https:\/\/ingekabel.com\/resto-del-mundo\/","og_site_name":"Ingekabel","article_modified_time":"2025-05-06T11:16:23+00:00","og_image":[{"width":1920,"height":1920,"url":"https:\/\/ingekabel.com\/wp-content\/uploads\/2024\/12\/mapa-mundial.jpg","type":"image\/jpeg"}],"twitter_card":"summary_large_image","twitter_misc":{"Temps estimat de lectura":"2 minuts"},"schema":{"@context":"https:\/\/schema.org","@graph":[{"@type":"WebPage","@id":"https:\/\/ingekabel.com\/resto-del-mundo\/","url":"https:\/\/ingekabel.com\/resto-del-mundo\/","name":"Arreu del m\u00f3n - Ingekabel","isPartOf":{"@id":"https:\/\/ingekabel.com\/#website"},"primaryImageOfPage":{"@id":"https:\/\/ingekabel.com\/resto-del-mundo\/#primaryimage"},"image":{"@id":"https:\/\/ingekabel.com\/resto-del-mundo\/#primaryimage"},"thumbnailUrl":"https:\/\/ingekabel.com\/wp-content\/uploads\/2024\/12\/mapa-mundial.jpg","datePublished":"2025-02-26T10:23:58+00:00","dateModified":"2025-05-06T11:16:23+00:00","breadcrumb":{"@id":"https:\/\/ingekabel.com\/resto-del-mundo\/#breadcrumb"},"inLanguage":"ca","potentialAction":[{"@type":"ReadAction","target":["https:\/\/ingekabel.com\/resto-del-mundo\/"]}]},{"@type":"ImageObject","inLanguage":"ca","@id":"https:\/\/ingekabel.com\/resto-del-mundo\/#primaryimage","url":"https:\/\/ingekabel.com\/wp-content\/uploads\/2024\/12\/mapa-mundial.jpg","contentUrl":"https:\/\/ingekabel.com\/wp-content\/uploads\/2024\/12\/mapa-mundial.jpg"},{"@type":"BreadcrumbList","@id":"https:\/\/ingekabel.com\/resto-del-mundo\/#breadcrumb","itemListElement":[{"@type":"ListItem","position":1,"name":"Portada","item":"https:\/\/ingekabel.com\/"},{"@type":"ListItem","position":2,"name":"Arreu del m\u00f3n"}]},{"@type":"WebSite","@id":"https:\/\/ingekabel.com\/#website","url":"https:\/\/ingekabel.com\/","name":"Ingekabel","description":"Enginyeria de Telecomunicacions","publisher":{"@id":"https:\/\/ingekabel.com\/#organization"},"potentialAction":[{"@type":"SearchAction","target":{"@type":"EntryPoint","urlTemplate":"https:\/\/ingekabel.com\/?s={search_term_string}"},"query-input":{"@type":"PropertyValueSpecification","valueRequired":true,"valueName":"search_term_string"}}],"inLanguage":"ca"},{"@type":"Organization","@id":"https:\/\/ingekabel.com\/#organization","name":"Ingekabel Comunicaciones 2.0 SL","url":"https:\/\/ingekabel.com\/","logo":{"@type":"ImageObject","inLanguage":"ca","@id":"https:\/\/ingekabel.com\/#\/schema\/logo\/image\/","url":"https:\/\/ingekabel.com\/wp-content\/uploads\/2021\/05\/cropped-ingekabel-favicon.png","contentUrl":"https:\/\/ingekabel.com\/wp-content\/uploads\/2021\/05\/cropped-ingekabel-favicon.png","width":512,"height":512,"caption":"Ingekabel Comunicaciones 2.0 SL"},"image":{"@id":"https:\/\/ingekabel.com\/#\/schema\/logo\/image\/"},"sameAs":["https:\/\/es.linkedin.com\/company\/ingekabel-comunicaciones-20-sl"]}]}},"_links":{"self":[{"href":"https:\/\/ingekabel.com\/ca\/wp-json\/wp\/v2\/pages\/6555","targetHints":{"allow":["GET"]}}],"collection":[{"href":"https:\/\/ingekabel.com\/ca\/wp-json\/wp\/v2\/pages"}],"about":[{"href":"https:\/\/ingekabel.com\/ca\/wp-json\/wp\/v2\/types\/page"}],"author":[{"embeddable":true,"href":"https:\/\/ingekabel.com\/ca\/wp-json\/wp\/v2\/users\/1"}],"replies":[{"embeddable":true,"href":"https:\/\/ingekabel.com\/ca\/wp-json\/wp\/v2\/comments?post=6555"}],"version-history":[{"count":49,"href":"https:\/\/ingekabel.com\/ca\/wp-json\/wp\/v2\/pages\/6555\/revisions"}],"predecessor-version":[{"id":7440,"href":"https:\/\/ingekabel.com\/ca\/wp-json\/wp\/v2\/pages\/6555\/revisions\/7440"}],"wp:attachment":[{"href":"https:\/\/ingekabel.com\/ca\/wp-json\/wp\/v2\/media?parent=6555"}],"curies":[{"name":"wp","href":"https:\/\/api.w.org\/{rel}","templated":true}]}}