{"id":6553,"date":"2025-02-26T10:20:19","date_gmt":"2025-02-26T10:20:19","guid":{"rendered":"https:\/\/ingekabel.com\/uk\/"},"modified":"2025-11-03T10:16:27","modified_gmt":"2025-11-03T10:16:27","slug":"uk","status":"publish","type":"page","link":"https:\/\/ingekabel.com\/ca\/uk\/","title":{"rendered":"UK"},"content":{"rendered":"\t\t<div data-elementor-type=\"wp-page\" data-elementor-id=\"6553\" class=\"elementor elementor-6553 elementor-1891\" data-elementor-settings=\"{&quot;ha_cmc_init_switcher&quot;:&quot;no&quot;}\" data-elementor-post-type=\"page\">\n\t\t\t\t<div class=\"elementor-element elementor-element-8263a50 e-ecs-flex e-flex e-con-boxed e-con e-parent\" data-id=\"8263a50\" data-element_type=\"container\" data-e-type=\"container\" data-settings=\"{&quot;ecs_container_type&quot;:&quot;flex&quot;,&quot;_ha_eqh_enable&quot;:false}\">\n\t\t\t\t\t<div class=\"e-con-inner\">\n\t\t\t\t<div class=\"elementor-element elementor-element-125fdee elementor-hidden-desktop elementor-widget elementor-widget-heading\" data-id=\"125fdee\" data-element_type=\"widget\" data-e-type=\"widget\" data-widget_type=\"heading.default\">\n\t\t\t\t<div class=\"elementor-widget-container\">\n\t\t\t\t\t<h3 class=\"elementor-heading-title elementor-size-default\">UK<\/h3>\t\t\t\t<\/div>\n\t\t\t\t<\/div>\n\t\t\t\t\t<\/div>\n\t\t\t\t<\/div>\n\t\t<div class=\"elementor-element elementor-element-b6c4c39 e-con-full proyecto-animation e-ecs-flex e-flex e-con e-parent\" data-id=\"b6c4c39\" data-element_type=\"container\" data-e-type=\"container\" id=\"proyecto-uk\" data-settings=\"{&quot;background_background&quot;:&quot;classic&quot;,&quot;ecs_container_type&quot;:&quot;flex&quot;,&quot;_ha_eqh_enable&quot;:false}\">\n\t\t\t\t<div class=\"elementor-element elementor-element-e3d3075 elementor-widget__width-initial elementor-hidden-tablet elementor-hidden-mobile ha-has-bg-overlay elementor-widget elementor-widget-image\" data-id=\"e3d3075\" data-element_type=\"widget\" data-e-type=\"widget\" data-settings=\"{&quot;_animation&quot;:&quot;none&quot;}\" data-widget_type=\"image.default\">\n\t\t\t\t<div class=\"elementor-widget-container\">\n\t\t\t\t\t\t\t\t\t\t\t\t\t\t\t<img fetchpriority=\"high\" decoding=\"async\" width=\"1920\" height=\"1920\" src=\"https:\/\/ingekabel.com\/wp-content\/uploads\/2024\/10\/uk-3.png\" class=\"attachment-full size-full wp-image-4443\" alt=\"\" srcset=\"https:\/\/ingekabel.com\/wp-content\/uploads\/2024\/10\/uk-3.png 1920w, https:\/\/ingekabel.com\/wp-content\/uploads\/2024\/10\/uk-3-300x300.png 300w, https:\/\/ingekabel.com\/wp-content\/uploads\/2024\/10\/uk-3-1024x1024.png 1024w, https:\/\/ingekabel.com\/wp-content\/uploads\/2024\/10\/uk-3-150x150.png 150w, https:\/\/ingekabel.com\/wp-content\/uploads\/2024\/10\/uk-3-768x768.png 768w, https:\/\/ingekabel.com\/wp-content\/uploads\/2024\/10\/uk-3-1536x1536.png 1536w\" sizes=\"(max-width: 1920px) 100vw, 1920px\" \/>\t\t\t\t\t\t\t\t\t\t\t\t\t\t\t<\/div>\n\t\t\t\t<\/div>\n\t\t<div class=\"elementor-element elementor-element-268764e e-con-full e-ecs-flex e-flex e-con e-child\" data-id=\"268764e\" data-element_type=\"container\" data-e-type=\"container\" data-settings=\"{&quot;background_background&quot;:&quot;classic&quot;,&quot;animation&quot;:&quot;none&quot;,&quot;animation_delay&quot;:200,&quot;ecs_container_type&quot;:&quot;flex&quot;,&quot;_ha_eqh_enable&quot;:false}\">\n\t\t\t\t<div class=\"elementor-element elementor-element-e72bc8d elementor-hidden-tablet elementor-hidden-mobile elementor-widget elementor-widget-heading\" data-id=\"e72bc8d\" data-element_type=\"widget\" data-e-type=\"widget\" data-widget_type=\"heading.default\">\n\t\t\t\t<div class=\"elementor-widget-container\">\n\t\t\t\t\t<h3 class=\"elementor-heading-title elementor-size-default\">UK<\/h3>\t\t\t\t<\/div>\n\t\t\t\t<\/div>\n\t\t<div class=\"elementor-element elementor-element-fbea2ff e-grid e-con-full e-ecs-flex e-con e-child\" data-id=\"fbea2ff\" data-element_type=\"container\" data-e-type=\"container\" data-settings=\"{&quot;background_background&quot;:&quot;classic&quot;,&quot;ecs_container_type&quot;:&quot;flex&quot;,&quot;_ha_eqh_enable&quot;:false}\">\n\t\t\t\t<div class=\"elementor-element elementor-element-38ebc72 elementor-widget elementor-widget-counter\" data-id=\"38ebc72\" data-element_type=\"widget\" data-e-type=\"widget\" data-widget_type=\"counter.default\">\n\t\t\t\t<div class=\"elementor-widget-container\">\n\t\t\t\t\t\t\t<div class=\"elementor-counter\">\n\t\t\t<div class=\"elementor-counter-title\">projectes<\/div>\t\t\t<div class=\"elementor-counter-number-wrapper\">\n\t\t\t\t<span class=\"elementor-counter-number-prefix\"><\/span>\n\t\t\t\t<span class=\"elementor-counter-number\" data-duration=\"2000\" data-to-value=\"187\" data-from-value=\"0\" data-delimiter=\",\">0<\/span>\n\t\t\t\t<span class=\"elementor-counter-number-suffix\"><\/span>\n\t\t\t<\/div>\n\t\t<\/div>\n\t\t\t\t\t\t<\/div>\n\t\t\t\t<\/div>\n\t\t\t\t<div class=\"elementor-element elementor-element-b188ace elementor-widget elementor-widget-counter\" data-id=\"b188ace\" data-element_type=\"widget\" data-e-type=\"widget\" data-widget_type=\"counter.default\">\n\t\t\t\t<div class=\"elementor-widget-container\">\n\t\t\t\t\t\t\t<div class=\"elementor-counter\">\n\t\t\t<div class=\"elementor-counter-title\">mili\u00f3 llars dissenyades<\/div>\t\t\t<div class=\"elementor-counter-number-wrapper\">\n\t\t\t\t<span class=\"elementor-counter-number-prefix\"><\/span>\n\t\t\t\t<span class=\"elementor-counter-number\" data-duration=\"2000\" data-to-value=\"1.15\" data-from-value=\"0\" data-delimiter=\",\">0<\/span>\n\t\t\t\t<span class=\"elementor-counter-number-suffix\">+<\/span>\n\t\t\t<\/div>\n\t\t<\/div>\n\t\t\t\t\t\t<\/div>\n\t\t\t\t<\/div>\n\t\t\t\t<div class=\"elementor-element elementor-element-20e7d55 elementor-widget elementor-widget-counter\" data-id=\"20e7d55\" data-element_type=\"widget\" data-e-type=\"widget\" data-widget_type=\"counter.default\">\n\t\t\t\t<div class=\"elementor-widget-container\">\n\t\t\t\t\t\t\t<div class=\"elementor-counter\">\n\t\t\t<div class=\"elementor-counter-title\">rutes troncals interurbanes<\/div>\t\t\t<div class=\"elementor-counter-number-wrapper\">\n\t\t\t\t<span class=\"elementor-counter-number-prefix\"><\/span>\n\t\t\t\t<span class=\"elementor-counter-number\" data-duration=\"2000\" data-to-value=\"1.025\" data-from-value=\"0\">0<\/span>\n\t\t\t\t<span class=\"elementor-counter-number-suffix\">+ km<\/span>\n\t\t\t<\/div>\n\t\t<\/div>\n\t\t\t\t\t\t<\/div>\n\t\t\t\t<\/div>\n\t\t\t\t<div class=\"elementor-element elementor-element-a823967 elementor-widget elementor-widget-counter\" data-id=\"a823967\" data-element_type=\"widget\" data-e-type=\"widget\" data-widget_type=\"counter.default\">\n\t\t\t\t<div class=\"elementor-widget-container\">\n\t\t\t\t\t\t\t<div class=\"elementor-counter\">\n\t\t\t<div class=\"elementor-counter-title\">alt-net + ISP clients prove\u00efdors<\/div>\t\t\t<div class=\"elementor-counter-number-wrapper\">\n\t\t\t\t<span class=\"elementor-counter-number-prefix\"><\/span>\n\t\t\t\t<span class=\"elementor-counter-number\" data-duration=\"2000\" data-to-value=\"10\" data-from-value=\"0\" data-delimiter=\",\">0<\/span>\n\t\t\t\t<span class=\"elementor-counter-number-suffix\"><\/span>\n\t\t\t<\/div>\n\t\t<\/div>\n\t\t\t\t\t\t<\/div>\n\t\t\t\t<\/div>\n\t\t\t\t<\/div>\n\t\t\t\t<div class=\"elementor-element elementor-element-115310a elementor-hidden-desktop elementor-widget elementor-widget-image\" data-id=\"115310a\" data-element_type=\"widget\" data-e-type=\"widget\" data-widget_type=\"image.default\">\n\t\t\t\t<div class=\"elementor-widget-container\">\n\t\t\t\t\t\t\t\t\t\t\t\t\t\t\t<img decoding=\"async\" width=\"800\" height=\"800\" src=\"https:\/\/ingekabel.com\/wp-content\/uploads\/2025\/04\/uk-3-1024x1024.jpg\" class=\"attachment-large size-large wp-image-7350\" alt=\"\" srcset=\"https:\/\/ingekabel.com\/wp-content\/uploads\/2025\/04\/uk-3-1024x1024.jpg 1024w, https:\/\/ingekabel.com\/wp-content\/uploads\/2025\/04\/uk-3-300x300.jpg 300w, https:\/\/ingekabel.com\/wp-content\/uploads\/2025\/04\/uk-3-150x150.jpg 150w, https:\/\/ingekabel.com\/wp-content\/uploads\/2025\/04\/uk-3-768x768.jpg 768w, https:\/\/ingekabel.com\/wp-content\/uploads\/2025\/04\/uk-3-1536x1536.jpg 1536w, https:\/\/ingekabel.com\/wp-content\/uploads\/2025\/04\/uk-3-400x400.jpg 400w, https:\/\/ingekabel.com\/wp-content\/uploads\/2025\/04\/uk-3-600x600.jpg 600w, https:\/\/ingekabel.com\/wp-content\/uploads\/2025\/04\/uk-3.jpg 1920w\" sizes=\"(max-width: 800px) 100vw, 800px\" \/>\t\t\t\t\t\t\t\t\t\t\t\t\t\t\t<\/div>\n\t\t\t\t<\/div>\n\t\t\t\t<div data-ha-element-link=\"{&quot;url&quot;:&quot;#tipologias&quot;,&quot;is_external&quot;:&quot;&quot;,&quot;nofollow&quot;:&quot;&quot;}\" style=\"cursor: pointer\" class=\"elementor-element elementor-element-d396f2b elementor-widget elementor-widget-heading\" data-id=\"d396f2b\" data-element_type=\"widget\" data-e-type=\"widget\" data-widget_type=\"heading.default\">\n\t\t\t\t<div class=\"elementor-widget-container\">\n\t\t\t\t\t<h2 class=\"elementor-heading-title elementor-size-default\"><a href=\"#tipologias\"><b>Ingekabel: innovaci\u00f3 i comprom\u00eds amb el futur digital del Regne Unit<\/b><\/a><\/h2>\t\t\t\t<\/div>\n\t\t\t\t<\/div>\n\t\t\t\t<div class=\"elementor-element elementor-element-f97df8c elementor-widget elementor-widget-text-editor\" data-id=\"f97df8c\" data-element_type=\"widget\" data-e-type=\"widget\" data-widget_type=\"text-editor.default\">\n\t\t\t\t<div class=\"elementor-widget-container\">\n\t\t\t\t\t\t\t\t\t<p>Des del 2019, Ingekabel ha tingut un paper fonamental en la modernitzaci\u00f3 de les xarxes de telecomunicacions del Regne Unit, donant suport proactiu a la transici\u00f3 governamental les xarxes de coure a les de la fibra \u00f2ptica. Exportant la nostra experi\u00e8ncia i coneixements t\u00e8cnics, hem treballat colze a colze amb nombrosos prove\u00efdors de serveis d&#8217;Internet (ISPs) brit\u00e0nics. Aquesta iniciativa, que fomenta una connectivitat m\u00e9s r\u00e0pida i eficient, ha impulsat un desplegament massiu de la nostra tecnologia, millorant la connectivitat de milions de llars i empreses, oferint solucions d&#8217;alta velocitat per a un futur digital m\u00e9s sostenible.<\/p>\n\t\t\t\t\t\t\t\t<\/div>\n\t\t\t\t<\/div>\n\t\t<div class=\"elementor-element elementor-element-d95a9f4 e-grid e-con-full e-ecs-flex e-con e-child\" data-id=\"d95a9f4\" data-element_type=\"container\" data-e-type=\"container\" id=\"europa-grid\" data-settings=\"{&quot;ecs_container_type&quot;:&quot;flex&quot;,&quot;_ha_eqh_enable&quot;:false}\">\n\t\t\t\t<div data-ha-element-link=\"{&quot;url&quot;:&quot;#europa&quot;,&quot;is_external&quot;:&quot;&quot;,&quot;nofollow&quot;:&quot;&quot;}\" style=\"cursor: pointer\" class=\"elementor-element elementor-element-1445e03 elementor-widget elementor-widget-image-box\" data-id=\"1445e03\" data-element_type=\"widget\" data-e-type=\"widget\" data-widget_type=\"image-box.default\">\n\t\t\t\t<div class=\"elementor-widget-container\">\n\t\t\t\t\t<div class=\"elementor-image-box-wrapper\"><div class=\"elementor-image-box-content\"><h3 class=\"elementor-image-box-title\"><a href=\"#europa\">F&amp;W + Hey! Broadband<\/a><\/h3><p class=\"elementor-image-box-description\">89 projectes FTTH,<br> 700,000 unitats, <br>7 \u00e0rees<\/p><\/div><\/div>\t\t\t\t<\/div>\n\t\t\t\t<\/div>\n\t\t\t\t<div data-ha-element-link=\"{&quot;url&quot;:&quot;#europa&quot;,&quot;is_external&quot;:&quot;&quot;,&quot;nofollow&quot;:&quot;&quot;}\" style=\"cursor: pointer\" class=\"elementor-element elementor-element-0515d79 elementor-widget elementor-widget-image-box\" data-id=\"0515d79\" data-element_type=\"widget\" data-e-type=\"widget\" data-widget_type=\"image-box.default\">\n\t\t\t\t<div class=\"elementor-widget-container\">\n\t\t\t\t\t<div class=\"elementor-image-box-wrapper\"><div class=\"elementor-image-box-content\"><h3 class=\"elementor-image-box-title\"><a href=\"#europa\">Be Fibre + Full Fibre<\/a><\/h3><p class=\"elementor-image-box-description\">49 projectes FTTH, <br>400,000 unitats, 1<br>5 \u00e0rees<\/p><\/div><\/div>\t\t\t\t<\/div>\n\t\t\t\t<\/div>\n\t\t\t\t<div data-ha-element-link=\"{&quot;url&quot;:&quot;#europa&quot;,&quot;is_external&quot;:&quot;&quot;,&quot;nofollow&quot;:&quot;&quot;}\" style=\"cursor: pointer\" class=\"elementor-element elementor-element-1fd7821 elementor-widget elementor-widget-image-box\" data-id=\"1fd7821\" data-element_type=\"widget\" data-e-type=\"widget\" data-widget_type=\"image-box.default\">\n\t\t\t\t<div class=\"elementor-widget-container\">\n\t\t\t\t\t<div class=\"elementor-image-box-wrapper\"><div class=\"elementor-image-box-content\"><h3 class=\"elementor-image-box-title\"><a href=\"#europa\">Fibrus<\/a><\/h3><p class=\"elementor-image-box-description\">2 rural projectes d\u2019esquema GIGA,<br> 15,300 unitats, <br>1 \u00e0rea<\/p><\/div><\/div>\t\t\t\t<\/div>\n\t\t\t\t<\/div>\n\t\t\t\t<div data-ha-element-link=\"{&quot;url&quot;:&quot;#europa&quot;,&quot;is_external&quot;:&quot;&quot;,&quot;nofollow&quot;:&quot;&quot;}\" style=\"cursor: pointer\" class=\"elementor-element elementor-element-8b16a12 elementor-widget elementor-widget-image-box\" data-id=\"8b16a12\" data-element_type=\"widget\" data-e-type=\"widget\" data-widget_type=\"image-box.default\">\n\t\t\t\t<div class=\"elementor-widget-container\">\n\t\t\t\t\t<div class=\"elementor-image-box-wrapper\"><div class=\"elementor-image-box-content\"><h3 class=\"elementor-image-box-title\"><a href=\"#europa\">Freedom Fibre<\/a><\/h3><p class=\"elementor-image-box-description\">4 projectes FTTH, <br>42,000 unitats,<br> 2 \u00e0rees<\/p><\/div><\/div>\t\t\t\t<\/div>\n\t\t\t\t<\/div>\n\t\t\t\t<div data-ha-element-link=\"{&quot;url&quot;:&quot;#europa&quot;,&quot;is_external&quot;:&quot;&quot;,&quot;nofollow&quot;:&quot;&quot;}\" style=\"cursor: pointer\" class=\"elementor-element elementor-element-caff26b elementor-widget elementor-widget-image-box\" data-id=\"caff26b\" data-element_type=\"widget\" data-e-type=\"widget\" data-widget_type=\"image-box.default\">\n\t\t\t\t<div class=\"elementor-widget-container\">\n\t\t\t\t\t<div class=\"elementor-image-box-wrapper\"><div class=\"elementor-image-box-content\"><h3 class=\"elementor-image-box-title\"><a href=\"#europa\">ITS<\/a><\/h3><p class=\"elementor-image-box-description\">33 projectes de xarxa de troncals,<br> 11 \u00e0rees<\/p><\/div><\/div>\t\t\t\t<\/div>\n\t\t\t\t<\/div>\n\t\t\t\t<div data-ha-element-link=\"{&quot;url&quot;:&quot;#europa&quot;,&quot;is_external&quot;:&quot;&quot;,&quot;nofollow&quot;:&quot;&quot;}\" style=\"cursor: pointer\" class=\"elementor-element elementor-element-b5b323e elementor-widget elementor-widget-image-box\" data-id=\"b5b323e\" data-element_type=\"widget\" data-e-type=\"widget\" data-widget_type=\"image-box.default\">\n\t\t\t\t<div class=\"elementor-widget-container\">\n\t\t\t\t\t<div class=\"elementor-image-box-wrapper\"><div class=\"elementor-image-box-content\"><h3 class=\"elementor-image-box-title\"><a href=\"#europa\">NGA<\/a><\/h3><p class=\"elementor-image-box-description\">11 projectes de xarxa de troncals, <br>3 \u00e0rees<\/p><\/div><\/div>\t\t\t\t<\/div>\n\t\t\t\t<\/div>\n\t\t\t\t<div data-ha-element-link=\"{&quot;url&quot;:&quot;#europa&quot;,&quot;is_external&quot;:&quot;&quot;,&quot;nofollow&quot;:&quot;&quot;}\" style=\"cursor: pointer\" class=\"elementor-element elementor-element-61cee23 elementor-widget elementor-widget-image-box\" data-id=\"61cee23\" data-element_type=\"widget\" data-e-type=\"widget\" data-widget_type=\"image-box.default\">\n\t\t\t\t<div class=\"elementor-widget-container\">\n\t\t\t\t\t<div class=\"elementor-image-box-wrapper\"><div class=\"elementor-image-box-content\"><h3 class=\"elementor-image-box-title\"><a href=\"#europa\">Trooli<\/a><\/h3><p class=\"elementor-image-box-description\">1 projecte de consolidaci\u00f3 de xarxa, <br>1 \u00e0rea<\/p><\/div><\/div>\t\t\t\t<\/div>\n\t\t\t\t<\/div>\n\t\t\t\t<\/div>\n\t\t\t\t<div class=\"elementor-element elementor-element-d40bb10 elementor-widget elementor-widget-image\" data-id=\"d40bb10\" data-element_type=\"widget\" data-e-type=\"widget\" data-widget_type=\"image.default\">\n\t\t\t\t<div class=\"elementor-widget-container\">\n\t\t\t\t\t\t\t\t\t\t\t\t\t\t\t\t<a href=\"https:\/\/ingekabel.com\/ca\/#proyectos\">\n\t\t\t\t\t\t\t<img decoding=\"async\" src=\"https:\/\/ingekabel.com\/wp-content\/uploads\/elementor\/thumbs\/arrow1-e1734688817849-qys4zkawajaen5ym3uxo81vgse7ph1cw3whqujja24.png\" title=\"arrow1\" alt=\"arrow1\" loading=\"lazy\" \/>\t\t\t\t\t\t\t\t<\/a>\n\t\t\t\t\t\t\t\t\t\t\t\t\t\t\t<\/div>\n\t\t\t\t<\/div>\n\t\t\t\t<\/div>\n\t\t\t\t<\/div>\n\t\t\t\t<\/div>\n\t\t","protected":false},"excerpt":{"rendered":"<p>UK UK projectes 0 mili\u00f3 llars dissenyades 0 + rutes troncals interurbanes 0 + km alt-net + ISP clients prove\u00efdors 0 Ingekabel: innovaci\u00f3 i comprom\u00eds amb el futur digital del Regne Unit Des del 2019, Ingekabel ha tingut un paper fonamental en la modernitzaci\u00f3 de les xarxes de telecomunicacions del Regne Unit, donant suport proactiu [&hellip;]<\/p>\n","protected":false},"author":1,"featured_media":0,"parent":0,"menu_order":0,"comment_status":"closed","ping_status":"closed","template":"elementor_header_footer","meta":{"footnotes":""},"class_list":["post-6553","page","type-page","status-publish","hentry"],"yoast_head":"<!-- This site is optimized with the Yoast SEO plugin v25.3 - https:\/\/yoast.com\/wordpress\/plugins\/seo\/ -->\n<title>UK - Ingekabel<\/title>\n<meta name=\"robots\" content=\"index, follow, max-snippet:-1, max-image-preview:large, max-video-preview:-1\" \/>\n<link rel=\"canonical\" href=\"https:\/\/ingekabel.com\/gran-bretana\/\" \/>\n<meta property=\"og:locale\" content=\"ca_ES\" \/>\n<meta property=\"og:type\" content=\"article\" \/>\n<meta property=\"og:title\" content=\"UK - Ingekabel\" \/>\n<meta property=\"og:description\" content=\"UK UK projectes 0 mili\u00f3 llars dissenyades 0 + rutes troncals interurbanes 0 + km alt-net + ISP clients prove\u00efdors 0 Ingekabel: innovaci\u00f3 i comprom\u00eds amb el futur digital del Regne Unit Des del 2019, Ingekabel ha tingut un paper fonamental en la modernitzaci\u00f3 de les xarxes de telecomunicacions del Regne Unit, donant suport proactiu [&hellip;]\" \/>\n<meta property=\"og:url\" content=\"https:\/\/ingekabel.com\/gran-bretana\/\" \/>\n<meta property=\"og:site_name\" content=\"Ingekabel\" \/>\n<meta property=\"article:modified_time\" content=\"2025-11-03T10:16:27+00:00\" \/>\n<meta property=\"og:image\" content=\"https:\/\/ingekabel.com\/wp-content\/uploads\/2024\/10\/uk-3.png\" \/>\n\t<meta property=\"og:image:width\" content=\"1920\" \/>\n\t<meta property=\"og:image:height\" content=\"1920\" \/>\n\t<meta property=\"og:image:type\" content=\"image\/png\" \/>\n<meta name=\"twitter:card\" content=\"summary_large_image\" \/>\n<meta name=\"twitter:label1\" content=\"Temps estimat de lectura\" \/>\n\t<meta name=\"twitter:data1\" content=\"2 minuts\" \/>\n<script type=\"application\/ld+json\" class=\"yoast-schema-graph\">{\"@context\":\"https:\/\/schema.org\",\"@graph\":[{\"@type\":\"WebPage\",\"@id\":\"https:\/\/ingekabel.com\/gran-bretana\/\",\"url\":\"https:\/\/ingekabel.com\/gran-bretana\/\",\"name\":\"UK - Ingekabel\",\"isPartOf\":{\"@id\":\"https:\/\/ingekabel.com\/#website\"},\"primaryImageOfPage\":{\"@id\":\"https:\/\/ingekabel.com\/gran-bretana\/#primaryimage\"},\"image\":{\"@id\":\"https:\/\/ingekabel.com\/gran-bretana\/#primaryimage\"},\"thumbnailUrl\":\"https:\/\/ingekabel.com\/wp-content\/uploads\/2024\/10\/uk-3.png\",\"datePublished\":\"2025-02-26T10:20:19+00:00\",\"dateModified\":\"2025-11-03T10:16:27+00:00\",\"breadcrumb\":{\"@id\":\"https:\/\/ingekabel.com\/gran-bretana\/#breadcrumb\"},\"inLanguage\":\"ca\",\"potentialAction\":[{\"@type\":\"ReadAction\",\"target\":[\"https:\/\/ingekabel.com\/gran-bretana\/\"]}]},{\"@type\":\"ImageObject\",\"inLanguage\":\"ca\",\"@id\":\"https:\/\/ingekabel.com\/gran-bretana\/#primaryimage\",\"url\":\"https:\/\/ingekabel.com\/wp-content\/uploads\/2024\/10\/uk-3.png\",\"contentUrl\":\"https:\/\/ingekabel.com\/wp-content\/uploads\/2024\/10\/uk-3.png\"},{\"@type\":\"BreadcrumbList\",\"@id\":\"https:\/\/ingekabel.com\/gran-bretana\/#breadcrumb\",\"itemListElement\":[{\"@type\":\"ListItem\",\"position\":1,\"name\":\"Portada\",\"item\":\"https:\/\/ingekabel.com\/\"},{\"@type\":\"ListItem\",\"position\":2,\"name\":\"UK\"}]},{\"@type\":\"WebSite\",\"@id\":\"https:\/\/ingekabel.com\/#website\",\"url\":\"https:\/\/ingekabel.com\/\",\"name\":\"Ingekabel\",\"description\":\"Enginyeria de Telecomunicacions\",\"publisher\":{\"@id\":\"https:\/\/ingekabel.com\/#organization\"},\"potentialAction\":[{\"@type\":\"SearchAction\",\"target\":{\"@type\":\"EntryPoint\",\"urlTemplate\":\"https:\/\/ingekabel.com\/?s={search_term_string}\"},\"query-input\":{\"@type\":\"PropertyValueSpecification\",\"valueRequired\":true,\"valueName\":\"search_term_string\"}}],\"inLanguage\":\"ca\"},{\"@type\":\"Organization\",\"@id\":\"https:\/\/ingekabel.com\/#organization\",\"name\":\"Ingekabel Comunicaciones 2.0 SL\",\"url\":\"https:\/\/ingekabel.com\/\",\"logo\":{\"@type\":\"ImageObject\",\"inLanguage\":\"ca\",\"@id\":\"https:\/\/ingekabel.com\/#\/schema\/logo\/image\/\",\"url\":\"https:\/\/ingekabel.com\/wp-content\/uploads\/2021\/05\/cropped-ingekabel-favicon.png\",\"contentUrl\":\"https:\/\/ingekabel.com\/wp-content\/uploads\/2021\/05\/cropped-ingekabel-favicon.png\",\"width\":512,\"height\":512,\"caption\":\"Ingekabel Comunicaciones 2.0 SL\"},\"image\":{\"@id\":\"https:\/\/ingekabel.com\/#\/schema\/logo\/image\/\"},\"sameAs\":[\"https:\/\/es.linkedin.com\/company\/ingekabel-comunicaciones-20-sl\"]}]}<\/script>\n<!-- \/ Yoast SEO plugin. -->","yoast_head_json":{"title":"UK - Ingekabel","robots":{"index":"index","follow":"follow","max-snippet":"max-snippet:-1","max-image-preview":"max-image-preview:large","max-video-preview":"max-video-preview:-1"},"canonical":"https:\/\/ingekabel.com\/gran-bretana\/","og_locale":"ca_ES","og_type":"article","og_title":"UK - Ingekabel","og_description":"UK UK projectes 0 mili\u00f3 llars dissenyades 0 + rutes troncals interurbanes 0 + km alt-net + ISP clients prove\u00efdors 0 Ingekabel: innovaci\u00f3 i comprom\u00eds amb el futur digital del Regne Unit Des del 2019, Ingekabel ha tingut un paper fonamental en la modernitzaci\u00f3 de les xarxes de telecomunicacions del Regne Unit, donant suport proactiu [&hellip;]","og_url":"https:\/\/ingekabel.com\/gran-bretana\/","og_site_name":"Ingekabel","article_modified_time":"2025-11-03T10:16:27+00:00","og_image":[{"width":1920,"height":1920,"url":"https:\/\/ingekabel.com\/wp-content\/uploads\/2024\/10\/uk-3.png","type":"image\/png"}],"twitter_card":"summary_large_image","twitter_misc":{"Temps estimat de lectura":"2 minuts"},"schema":{"@context":"https:\/\/schema.org","@graph":[{"@type":"WebPage","@id":"https:\/\/ingekabel.com\/gran-bretana\/","url":"https:\/\/ingekabel.com\/gran-bretana\/","name":"UK - Ingekabel","isPartOf":{"@id":"https:\/\/ingekabel.com\/#website"},"primaryImageOfPage":{"@id":"https:\/\/ingekabel.com\/gran-bretana\/#primaryimage"},"image":{"@id":"https:\/\/ingekabel.com\/gran-bretana\/#primaryimage"},"thumbnailUrl":"https:\/\/ingekabel.com\/wp-content\/uploads\/2024\/10\/uk-3.png","datePublished":"2025-02-26T10:20:19+00:00","dateModified":"2025-11-03T10:16:27+00:00","breadcrumb":{"@id":"https:\/\/ingekabel.com\/gran-bretana\/#breadcrumb"},"inLanguage":"ca","potentialAction":[{"@type":"ReadAction","target":["https:\/\/ingekabel.com\/gran-bretana\/"]}]},{"@type":"ImageObject","inLanguage":"ca","@id":"https:\/\/ingekabel.com\/gran-bretana\/#primaryimage","url":"https:\/\/ingekabel.com\/wp-content\/uploads\/2024\/10\/uk-3.png","contentUrl":"https:\/\/ingekabel.com\/wp-content\/uploads\/2024\/10\/uk-3.png"},{"@type":"BreadcrumbList","@id":"https:\/\/ingekabel.com\/gran-bretana\/#breadcrumb","itemListElement":[{"@type":"ListItem","position":1,"name":"Portada","item":"https:\/\/ingekabel.com\/"},{"@type":"ListItem","position":2,"name":"UK"}]},{"@type":"WebSite","@id":"https:\/\/ingekabel.com\/#website","url":"https:\/\/ingekabel.com\/","name":"Ingekabel","description":"Enginyeria de Telecomunicacions","publisher":{"@id":"https:\/\/ingekabel.com\/#organization"},"potentialAction":[{"@type":"SearchAction","target":{"@type":"EntryPoint","urlTemplate":"https:\/\/ingekabel.com\/?s={search_term_string}"},"query-input":{"@type":"PropertyValueSpecification","valueRequired":true,"valueName":"search_term_string"}}],"inLanguage":"ca"},{"@type":"Organization","@id":"https:\/\/ingekabel.com\/#organization","name":"Ingekabel Comunicaciones 2.0 SL","url":"https:\/\/ingekabel.com\/","logo":{"@type":"ImageObject","inLanguage":"ca","@id":"https:\/\/ingekabel.com\/#\/schema\/logo\/image\/","url":"https:\/\/ingekabel.com\/wp-content\/uploads\/2021\/05\/cropped-ingekabel-favicon.png","contentUrl":"https:\/\/ingekabel.com\/wp-content\/uploads\/2021\/05\/cropped-ingekabel-favicon.png","width":512,"height":512,"caption":"Ingekabel Comunicaciones 2.0 SL"},"image":{"@id":"https:\/\/ingekabel.com\/#\/schema\/logo\/image\/"},"sameAs":["https:\/\/es.linkedin.com\/company\/ingekabel-comunicaciones-20-sl"]}]}},"_links":{"self":[{"href":"https:\/\/ingekabel.com\/ca\/wp-json\/wp\/v2\/pages\/6553","targetHints":{"allow":["GET"]}}],"collection":[{"href":"https:\/\/ingekabel.com\/ca\/wp-json\/wp\/v2\/pages"}],"about":[{"href":"https:\/\/ingekabel.com\/ca\/wp-json\/wp\/v2\/types\/page"}],"author":[{"embeddable":true,"href":"https:\/\/ingekabel.com\/ca\/wp-json\/wp\/v2\/users\/1"}],"replies":[{"embeddable":true,"href":"https:\/\/ingekabel.com\/ca\/wp-json\/wp\/v2\/comments?post=6553"}],"version-history":[{"count":25,"href":"https:\/\/ingekabel.com\/ca\/wp-json\/wp\/v2\/pages\/6553\/revisions"}],"predecessor-version":[{"id":7672,"href":"https:\/\/ingekabel.com\/ca\/wp-json\/wp\/v2\/pages\/6553\/revisions\/7672"}],"wp:attachment":[{"href":"https:\/\/ingekabel.com\/ca\/wp-json\/wp\/v2\/media?parent=6553"}],"curies":[{"name":"wp","href":"https:\/\/api.w.org\/{rel}","templated":true}]}}