{"id":6551,"date":"2025-02-26T10:17:05","date_gmt":"2025-02-26T10:17:05","guid":{"rendered":"https:\/\/ingekabel.com\/europa\/"},"modified":"2025-05-06T11:23:18","modified_gmt":"2025-05-06T11:23:18","slug":"europa","status":"publish","type":"page","link":"https:\/\/ingekabel.com\/ca\/europa\/","title":{"rendered":"Europa"},"content":{"rendered":"\t\t<div data-elementor-type=\"wp-page\" data-elementor-id=\"6551\" class=\"elementor elementor-6551 elementor-1888\" data-elementor-settings=\"{&quot;ha_cmc_init_switcher&quot;:&quot;no&quot;}\" data-elementor-post-type=\"page\">\n\t\t\t\t<div class=\"elementor-element elementor-element-ffa0519 e-ecs-flex e-flex e-con-boxed e-con e-parent\" data-id=\"ffa0519\" data-element_type=\"container\" data-e-type=\"container\" data-settings=\"{&quot;ecs_container_type&quot;:&quot;flex&quot;,&quot;_ha_eqh_enable&quot;:false}\">\n\t\t\t\t\t<div class=\"e-con-inner\">\n\t\t\t\t<div class=\"elementor-element elementor-element-2af53e8 elementor-hidden-desktop elementor-widget elementor-widget-heading\" data-id=\"2af53e8\" data-element_type=\"widget\" data-e-type=\"widget\" data-widget_type=\"heading.default\">\n\t\t\t\t<div class=\"elementor-widget-container\">\n\t\t\t\t\t<h3 class=\"elementor-heading-title elementor-size-default\">Europa<\/h3>\t\t\t\t<\/div>\n\t\t\t\t<\/div>\n\t\t\t\t\t<\/div>\n\t\t\t\t<\/div>\n\t\t<div class=\"elementor-element elementor-element-4a46fd8 e-con-full proyecto-animation e-ecs-flex e-flex e-con e-parent\" data-id=\"4a46fd8\" data-element_type=\"container\" data-e-type=\"container\" id=\"proyecto-europa\" data-settings=\"{&quot;animation&quot;:&quot;none&quot;,&quot;ecs_container_type&quot;:&quot;flex&quot;,&quot;_ha_eqh_enable&quot;:false}\">\n\t\t\t\t<div class=\"elementor-element elementor-element-f90c4b0 elementor-widget__width-initial elementor-hidden-tablet elementor-hidden-mobile ha-has-bg-overlay elementor-widget elementor-widget-image\" data-id=\"f90c4b0\" data-element_type=\"widget\" data-e-type=\"widget\" data-settings=\"{&quot;_animation&quot;:&quot;none&quot;}\" data-widget_type=\"image.default\">\n\t\t\t\t<div class=\"elementor-widget-container\">\n\t\t\t\t\t\t\t\t\t\t\t\t\t\t\t<img fetchpriority=\"high\" decoding=\"async\" width=\"1920\" height=\"1920\" src=\"https:\/\/ingekabel.com\/wp-content\/uploads\/2025\/01\/europe-recorte-e1735814019749.jpg\" class=\"attachment-full size-full wp-image-5492\" alt=\"\" \/>\t\t\t\t\t\t\t\t\t\t\t\t\t\t\t<\/div>\n\t\t\t\t<\/div>\n\t\t<div class=\"elementor-element elementor-element-f675088 e-con-full e-ecs-flex e-flex e-con e-child\" data-id=\"f675088\" data-element_type=\"container\" data-e-type=\"container\" data-settings=\"{&quot;background_background&quot;:&quot;classic&quot;,&quot;animation&quot;:&quot;none&quot;,&quot;animation_delay&quot;:200,&quot;ecs_container_type&quot;:&quot;flex&quot;,&quot;_ha_eqh_enable&quot;:false}\">\n\t\t\t\t<div class=\"elementor-element elementor-element-40f9d26 elementor-hidden-tablet elementor-hidden-mobile elementor-widget elementor-widget-heading\" data-id=\"40f9d26\" data-element_type=\"widget\" data-e-type=\"widget\" data-widget_type=\"heading.default\">\n\t\t\t\t<div class=\"elementor-widget-container\">\n\t\t\t\t\t<h3 class=\"elementor-heading-title elementor-size-default\">Europa<\/h3>\t\t\t\t<\/div>\n\t\t\t\t<\/div>\n\t\t<div class=\"elementor-element elementor-element-5c69b9d e-con-full e-ecs-flex e-flex e-con e-child\" data-id=\"5c69b9d\" data-element_type=\"container\" data-e-type=\"container\" data-settings=\"{&quot;animation&quot;:&quot;none&quot;,&quot;ecs_container_type&quot;:&quot;flex&quot;,&quot;_ha_eqh_enable&quot;:false}\">\n\t\t<div class=\"elementor-element elementor-element-e81b725 e-grid e-con-full e-ecs-flex e-con e-child\" data-id=\"e81b725\" data-element_type=\"container\" data-e-type=\"container\" data-settings=\"{&quot;background_background&quot;:&quot;classic&quot;,&quot;ecs_container_type&quot;:&quot;flex&quot;,&quot;_ha_eqh_enable&quot;:false}\">\n\t\t\t\t<div class=\"elementor-element elementor-element-505069c elementor-widget elementor-widget-counter\" data-id=\"505069c\" data-element_type=\"widget\" data-e-type=\"widget\" data-widget_type=\"counter.default\">\n\t\t\t\t<div class=\"elementor-widget-container\">\n\t\t\t\t\t\t\t<div class=\"elementor-counter\">\n\t\t\t<div class=\"elementor-counter-title\">projectes<\/div>\t\t\t<div class=\"elementor-counter-number-wrapper\">\n\t\t\t\t<span class=\"elementor-counter-number-prefix\"><\/span>\n\t\t\t\t<span class=\"elementor-counter-number\" data-duration=\"2000\" data-to-value=\"8000\" data-from-value=\"0\" data-delimiter=\",\">0<\/span>\n\t\t\t\t<span class=\"elementor-counter-number-suffix\">+<\/span>\n\t\t\t<\/div>\n\t\t<\/div>\n\t\t\t\t\t\t<\/div>\n\t\t\t\t<\/div>\n\t\t\t\t<div class=\"elementor-element elementor-element-0dff036 elementor-widget elementor-widget-counter\" data-id=\"0dff036\" data-element_type=\"widget\" data-e-type=\"widget\" data-widget_type=\"counter.default\">\n\t\t\t\t<div class=\"elementor-widget-container\">\n\t\t\t\t\t\t\t<div class=\"elementor-counter\">\n\t\t\t<div class=\"elementor-counter-title\">llars dissenyades<\/div>\t\t\t<div class=\"elementor-counter-number-wrapper\">\n\t\t\t\t<span class=\"elementor-counter-number-prefix\"><\/span>\n\t\t\t\t<span class=\"elementor-counter-number\" data-duration=\"2000\" data-to-value=\"2000000\" data-from-value=\"0\" data-delimiter=\",\">0<\/span>\n\t\t\t\t<span class=\"elementor-counter-number-suffix\">+<\/span>\n\t\t\t<\/div>\n\t\t<\/div>\n\t\t\t\t\t\t<\/div>\n\t\t\t\t<\/div>\n\t\t\t\t<div class=\"elementor-element elementor-element-ee93456 elementor-widget elementor-widget-counter\" data-id=\"ee93456\" data-element_type=\"widget\" data-e-type=\"widget\" data-widget_type=\"counter.default\">\n\t\t\t\t<div class=\"elementor-widget-container\">\n\t\t\t\t\t\t\t<div class=\"elementor-counter\">\n\t\t\t<div class=\"elementor-counter-title\">rutes troncals interurbanes<\/div>\t\t\t<div class=\"elementor-counter-number-wrapper\">\n\t\t\t\t<span class=\"elementor-counter-number-prefix\"><\/span>\n\t\t\t\t<span class=\"elementor-counter-number\" data-duration=\"2000\" data-to-value=\"5000\" data-from-value=\"0\" data-delimiter=\",\">0<\/span>\n\t\t\t\t<span class=\"elementor-counter-number-suffix\">+ km <\/span>\n\t\t\t<\/div>\n\t\t<\/div>\n\t\t\t\t\t\t<\/div>\n\t\t\t\t<\/div>\n\t\t\t\t<div class=\"elementor-element elementor-element-8f627ad elementor-widget elementor-widget-counter\" data-id=\"8f627ad\" data-element_type=\"widget\" data-e-type=\"widget\" data-widget_type=\"counter.default\">\n\t\t\t\t<div class=\"elementor-widget-container\">\n\t\t\t\t\t\t\t<div class=\"elementor-counter\">\n\t\t\t<div class=\"elementor-counter-title\">empreses clients<\/div>\t\t\t<div class=\"elementor-counter-number-wrapper\">\n\t\t\t\t<span class=\"elementor-counter-number-prefix\"><\/span>\n\t\t\t\t<span class=\"elementor-counter-number\" data-duration=\"2000\" data-to-value=\"100\" data-from-value=\"0\" data-delimiter=\",\">0<\/span>\n\t\t\t\t<span class=\"elementor-counter-number-suffix\">+<\/span>\n\t\t\t<\/div>\n\t\t<\/div>\n\t\t\t\t\t\t<\/div>\n\t\t\t\t<\/div>\n\t\t\t\t<\/div>\n\t\t\t\t<\/div>\n\t\t\t\t<div class=\"elementor-element elementor-element-6e454c7 elementor-hidden-desktop elementor-widget elementor-widget-image\" data-id=\"6e454c7\" data-element_type=\"widget\" data-e-type=\"widget\" data-widget_type=\"image.default\">\n\t\t\t\t<div class=\"elementor-widget-container\">\n\t\t\t\t\t\t\t\t\t\t\t\t\t\t\t<img decoding=\"async\" width=\"800\" height=\"800\" src=\"https:\/\/ingekabel.com\/wp-content\/uploads\/2025\/01\/europe-recorte-1024x1024.jpg\" class=\"attachment-large size-large wp-image-5492\" alt=\"\" srcset=\"https:\/\/ingekabel.com\/wp-content\/uploads\/2025\/01\/europe-recorte-1024x1024.jpg 1024w, https:\/\/ingekabel.com\/wp-content\/uploads\/2025\/01\/europe-recorte-300x300.jpg 300w, https:\/\/ingekabel.com\/wp-content\/uploads\/2025\/01\/europe-recorte-150x150.jpg 150w, https:\/\/ingekabel.com\/wp-content\/uploads\/2025\/01\/europe-recorte-768x768.jpg 768w, https:\/\/ingekabel.com\/wp-content\/uploads\/2025\/01\/europe-recorte-1536x1536.jpg 1536w, https:\/\/ingekabel.com\/wp-content\/uploads\/2025\/01\/europe-recorte.jpg 1920w\" sizes=\"(max-width: 800px) 100vw, 800px\" \/>\t\t\t\t\t\t\t\t\t\t\t\t\t\t\t<\/div>\n\t\t\t\t<\/div>\n\t\t\t\t<div data-ha-element-link=\"{&quot;url&quot;:&quot;#tipologias&quot;,&quot;is_external&quot;:&quot;&quot;,&quot;nofollow&quot;:&quot;&quot;}\" style=\"cursor: pointer\" class=\"elementor-element elementor-element-fd06553 elementor-widget elementor-widget-heading\" data-id=\"fd06553\" data-element_type=\"widget\" data-e-type=\"widget\" data-widget_type=\"heading.default\">\n\t\t\t\t<div class=\"elementor-widget-container\">\n\t\t\t\t\t<h2 class=\"elementor-heading-title elementor-size-default\"><a href=\"#tipologias\"><b>Des de Barcelona al m\u00f3n<\/b><\/a><\/h2>\t\t\t\t<\/div>\n\t\t\t\t<\/div>\n\t\t\t\t<div class=\"elementor-element elementor-element-7efe5a1 elementor-widget elementor-widget-text-editor\" data-id=\"7efe5a1\" data-element_type=\"widget\" data-e-type=\"widget\" data-widget_type=\"text-editor.default\">\n\t\t\t\t<div class=\"elementor-widget-container\">\n\t\t\t\t\t\t\t\t\t<p>Des dels nostres inicis, hem focalitzat la nostra activitat principalment en l&#8217;execuci\u00f3 de projectes a Catalunya, expandint-nos posteriorment a la resta d&#8217;Espanya i m\u00e9s enll\u00e0. Aquest enfocament ens ha perm\u00e8s desenvolupar un coneixement profund del territori i adaptar-nos a les necessitats espec\u00edfiques de cada zona. Actualment ens trobem en un proc\u00e9s d&#8217;expansi\u00f3 cap a altres zones d&#8217;Europa, cosa que ens permetr\u00e0 portar les nostres solucions de connectivitat d&#8217;alta qualitat a nous clients i territoris.<\/p>\t\t\t\t\t\t\t\t<\/div>\n\t\t\t\t<\/div>\n\t\t<div class=\"elementor-element elementor-element-428c306 e-grid e-con-full e-ecs-flex e-con e-child\" data-id=\"428c306\" data-element_type=\"container\" data-e-type=\"container\" data-settings=\"{&quot;ecs_container_type&quot;:&quot;flex&quot;,&quot;_ha_eqh_enable&quot;:false}\">\n\t\t\t\t<div data-ha-element-link=\"{&quot;url&quot;:&quot;#europa&quot;,&quot;is_external&quot;:&quot;&quot;,&quot;nofollow&quot;:&quot;&quot;}\" style=\"cursor: pointer\" class=\"elementor-element elementor-element-ce01c5e elementor-widget elementor-widget-image-box\" data-id=\"ce01c5e\" data-element_type=\"widget\" data-e-type=\"widget\" data-widget_type=\"image-box.default\">\n\t\t\t\t<div class=\"elementor-widget-container\">\n\t\t\t\t\t<div class=\"elementor-image-box-wrapper\"><div class=\"elementor-image-box-content\"><h3 class=\"elementor-image-box-title\"><a href=\"#europa\">CATALUNYA<\/a><\/h3><p class=\"elementor-image-box-description\">4,500+ projectes FTTH + troncals, 20+ \u00e0rees, 45+ clients<\/p><\/div><\/div>\t\t\t\t<\/div>\n\t\t\t\t<\/div>\n\t\t\t\t<div data-ha-element-link=\"{&quot;url&quot;:&quot;#europa&quot;,&quot;is_external&quot;:&quot;&quot;,&quot;nofollow&quot;:&quot;&quot;}\" style=\"cursor: pointer\" class=\"elementor-element elementor-element-0074b1a elementor-widget elementor-widget-image-box\" data-id=\"0074b1a\" data-element_type=\"widget\" data-e-type=\"widget\" data-widget_type=\"image-box.default\">\n\t\t\t\t<div class=\"elementor-widget-container\">\n\t\t\t\t\t<div class=\"elementor-image-box-wrapper\"><div class=\"elementor-image-box-content\"><h3 class=\"elementor-image-box-title\"><a href=\"#europa\">ILLES BALEARS<\/a><\/h3><p class=\"elementor-image-box-description\">15 projectes FTTH, 8 \u00e0rees, 3 clients<\/p><\/div><\/div>\t\t\t\t<\/div>\n\t\t\t\t<\/div>\n\t\t\t\t<div data-ha-element-link=\"{&quot;url&quot;:&quot;#europa&quot;,&quot;is_external&quot;:&quot;&quot;,&quot;nofollow&quot;:&quot;&quot;}\" style=\"cursor: pointer\" class=\"elementor-element elementor-element-ad5b74b elementor-widget elementor-widget-image-box\" data-id=\"ad5b74b\" data-element_type=\"widget\" data-e-type=\"widget\" data-widget_type=\"image-box.default\">\n\t\t\t\t<div class=\"elementor-widget-container\">\n\t\t\t\t\t<div class=\"elementor-image-box-wrapper\"><div class=\"elementor-image-box-content\"><h3 class=\"elementor-image-box-title\"><a href=\"#europa\">ILLES CAN\u00c0RIES<\/a><\/h3><p class=\"elementor-image-box-description\">100+ projectes FTTH + troncals, 20 \u00e0rees, 4 clients<\/p><\/div><\/div>\t\t\t\t<\/div>\n\t\t\t\t<\/div>\n\t\t\t\t<div data-ha-element-link=\"{&quot;url&quot;:&quot;#europa&quot;,&quot;is_external&quot;:&quot;&quot;,&quot;nofollow&quot;:&quot;&quot;}\" style=\"cursor: pointer\" class=\"elementor-element elementor-element-f66efe7 elementor-widget elementor-widget-image-box\" data-id=\"f66efe7\" data-element_type=\"widget\" data-e-type=\"widget\" data-widget_type=\"image-box.default\">\n\t\t\t\t<div class=\"elementor-widget-container\">\n\t\t\t\t\t<div class=\"elementor-image-box-wrapper\"><div class=\"elementor-image-box-content\"><h3 class=\"elementor-image-box-title\"><a href=\"#europa\">PA\u00cdS BASC<\/a><\/h3><p class=\"elementor-image-box-description\">200+ projectes FTTH, 5 \u00e0rees, 2 clients<\/p><\/div><\/div>\t\t\t\t<\/div>\n\t\t\t\t<\/div>\n\t\t\t\t<div data-ha-element-link=\"{&quot;url&quot;:&quot;#europa&quot;,&quot;is_external&quot;:&quot;&quot;,&quot;nofollow&quot;:&quot;&quot;}\" style=\"cursor: pointer\" class=\"elementor-element elementor-element-b59f1ed elementor-widget elementor-widget-image-box\" data-id=\"b59f1ed\" data-element_type=\"widget\" data-e-type=\"widget\" data-widget_type=\"image-box.default\">\n\t\t\t\t<div class=\"elementor-widget-container\">\n\t\t\t\t\t<div class=\"elementor-image-box-wrapper\"><div class=\"elementor-image-box-content\"><h3 class=\"elementor-image-box-title\"><a href=\"#europa\">RESTA D\u2019ESPANYA<\/a><\/h3><p class=\"elementor-image-box-description\">3,000+ projectes FTTH, 150 \u00e0rees, 30+ clients<\/p><\/div><\/div>\t\t\t\t<\/div>\n\t\t\t\t<\/div>\n\t\t\t\t<div data-ha-element-link=\"{&quot;url&quot;:&quot;#europa&quot;,&quot;is_external&quot;:&quot;&quot;,&quot;nofollow&quot;:&quot;&quot;}\" style=\"cursor: pointer\" class=\"elementor-element elementor-element-1b1b16f elementor-widget elementor-widget-image-box\" data-id=\"1b1b16f\" data-element_type=\"widget\" data-e-type=\"widget\" data-widget_type=\"image-box.default\">\n\t\t\t\t<div class=\"elementor-widget-container\">\n\t\t\t\t\t<div class=\"elementor-image-box-wrapper\"><div class=\"elementor-image-box-content\"><h3 class=\"elementor-image-box-title\"><a href=\"#europa\">ANDORRA<\/a><\/h3><p class=\"elementor-image-box-description\">3 projectes FTTH, 1 \u00e0rea, 1 client<\/p><\/div><\/div>\t\t\t\t<\/div>\n\t\t\t\t<\/div>\n\t\t\t\t<div data-ha-element-link=\"{&quot;url&quot;:&quot;#europa&quot;,&quot;is_external&quot;:&quot;&quot;,&quot;nofollow&quot;:&quot;&quot;}\" style=\"cursor: pointer\" class=\"elementor-element elementor-element-279fe33 elementor-widget elementor-widget-image-box\" data-id=\"279fe33\" data-element_type=\"widget\" data-e-type=\"widget\" data-widget_type=\"image-box.default\">\n\t\t\t\t<div class=\"elementor-widget-container\">\n\t\t\t\t\t<div class=\"elementor-image-box-wrapper\"><div class=\"elementor-image-box-content\"><h3 class=\"elementor-image-box-title\"><a href=\"#europa\">ALEMANYA<\/a><\/h3><p class=\"elementor-image-box-description\">3 projectes FTTH, 3 \u00e0rees, 2 clients<\/p><\/div><\/div>\t\t\t\t<\/div>\n\t\t\t\t<\/div>\n\t\t\t\t<div data-ha-element-link=\"{&quot;url&quot;:&quot;#europa&quot;,&quot;is_external&quot;:&quot;&quot;,&quot;nofollow&quot;:&quot;&quot;}\" style=\"cursor: pointer\" class=\"elementor-element elementor-element-e10cf97 elementor-widget elementor-widget-image-box\" data-id=\"e10cf97\" data-element_type=\"widget\" data-e-type=\"widget\" data-widget_type=\"image-box.default\">\n\t\t\t\t<div class=\"elementor-widget-container\">\n\t\t\t\t\t<div class=\"elementor-image-box-wrapper\"><div class=\"elementor-image-box-content\"><h3 class=\"elementor-image-box-title\"><a href=\"#europa\">PORTUGAL<\/a><\/h3><p class=\"elementor-image-box-description\">2 projectes troncals, 2 \u00e0rees, 2 clients<\/p><\/div><\/div>\t\t\t\t<\/div>\n\t\t\t\t<\/div>\n\t\t\t\t<\/div>\n\t\t\t\t<div class=\"elementor-element elementor-element-d2c2c02 elementor-widget elementor-widget-image\" data-id=\"d2c2c02\" data-element_type=\"widget\" data-e-type=\"widget\" data-widget_type=\"image.default\">\n\t\t\t\t<div class=\"elementor-widget-container\">\n\t\t\t\t\t\t\t\t\t\t\t\t\t\t\t\t<a href=\"https:\/\/ingekabel.com\/ca#proyectos\">\n\t\t\t\t\t\t\t<img decoding=\"async\" src=\"https:\/\/ingekabel.com\/wp-content\/uploads\/elementor\/thumbs\/arrow1-e1734688817849-qys4zkawajaen5ym3uxo81vgse7ph1cw3whqujja24.png\" title=\"arrow1\" alt=\"arrow1\" loading=\"lazy\" \/>\t\t\t\t\t\t\t\t<\/a>\n\t\t\t\t\t\t\t\t\t\t\t\t\t\t\t<\/div>\n\t\t\t\t<\/div>\n\t\t\t\t<\/div>\n\t\t\t\t<\/div>\n\t\t\t\t<\/div>\n\t\t","protected":false},"excerpt":{"rendered":"<p>Europa Europa projectes 0 + llars dissenyades 0 + rutes troncals interurbanes 0 + km empreses clients 0 + Des de Barcelona al m\u00f3n Des dels nostres inicis, hem focalitzat la nostra activitat principalment en l&#8217;execuci\u00f3 de projectes a Catalunya, expandint-nos posteriorment a la resta d&#8217;Espanya i m\u00e9s enll\u00e0. Aquest enfocament ens ha perm\u00e8s desenvolupar [&hellip;]<\/p>\n","protected":false},"author":1,"featured_media":0,"parent":0,"menu_order":0,"comment_status":"closed","ping_status":"closed","template":"elementor_header_footer","meta":{"footnotes":""},"class_list":["post-6551","page","type-page","status-publish","hentry"],"yoast_head":"<!-- This site is optimized with the Yoast SEO plugin v25.3 - https:\/\/yoast.com\/wordpress\/plugins\/seo\/ -->\n<title>Europa - Ingekabel<\/title>\n<meta name=\"robots\" content=\"index, follow, max-snippet:-1, max-image-preview:large, max-video-preview:-1\" \/>\n<link rel=\"canonical\" href=\"https:\/\/ingekabel.com\/en\/europe\/\" \/>\n<meta property=\"og:locale\" content=\"ca_ES\" \/>\n<meta property=\"og:type\" content=\"article\" \/>\n<meta property=\"og:title\" content=\"Europa - Ingekabel\" \/>\n<meta property=\"og:description\" content=\"Europa Europa projectes 0 + llars dissenyades 0 + rutes troncals interurbanes 0 + km empreses clients 0 + Des de Barcelona al m\u00f3n Des dels nostres inicis, hem focalitzat la nostra activitat principalment en l&#8217;execuci\u00f3 de projectes a Catalunya, expandint-nos posteriorment a la resta d&#8217;Espanya i m\u00e9s enll\u00e0. Aquest enfocament ens ha perm\u00e8s desenvolupar [&hellip;]\" \/>\n<meta property=\"og:url\" content=\"https:\/\/ingekabel.com\/en\/europe\/\" \/>\n<meta property=\"og:site_name\" content=\"Ingekabel\" \/>\n<meta property=\"article:modified_time\" content=\"2025-05-06T11:23:18+00:00\" \/>\n<meta property=\"og:image\" content=\"https:\/\/ingekabel.com\/wp-content\/uploads\/2025\/01\/europe-recorte-e1735814019749.jpg\" \/>\n\t<meta property=\"og:image:width\" content=\"1180\" \/>\n\t<meta property=\"og:image:height\" content=\"1920\" \/>\n\t<meta property=\"og:image:type\" content=\"image\/jpeg\" \/>\n<meta name=\"twitter:card\" content=\"summary_large_image\" \/>\n<meta name=\"twitter:label1\" content=\"Temps estimat de lectura\" \/>\n\t<meta name=\"twitter:data1\" content=\"2 minuts\" \/>\n<script type=\"application\/ld+json\" class=\"yoast-schema-graph\">{\"@context\":\"https:\/\/schema.org\",\"@graph\":[{\"@type\":\"WebPage\",\"@id\":\"https:\/\/ingekabel.com\/en\/europe\/\",\"url\":\"https:\/\/ingekabel.com\/en\/europe\/\",\"name\":\"Europa - Ingekabel\",\"isPartOf\":{\"@id\":\"https:\/\/ingekabel.com\/#website\"},\"primaryImageOfPage\":{\"@id\":\"https:\/\/ingekabel.com\/en\/europe\/#primaryimage\"},\"image\":{\"@id\":\"https:\/\/ingekabel.com\/en\/europe\/#primaryimage\"},\"thumbnailUrl\":\"https:\/\/ingekabel.com\/wp-content\/uploads\/2025\/01\/europe-recorte-e1735814019749.jpg\",\"datePublished\":\"2025-02-26T10:17:05+00:00\",\"dateModified\":\"2025-05-06T11:23:18+00:00\",\"breadcrumb\":{\"@id\":\"https:\/\/ingekabel.com\/en\/europe\/#breadcrumb\"},\"inLanguage\":\"ca\",\"potentialAction\":[{\"@type\":\"ReadAction\",\"target\":[\"https:\/\/ingekabel.com\/en\/europe\/\"]}]},{\"@type\":\"ImageObject\",\"inLanguage\":\"ca\",\"@id\":\"https:\/\/ingekabel.com\/en\/europe\/#primaryimage\",\"url\":\"https:\/\/ingekabel.com\/wp-content\/uploads\/2025\/01\/europe-recorte-e1735814019749.jpg\",\"contentUrl\":\"https:\/\/ingekabel.com\/wp-content\/uploads\/2025\/01\/europe-recorte-e1735814019749.jpg\"},{\"@type\":\"BreadcrumbList\",\"@id\":\"https:\/\/ingekabel.com\/en\/europe\/#breadcrumb\",\"itemListElement\":[{\"@type\":\"ListItem\",\"position\":1,\"name\":\"Portada\",\"item\":\"https:\/\/ingekabel.com\/\"},{\"@type\":\"ListItem\",\"position\":2,\"name\":\"Europa\"}]},{\"@type\":\"WebSite\",\"@id\":\"https:\/\/ingekabel.com\/#website\",\"url\":\"https:\/\/ingekabel.com\/\",\"name\":\"Ingekabel\",\"description\":\"Enginyeria de Telecomunicacions\",\"publisher\":{\"@id\":\"https:\/\/ingekabel.com\/#organization\"},\"potentialAction\":[{\"@type\":\"SearchAction\",\"target\":{\"@type\":\"EntryPoint\",\"urlTemplate\":\"https:\/\/ingekabel.com\/?s={search_term_string}\"},\"query-input\":{\"@type\":\"PropertyValueSpecification\",\"valueRequired\":true,\"valueName\":\"search_term_string\"}}],\"inLanguage\":\"ca\"},{\"@type\":\"Organization\",\"@id\":\"https:\/\/ingekabel.com\/#organization\",\"name\":\"Ingekabel Comunicaciones 2.0 SL\",\"url\":\"https:\/\/ingekabel.com\/\",\"logo\":{\"@type\":\"ImageObject\",\"inLanguage\":\"ca\",\"@id\":\"https:\/\/ingekabel.com\/#\/schema\/logo\/image\/\",\"url\":\"https:\/\/ingekabel.com\/wp-content\/uploads\/2021\/05\/cropped-ingekabel-favicon.png\",\"contentUrl\":\"https:\/\/ingekabel.com\/wp-content\/uploads\/2021\/05\/cropped-ingekabel-favicon.png\",\"width\":512,\"height\":512,\"caption\":\"Ingekabel Comunicaciones 2.0 SL\"},\"image\":{\"@id\":\"https:\/\/ingekabel.com\/#\/schema\/logo\/image\/\"},\"sameAs\":[\"https:\/\/es.linkedin.com\/company\/ingekabel-comunicaciones-20-sl\"]}]}<\/script>\n<!-- \/ Yoast SEO plugin. -->","yoast_head_json":{"title":"Europa - Ingekabel","robots":{"index":"index","follow":"follow","max-snippet":"max-snippet:-1","max-image-preview":"max-image-preview:large","max-video-preview":"max-video-preview:-1"},"canonical":"https:\/\/ingekabel.com\/en\/europe\/","og_locale":"ca_ES","og_type":"article","og_title":"Europa - Ingekabel","og_description":"Europa Europa projectes 0 + llars dissenyades 0 + rutes troncals interurbanes 0 + km empreses clients 0 + Des de Barcelona al m\u00f3n Des dels nostres inicis, hem focalitzat la nostra activitat principalment en l&#8217;execuci\u00f3 de projectes a Catalunya, expandint-nos posteriorment a la resta d&#8217;Espanya i m\u00e9s enll\u00e0. Aquest enfocament ens ha perm\u00e8s desenvolupar [&hellip;]","og_url":"https:\/\/ingekabel.com\/en\/europe\/","og_site_name":"Ingekabel","article_modified_time":"2025-05-06T11:23:18+00:00","og_image":[{"width":1180,"height":1920,"url":"https:\/\/ingekabel.com\/wp-content\/uploads\/2025\/01\/europe-recorte-e1735814019749.jpg","type":"image\/jpeg"}],"twitter_card":"summary_large_image","twitter_misc":{"Temps estimat de lectura":"2 minuts"},"schema":{"@context":"https:\/\/schema.org","@graph":[{"@type":"WebPage","@id":"https:\/\/ingekabel.com\/en\/europe\/","url":"https:\/\/ingekabel.com\/en\/europe\/","name":"Europa - Ingekabel","isPartOf":{"@id":"https:\/\/ingekabel.com\/#website"},"primaryImageOfPage":{"@id":"https:\/\/ingekabel.com\/en\/europe\/#primaryimage"},"image":{"@id":"https:\/\/ingekabel.com\/en\/europe\/#primaryimage"},"thumbnailUrl":"https:\/\/ingekabel.com\/wp-content\/uploads\/2025\/01\/europe-recorte-e1735814019749.jpg","datePublished":"2025-02-26T10:17:05+00:00","dateModified":"2025-05-06T11:23:18+00:00","breadcrumb":{"@id":"https:\/\/ingekabel.com\/en\/europe\/#breadcrumb"},"inLanguage":"ca","potentialAction":[{"@type":"ReadAction","target":["https:\/\/ingekabel.com\/en\/europe\/"]}]},{"@type":"ImageObject","inLanguage":"ca","@id":"https:\/\/ingekabel.com\/en\/europe\/#primaryimage","url":"https:\/\/ingekabel.com\/wp-content\/uploads\/2025\/01\/europe-recorte-e1735814019749.jpg","contentUrl":"https:\/\/ingekabel.com\/wp-content\/uploads\/2025\/01\/europe-recorte-e1735814019749.jpg"},{"@type":"BreadcrumbList","@id":"https:\/\/ingekabel.com\/en\/europe\/#breadcrumb","itemListElement":[{"@type":"ListItem","position":1,"name":"Portada","item":"https:\/\/ingekabel.com\/"},{"@type":"ListItem","position":2,"name":"Europa"}]},{"@type":"WebSite","@id":"https:\/\/ingekabel.com\/#website","url":"https:\/\/ingekabel.com\/","name":"Ingekabel","description":"Enginyeria de Telecomunicacions","publisher":{"@id":"https:\/\/ingekabel.com\/#organization"},"potentialAction":[{"@type":"SearchAction","target":{"@type":"EntryPoint","urlTemplate":"https:\/\/ingekabel.com\/?s={search_term_string}"},"query-input":{"@type":"PropertyValueSpecification","valueRequired":true,"valueName":"search_term_string"}}],"inLanguage":"ca"},{"@type":"Organization","@id":"https:\/\/ingekabel.com\/#organization","name":"Ingekabel Comunicaciones 2.0 SL","url":"https:\/\/ingekabel.com\/","logo":{"@type":"ImageObject","inLanguage":"ca","@id":"https:\/\/ingekabel.com\/#\/schema\/logo\/image\/","url":"https:\/\/ingekabel.com\/wp-content\/uploads\/2021\/05\/cropped-ingekabel-favicon.png","contentUrl":"https:\/\/ingekabel.com\/wp-content\/uploads\/2021\/05\/cropped-ingekabel-favicon.png","width":512,"height":512,"caption":"Ingekabel Comunicaciones 2.0 SL"},"image":{"@id":"https:\/\/ingekabel.com\/#\/schema\/logo\/image\/"},"sameAs":["https:\/\/es.linkedin.com\/company\/ingekabel-comunicaciones-20-sl"]}]}},"_links":{"self":[{"href":"https:\/\/ingekabel.com\/ca\/wp-json\/wp\/v2\/pages\/6551","targetHints":{"allow":["GET"]}}],"collection":[{"href":"https:\/\/ingekabel.com\/ca\/wp-json\/wp\/v2\/pages"}],"about":[{"href":"https:\/\/ingekabel.com\/ca\/wp-json\/wp\/v2\/types\/page"}],"author":[{"embeddable":true,"href":"https:\/\/ingekabel.com\/ca\/wp-json\/wp\/v2\/users\/1"}],"replies":[{"embeddable":true,"href":"https:\/\/ingekabel.com\/ca\/wp-json\/wp\/v2\/comments?post=6551"}],"version-history":[{"count":47,"href":"https:\/\/ingekabel.com\/ca\/wp-json\/wp\/v2\/pages\/6551\/revisions"}],"predecessor-version":[{"id":7468,"href":"https:\/\/ingekabel.com\/ca\/wp-json\/wp\/v2\/pages\/6551\/revisions\/7468"}],"wp:attachment":[{"href":"https:\/\/ingekabel.com\/ca\/wp-json\/wp\/v2\/media?parent=6551"}],"curies":[{"name":"wp","href":"https:\/\/api.w.org\/{rel}","templated":true}]}}