{"id":1292,"date":"2021-07-23T07:20:53","date_gmt":"2021-07-23T07:20:53","guid":{"rendered":"https:\/\/ingekabel.com\/avis-legal\/"},"modified":"2022-11-10T09:52:57","modified_gmt":"2022-11-10T09:52:57","slug":"avis-legal","status":"publish","type":"page","link":"https:\/\/ingekabel.com\/ca\/avis-legal\/","title":{"rendered":"Av\u00eds legal"},"content":{"rendered":"\t\t<div data-elementor-type=\"wp-page\" data-elementor-id=\"1292\" class=\"elementor elementor-1292 elementor-889\" data-elementor-settings=\"{&quot;ha_cmc_init_switcher&quot;:&quot;no&quot;}\" data-elementor-post-type=\"page\">\n\t\t\t\t\t\t<section class=\"elementor-section elementor-top-section elementor-element elementor-element-94b2987 elementor-section-boxed elementor-section-height-default elementor-section-height-default\" data-id=\"94b2987\" data-element_type=\"section\" data-e-type=\"section\" data-settings=\"{&quot;background_background&quot;:&quot;classic&quot;,&quot;_ha_eqh_enable&quot;:false}\">\n\t\t\t\t\t\t\t<div class=\"elementor-background-overlay\"><\/div>\n\t\t\t\t\t\t\t<div class=\"elementor-container elementor-column-gap-default\">\n\t\t\t\t\t<div class=\"elementor-column elementor-col-100 elementor-top-column elementor-element elementor-element-f441bf3\" data-id=\"f441bf3\" data-element_type=\"column\" data-e-type=\"column\">\n\t\t\t<div class=\"elementor-widget-wrap elementor-element-populated\">\n\t\t\t\t\t\t<div class=\"elementor-element elementor-element-a9fd619 elementor-widget elementor-widget-heading\" data-id=\"a9fd619\" data-element_type=\"widget\" data-e-type=\"widget\" data-widget_type=\"heading.default\">\n\t\t\t\t<div class=\"elementor-widget-container\">\n\t\t\t\t\t<h1 class=\"elementor-heading-title elementor-size-default\">Av\u00eds legal<\/h1>\t\t\t\t<\/div>\n\t\t\t\t<\/div>\n\t\t\t\t\t<\/div>\n\t\t<\/div>\n\t\t\t\t\t<\/div>\n\t\t<\/section>\n\t\t\t\t<section class=\"elementor-section elementor-top-section elementor-element elementor-element-7e4bfc4 elementor-section-boxed elementor-section-height-default elementor-section-height-default\" data-id=\"7e4bfc4\" data-element_type=\"section\" data-e-type=\"section\" data-settings=\"{&quot;_ha_eqh_enable&quot;:false}\">\n\t\t\t\t\t\t<div class=\"elementor-container elementor-column-gap-default\">\n\t\t\t\t\t<div class=\"elementor-column elementor-col-100 elementor-top-column elementor-element elementor-element-34a3215\" data-id=\"34a3215\" data-element_type=\"column\" data-e-type=\"column\">\n\t\t\t<div class=\"elementor-widget-wrap elementor-element-populated\">\n\t\t\t\t\t\t<div class=\"elementor-element elementor-element-e00df15 elementor-widget elementor-widget-text-editor\" data-id=\"e00df15\" data-element_type=\"widget\" data-e-type=\"widget\" data-widget_type=\"text-editor.default\">\n\t\t\t\t<div class=\"elementor-widget-container\">\n\t\t\t\t\t\t\t\t\t<h4 style=\"text-align: justify;\">1. DADES IDENTIFICATIVES<\/h4>\r\n<p style=\"text-align: justify;\"><span style=\"background-color: transparent; color: var( --e-global-color-text );\">En compliment amb el deure informaci\u00f3 recollit a article 10 de la Llei 34\/2002, d&#8217;11 de juliol, de Serveis de la Societat de la Informaci\u00f3 i del Comer\u00e7 Electr\u00f2nic, a continuaci\u00f3 es reflecteixen les dades seg\u00fcents: l&#8217;empresa titular del domini web ingekabel.com \u00e9s Ingekabel Comunicaciones 2.0., S.L.(d&#8217;ara endavant Ingekabel), amb domicili a aquests efectes a Carrer Frederic Mompou, 4B, baixos 3a. 08960 Sant Just Desvern (Barcelona) n\u00famero de N.I.F.: B66529017. Correu electr\u00f2nic de contacte: jrodriguez@ingekabel.com del lloc web.<\/span><\/p>\r\n\r\n<h4 style=\"text-align: justify;\">2. USUARIS<\/h4>\r\n<p style=\"text-align: justify;\">L&#8217;acc\u00e9s i\/o \u00fas d&#8217;aquest portal d&#8217;Ingekabel atribueix la condici\u00f3 d&#8217;USUARI, que accepta, des d&#8217;aquest acc\u00e9s i\/o \u00fas, les Condicions Generals d&#8217;\u00das reflectides aqu\u00ed. Les condicions esmentades s\u00f3n aplicables independentment de les condicions generals de contractaci\u00f3 que, si s&#8217;escau, resultin de compliment obligat.<\/p>\r\n\r\n<h4 style=\"text-align: justify;\">3. \u00daS DEL PORTAL<\/h4>\r\n<p style=\"text-align: justify;\"><span style=\"color: var( --e-global-color-text );\">Ingekabel\u00a0<\/span>proporciona l&#8217;acc\u00e9s a multitud d&#8217;informacions, serveis, programes o dades (d&#8217;ara endavant, \u201cels continguts\u201d) a Internet pertanyents a Ingekabel o als seus llicenciants a qu\u00e8 l&#8217;USUARI pugui tenir acc\u00e9s. L\u00b4USUARI assumeix la responsabilitat de l\u00b4\u00fas del portal. Aquesta responsabilitat s&#8217;est\u00e9n al registre necessari per accedir a determinats serveis o continguts.<\/p>\r\n<p style=\"text-align: justify;\">En aquest registre l&#8217;USUARI ser\u00e0 responsable d&#8217;aportar informaci\u00f3 vera\u00e7 i l\u00edcita. Com a conseq\u00fc\u00e8ncia d&#8217;aquest registre, a l&#8217;USUARI se li pot proporcionar una contrasenya de la qual ser\u00e0 responsable, comprometent-se a fer-ne un \u00fas diligent i confidencial. L&#8217;USUARI es compromet a fer un \u00fas adequat dels continguts i serveis (com ara serveis de xat, f\u00f2rums de discussi\u00f3 o grups de not\u00edcies) que Internet Profit Solutions, S.L. (creadora del lloc web) ofereix a trav\u00e9s del seu portal i amb car\u00e0cter enunciatiu per\u00f2 no limitatiu, a no fer-los servir per (i) inc\u00f3rrer en activitats il\u00b7l\u00edcites, il\u00b7legals o contr\u00e0ries a la bona fe ia l&#8217;ordre p\u00fablic; (ii) difondre continguts o propaganda de car\u00e0cter racista, xen\u00f2fob, pornogr\u00e0fic-il\u00b7legal, d&#8217;apologia del terrorisme o atemptatori contra els drets humans; (iii) provocar danys als sistemes f\u00edsics i l\u00f2gics d&#8217;Internet Profit Solutions, S.L. , dels seus prove\u00efdors o de terceres persones, introduir o difondre a la xarxa virus inform\u00e0tics o qualssevol altres sistemes f\u00edsics o l\u00f2gics que siguin susceptibles de provocar els danys anteriorment esmentats; (iv) intentar accedir i, si escau, utilitzar els comptes de correu electr\u00f2nic d&#8217;altres usuaris i modificar-ne o manipular-ne els missatges. Ingekabel es reserva el dret de retirar tots aquells comentaris i aportacions que vulnerin el respecte a la dignitat de la persona, que siguin discriminatoris, xen\u00f2fobs, racistes, pornogr\u00e0fics, que atemptin contra la joventut o la inf\u00e0ncia, l&#8217;ordre o la seguretat p\u00fablica o que , al seu parer, no resultaran adequats per a la publicaci\u00f3. En qualsevol cas, Ingekabel no ser\u00e0 responsable de les opinions abocades pels usuaris a trav\u00e9s dels f\u00f2rums, xats o altres eines de participaci\u00f3.<\/p>\r\n\r\n<h4 style=\"text-align: justify;\">4. PROTECCI\u00d3 DE DADES<\/h4>\r\n<p style=\"text-align: justify;\">Ingekabel compleix amb la m\u00e0xima transpar\u00e8ncia en els tractaments de dades que realitza en el marc de la seva gesti\u00f3 i prestaci\u00f3 dels serveis contractats i compleix amb la normativa vigent en mat\u00e8ria de protecci\u00f3 de dades , i en concret amb el Reglament (UE) 2016\/679 de 27 d&#8217;abril de 2016 (GDPR) relatiu a la protecci\u00f3 de les persones f\u00edsiques pel que fa al tractament de dades personals ia la lliure circulaci\u00f3 d&#8217;aquestes dades, ia la Llei Org\u00e0nica 3\/2018, de 5 de desembre, de\r\nProtecci\u00f3 de Dades Personals i garantia dels drets digitals, INGEKABEL \u00e9s el Responsable del tractament de les dades personals de l&#8217;usuari o interessat, i us informa que aquestes dades seran tractades de conformitat amb el que disposa la normativa vigent en protecci\u00f3 de dades personals, per la qual cosa us facilita la informaci\u00f3 del tractament que es descriu a l&#8217;apartat espec\u00edfic de la <a href=\"https:\/\/ingekabel.com\/ca\/politica-de-privacitat\/\" target=\"_blank\" rel=\"noopener\">Pol\u00edtica de privacitat<\/a>.<\/p>\r\n<h4 style=\"text-align: justify;\">5. PROPIETAT INTEL\u00b7LECTUAL I INDUSTRIAL<\/h4>\r\n<p style=\"text-align: justify;\">Ingekabel per si o com a cession\u00e0ria, \u00e9s titular de tots els drets de propietat intel\u00b7lectual i industrial de la seva p\u00e0gina web, aix\u00ed com dels elements continguts en aquesta (a t\u00edtol enunciatiu, imatges, so, \u00e0udio, v\u00eddeo, programari o textos, marques o logotips, combinacions de colors, estructura i disseny, selecci\u00f3 de materials usats, programes d&#8217;ordinador necessaris per al seu funcionament, acc\u00e9s i \u00fas, etc.), titularitat d&#8217;Ingekabel o b\u00e9 dels seus llicenciants.<\/p>\r\n<p style=\"text-align: justify;\">Tots els drets reservats. En virtut del que disposen els articles 8 i 32.1, par\u00e0graf segon, de la Llei de propietat intel\u00b7lectual, queden expressament prohibides la reproducci\u00f3, la distribuci\u00f3 i la comunicaci\u00f3 p\u00fablica, inclosa la seva modalitat de posada a disposici\u00f3, de la totalitat o part dels continguts d&#8217;aquesta p\u00e0gina web, amb finalitats comercials, a qualsevol suport i per qualsevol mitj\u00e0 t\u00e8cnic, sense l&#8217;autoritzaci\u00f3 d&#8217;Ingekabel. L&#8217;USUARI es compromet a respectar els drets de propietat intel\u00b7lectual i industrial titularitat d&#8217;Ingekabel. Podreu visualitzar els elements del portal i fins i tot imprimir-los, copiar-los i emmagatzemar-los al disc dur del vostre ordinador o en qualsevol altre suport f\u00edsic sempre que sigui, \u00fanica i exclusivament, per al seu \u00fas personal i privat. L&#8217;USUARI haur\u00e0 d&#8217;abstenir-se de suprimir, alterar, eludir o manipular qualsevol dispositiu de protecci\u00f3 o sistema de seguretat que estigu\u00e9s instal\u00b7lat a les p\u00e0gines d&#8217;Ingekabel.<\/p>\r\n\r\n<h4 style=\"text-align: justify;\">6. EXCLUSI\u00d3 DE GARANTIES I RESPONSABILITAT<\/h4>\r\n<p style=\"text-align: justify;\">Ingekabel no es fa responsable, en cap cas, dels danys i perjudicis de qualsevol naturalesa que poguessin ocasionar, a t\u00edtol enunciatiu: errors o omissions en els continguts, manca de disponibilitat del portal o la transmissi\u00f3 de virus o programes maliciosos o lesius en els continguts, tot i haver adoptat totes les mesures tecnol\u00f2giques necess\u00e0ries per evitar-ho.<\/p>\r\n\r\n<h4 style=\"text-align: justify;\">7. MODIFICACIONS<\/h4>\r\n<p style=\"text-align: justify;\">Ingekabel es reserva el dret d&#8217;efectuar sense previ av\u00eds les modificacions que consideri oportunes al seu portal, podent canviar, suprimir o afegir tant els continguts i serveis que es prestin a trav\u00e9s de la mateixa com la forma en qu\u00e8 aquests apareguin presentats o localitzats al seu portal.<\/p>\r\n\r\n<h4 style=\"text-align: justify;\">8. ENLLA\u00c7OS<\/h4>\r\n<p style=\"text-align: justify;\">En el cas que a Ingekabel es disposessin enlla\u00e7os o hipervincles feia altres llocs d&#8217;Internet, Ingekabel no exercir\u00e0 cap tipus de control sobre aquests llocs i continguts. En cap cas Ingekabel assumir\u00e0 cap responsabilitat pels continguts d&#8217;algun enlla\u00e7 pertanyent a un lloc web ali\u00e8, ni garantir\u00e0 la disponibilitat t\u00e8cnica, qualitat, fiabilitat, exactitud, amplitud, veracitat, validesa i constitucionalitat de qualsevol material o informaci\u00f3 continguda en cap d&#8217;aquests hipervincles o altres llocs d&#8217;Internet.<\/p>\r\n<p style=\"text-align: justify;\">Igualment la inclusi\u00f3 d&#8217;aquestes connexions externes no implicar\u00e0 cap tipus d&#8217;associaci\u00f3, fusi\u00f3 o participaci\u00f3 amb les entitats connectades.<\/p>\r\n\r\n<h4 style=\"text-align: justify;\"><\/h4>\r\n<h4 style=\"text-align: justify;\">9. DRET D&#8217;EXCLUSI\u00d3<\/h4>\r\n<p style=\"text-align: justify;\">Ingekabel es reserva el dret a denegar o retirar l&#8217;acc\u00e9s a portal i\/o els serveis oferts sense necessitat de preav\u00eds, a inst\u00e0ncia pr\u00f2pia o d&#8217;un tercer, a aquells usuaris que incompleixin les presents Condicions Generals d&#8217;\u00das.<\/p>\r\n\r\n<h4 style=\"text-align: justify;\"><\/h4>\r\n<h4 style=\"text-align: justify;\">10.GENERALITATS<\/h4>\r\n<p style=\"text-align: justify;\">Ingekabel perseguir\u00e0 l&#8217;incompliment de les presents condicions aix\u00ed com qualsevol utilitzaci\u00f3 indeguda del portal exercint totes les accions civils i penals que li puguin correspondre en dret.<\/p>\r\n\r\n<h4 style=\"text-align: justify;\"><\/h4>\r\n<h4 style=\"text-align: justify;\">11.MODIFICACI\u00d3 DE LES PRESENTS CONDICIONS I DURADA<\/h4>\r\n<p style=\"text-align: justify;\">Ingekabel podr\u00e0 modificar en qualsevol moment les condicions aqu\u00ed determinades, sent degudament publicades com aqu\u00ed apareixen.<\/p>\r\n<p style=\"text-align: justify;\">La vig\u00e8ncia de les condicions esmentades anir\u00e0 en funci\u00f3 de la seva exposici\u00f3 i estaran vigents fins degudament publicades. que siguin modificades per altres.<\/p>\r\n\r\n<h4 style=\"text-align: justify;\"><\/h4>\r\n<h4 style=\"text-align: justify;\">12. LEGISLACI\u00d3 APLICABLE I JURISDICCI\u00d3<\/h4>\r\n<p style=\"text-align: justify;\">La relaci\u00f3 entre Ingekabel i l&#8217;USUARI es regir\u00e0 per la normativa espanyola vigent i qualsevol controv\u00e8rsia se sotmetr\u00e0 als Jutjats i tribunals de la ciutat de Barcelona.<\/p>\t\t\t\t\t\t\t\t<\/div>\n\t\t\t\t<\/div>\n\t\t\t\t\t<\/div>\n\t\t<\/div>\n\t\t\t\t\t<\/div>\n\t\t<\/section>\n\t\t\t\t<\/div>\n\t\t","protected":false},"excerpt":{"rendered":"<p>1. DADES IDENTIFICATIVES En compliment amb el deure informaci\u00f3 recollit a article 10 de la Llei 34\/2002, d&#8217;11 de juliol, de Serveis de la Societat de la Informaci\u00f3 i del Comer\u00e7 Electr\u00f2nic, a continuaci\u00f3 es reflecteixen les dades seg\u00fcents: l&#8217;empresa titular del domini web ingekabel.com \u00e9s Ingekabel Comunicaciones 2.0., S.L.(d&#8217;ara endavant Ingekabel), amb domicili a [&hellip;]<\/p>\n","protected":false},"author":1,"featured_media":0,"parent":0,"menu_order":0,"comment_status":"closed","ping_status":"closed","template":"elementor_header_footer","meta":{"footnotes":""},"class_list":["post-1292","page","type-page","status-publish","hentry"],"yoast_head":"<!-- This site is optimized with the Yoast SEO plugin v25.3 - https:\/\/yoast.com\/wordpress\/plugins\/seo\/ -->\n<title>Av\u00eds legal - Ingekabel<\/title>\n<meta name=\"robots\" content=\"index, follow, max-snippet:-1, max-image-preview:large, max-video-preview:-1\" \/>\n<link rel=\"canonical\" href=\"https:\/\/ingekabel.com\/aviso-legal\/\" \/>\n<meta property=\"og:locale\" content=\"ca_ES\" \/>\n<meta property=\"og:type\" content=\"article\" \/>\n<meta property=\"og:title\" content=\"Av\u00eds legal - Ingekabel\" \/>\n<meta property=\"og:description\" content=\"1. DADES IDENTIFICATIVES En compliment amb el deure informaci\u00f3 recollit a article 10 de la Llei 34\/2002, d&#8217;11 de juliol, de Serveis de la Societat de la Informaci\u00f3 i del Comer\u00e7 Electr\u00f2nic, a continuaci\u00f3 es reflecteixen les dades seg\u00fcents: l&#8217;empresa titular del domini web ingekabel.com \u00e9s Ingekabel Comunicaciones 2.0., S.L.(d&#8217;ara endavant Ingekabel), amb domicili a [&hellip;]\" \/>\n<meta property=\"og:url\" content=\"https:\/\/ingekabel.com\/aviso-legal\/\" \/>\n<meta property=\"og:site_name\" content=\"Ingekabel\" \/>\n<meta property=\"article:modified_time\" content=\"2022-11-10T09:52:57+00:00\" \/>\n<meta name=\"twitter:card\" content=\"summary_large_image\" \/>\n<meta name=\"twitter:label1\" content=\"Temps estimat de lectura\" \/>\n\t<meta name=\"twitter:data1\" content=\"6 minuts\" \/>\n<script type=\"application\/ld+json\" class=\"yoast-schema-graph\">{\"@context\":\"https:\/\/schema.org\",\"@graph\":[{\"@type\":\"WebPage\",\"@id\":\"https:\/\/ingekabel.com\/aviso-legal\/\",\"url\":\"https:\/\/ingekabel.com\/aviso-legal\/\",\"name\":\"Av\u00eds legal - Ingekabel\",\"isPartOf\":{\"@id\":\"https:\/\/ingekabel.com\/#website\"},\"datePublished\":\"2021-07-23T07:20:53+00:00\",\"dateModified\":\"2022-11-10T09:52:57+00:00\",\"breadcrumb\":{\"@id\":\"https:\/\/ingekabel.com\/aviso-legal\/#breadcrumb\"},\"inLanguage\":\"ca\",\"potentialAction\":[{\"@type\":\"ReadAction\",\"target\":[\"https:\/\/ingekabel.com\/aviso-legal\/\"]}]},{\"@type\":\"BreadcrumbList\",\"@id\":\"https:\/\/ingekabel.com\/aviso-legal\/#breadcrumb\",\"itemListElement\":[{\"@type\":\"ListItem\",\"position\":1,\"name\":\"Portada\",\"item\":\"https:\/\/ingekabel.com\/\"},{\"@type\":\"ListItem\",\"position\":2,\"name\":\"Av\u00eds legal\"}]},{\"@type\":\"WebSite\",\"@id\":\"https:\/\/ingekabel.com\/#website\",\"url\":\"https:\/\/ingekabel.com\/\",\"name\":\"Ingekabel\",\"description\":\"Enginyeria de Telecomunicacions\",\"publisher\":{\"@id\":\"https:\/\/ingekabel.com\/#organization\"},\"potentialAction\":[{\"@type\":\"SearchAction\",\"target\":{\"@type\":\"EntryPoint\",\"urlTemplate\":\"https:\/\/ingekabel.com\/?s={search_term_string}\"},\"query-input\":{\"@type\":\"PropertyValueSpecification\",\"valueRequired\":true,\"valueName\":\"search_term_string\"}}],\"inLanguage\":\"ca\"},{\"@type\":\"Organization\",\"@id\":\"https:\/\/ingekabel.com\/#organization\",\"name\":\"Ingekabel Comunicaciones 2.0 SL\",\"url\":\"https:\/\/ingekabel.com\/\",\"logo\":{\"@type\":\"ImageObject\",\"inLanguage\":\"ca\",\"@id\":\"https:\/\/ingekabel.com\/#\/schema\/logo\/image\/\",\"url\":\"https:\/\/ingekabel.com\/wp-content\/uploads\/2021\/05\/cropped-ingekabel-favicon.png\",\"contentUrl\":\"https:\/\/ingekabel.com\/wp-content\/uploads\/2021\/05\/cropped-ingekabel-favicon.png\",\"width\":512,\"height\":512,\"caption\":\"Ingekabel Comunicaciones 2.0 SL\"},\"image\":{\"@id\":\"https:\/\/ingekabel.com\/#\/schema\/logo\/image\/\"},\"sameAs\":[\"https:\/\/es.linkedin.com\/company\/ingekabel-comunicaciones-20-sl\"]}]}<\/script>\n<!-- \/ Yoast SEO plugin. -->","yoast_head_json":{"title":"Av\u00eds legal - Ingekabel","robots":{"index":"index","follow":"follow","max-snippet":"max-snippet:-1","max-image-preview":"max-image-preview:large","max-video-preview":"max-video-preview:-1"},"canonical":"https:\/\/ingekabel.com\/aviso-legal\/","og_locale":"ca_ES","og_type":"article","og_title":"Av\u00eds legal - Ingekabel","og_description":"1. DADES IDENTIFICATIVES En compliment amb el deure informaci\u00f3 recollit a article 10 de la Llei 34\/2002, d&#8217;11 de juliol, de Serveis de la Societat de la Informaci\u00f3 i del Comer\u00e7 Electr\u00f2nic, a continuaci\u00f3 es reflecteixen les dades seg\u00fcents: l&#8217;empresa titular del domini web ingekabel.com \u00e9s Ingekabel Comunicaciones 2.0., S.L.(d&#8217;ara endavant Ingekabel), amb domicili a [&hellip;]","og_url":"https:\/\/ingekabel.com\/aviso-legal\/","og_site_name":"Ingekabel","article_modified_time":"2022-11-10T09:52:57+00:00","twitter_card":"summary_large_image","twitter_misc":{"Temps estimat de lectura":"6 minuts"},"schema":{"@context":"https:\/\/schema.org","@graph":[{"@type":"WebPage","@id":"https:\/\/ingekabel.com\/aviso-legal\/","url":"https:\/\/ingekabel.com\/aviso-legal\/","name":"Av\u00eds legal - Ingekabel","isPartOf":{"@id":"https:\/\/ingekabel.com\/#website"},"datePublished":"2021-07-23T07:20:53+00:00","dateModified":"2022-11-10T09:52:57+00:00","breadcrumb":{"@id":"https:\/\/ingekabel.com\/aviso-legal\/#breadcrumb"},"inLanguage":"ca","potentialAction":[{"@type":"ReadAction","target":["https:\/\/ingekabel.com\/aviso-legal\/"]}]},{"@type":"BreadcrumbList","@id":"https:\/\/ingekabel.com\/aviso-legal\/#breadcrumb","itemListElement":[{"@type":"ListItem","position":1,"name":"Portada","item":"https:\/\/ingekabel.com\/"},{"@type":"ListItem","position":2,"name":"Av\u00eds legal"}]},{"@type":"WebSite","@id":"https:\/\/ingekabel.com\/#website","url":"https:\/\/ingekabel.com\/","name":"Ingekabel","description":"Enginyeria de Telecomunicacions","publisher":{"@id":"https:\/\/ingekabel.com\/#organization"},"potentialAction":[{"@type":"SearchAction","target":{"@type":"EntryPoint","urlTemplate":"https:\/\/ingekabel.com\/?s={search_term_string}"},"query-input":{"@type":"PropertyValueSpecification","valueRequired":true,"valueName":"search_term_string"}}],"inLanguage":"ca"},{"@type":"Organization","@id":"https:\/\/ingekabel.com\/#organization","name":"Ingekabel Comunicaciones 2.0 SL","url":"https:\/\/ingekabel.com\/","logo":{"@type":"ImageObject","inLanguage":"ca","@id":"https:\/\/ingekabel.com\/#\/schema\/logo\/image\/","url":"https:\/\/ingekabel.com\/wp-content\/uploads\/2021\/05\/cropped-ingekabel-favicon.png","contentUrl":"https:\/\/ingekabel.com\/wp-content\/uploads\/2021\/05\/cropped-ingekabel-favicon.png","width":512,"height":512,"caption":"Ingekabel Comunicaciones 2.0 SL"},"image":{"@id":"https:\/\/ingekabel.com\/#\/schema\/logo\/image\/"},"sameAs":["https:\/\/es.linkedin.com\/company\/ingekabel-comunicaciones-20-sl"]}]}},"_links":{"self":[{"href":"https:\/\/ingekabel.com\/ca\/wp-json\/wp\/v2\/pages\/1292","targetHints":{"allow":["GET"]}}],"collection":[{"href":"https:\/\/ingekabel.com\/ca\/wp-json\/wp\/v2\/pages"}],"about":[{"href":"https:\/\/ingekabel.com\/ca\/wp-json\/wp\/v2\/types\/page"}],"author":[{"embeddable":true,"href":"https:\/\/ingekabel.com\/ca\/wp-json\/wp\/v2\/users\/1"}],"replies":[{"embeddable":true,"href":"https:\/\/ingekabel.com\/ca\/wp-json\/wp\/v2\/comments?post=1292"}],"version-history":[{"count":16,"href":"https:\/\/ingekabel.com\/ca\/wp-json\/wp\/v2\/pages\/1292\/revisions"}],"predecessor-version":[{"id":1566,"href":"https:\/\/ingekabel.com\/ca\/wp-json\/wp\/v2\/pages\/1292\/revisions\/1566"}],"wp:attachment":[{"href":"https:\/\/ingekabel.com\/ca\/wp-json\/wp\/v2\/media?parent=1292"}],"curies":[{"name":"wp","href":"https:\/\/api.w.org\/{rel}","templated":true}]}}