{"id":1282,"date":"2021-07-23T07:11:57","date_gmt":"2021-07-23T07:11:57","guid":{"rendered":"https:\/\/ingekabel.com\/politica-de-privacitata\/"},"modified":"2021-07-23T08:18:35","modified_gmt":"2021-07-23T08:18:35","slug":"politica-de-privacitat","status":"publish","type":"page","link":"https:\/\/ingekabel.com\/ca\/politica-de-privacitat\/","title":{"rendered":"Pol\u00edtica de privacitat"},"content":{"rendered":"\t\t<div data-elementor-type=\"wp-page\" data-elementor-id=\"1282\" class=\"elementor elementor-1282 elementor-3\" data-elementor-settings=\"{&quot;ha_cmc_init_switcher&quot;:&quot;no&quot;}\" data-elementor-post-type=\"page\">\n\t\t\t\t\t\t<section class=\"elementor-section elementor-top-section elementor-element elementor-element-a1ca5b9 elementor-section-boxed elementor-section-height-default elementor-section-height-default\" data-id=\"a1ca5b9\" data-element_type=\"section\" data-e-type=\"section\" data-settings=\"{&quot;background_background&quot;:&quot;classic&quot;,&quot;_ha_eqh_enable&quot;:false}\">\n\t\t\t\t\t\t\t<div class=\"elementor-background-overlay\"><\/div>\n\t\t\t\t\t\t\t<div class=\"elementor-container elementor-column-gap-default\">\n\t\t\t\t\t<div class=\"elementor-column elementor-col-100 elementor-top-column elementor-element elementor-element-3d8a55d\" data-id=\"3d8a55d\" data-element_type=\"column\" data-e-type=\"column\">\n\t\t\t<div class=\"elementor-widget-wrap elementor-element-populated\">\n\t\t\t\t\t\t<div class=\"elementor-element elementor-element-1664fb1 elementor-widget elementor-widget-heading\" data-id=\"1664fb1\" data-element_type=\"widget\" data-e-type=\"widget\" data-widget_type=\"heading.default\">\n\t\t\t\t<div class=\"elementor-widget-container\">\n\t\t\t\t\t<h1 class=\"elementor-heading-title elementor-size-default\">Pol\u00edtica de privacitat<\/h1>\t\t\t\t<\/div>\n\t\t\t\t<\/div>\n\t\t\t\t\t<\/div>\n\t\t<\/div>\n\t\t\t\t\t<\/div>\n\t\t<\/section>\n\t\t\t\t<section class=\"elementor-section elementor-top-section elementor-element elementor-element-7a986513 elementor-section-boxed elementor-section-height-default elementor-section-height-default\" data-id=\"7a986513\" data-element_type=\"section\" data-e-type=\"section\" data-settings=\"{&quot;_ha_eqh_enable&quot;:false}\">\n\t\t\t\t\t\t<div class=\"elementor-container elementor-column-gap-default\">\n\t\t\t\t\t<div class=\"elementor-column elementor-col-100 elementor-top-column elementor-element elementor-element-57a5eb16\" data-id=\"57a5eb16\" data-element_type=\"column\" data-e-type=\"column\">\n\t\t\t<div class=\"elementor-widget-wrap elementor-element-populated\">\n\t\t\t\t\t\t<div class=\"elementor-element elementor-element-2947220e elementor-widget elementor-widget-text-editor\" data-id=\"2947220e\" data-element_type=\"widget\" data-e-type=\"widget\" data-widget_type=\"text-editor.default\">\n\t\t\t\t<div class=\"elementor-widget-container\">\n\t\t\t\t\t\t\t\t\t<p><span class=\"\">La confidencialitat i la seguretat s\u00f3n valors primordials de Ingekabel i, en conseq\u00fc\u00e8ncia, assumim el comprom\u00eds de garantir la privacitat de l&#8217;usuari en tot moment i de no recaptar informaci\u00f3 innecess\u00e0ria.\u00a0<\/span>A continuaci\u00f3, li proporcionem tota la informaci\u00f3 necess\u00e0ria sobre la nostra Pol\u00edtica de Privacitat en relaci\u00f3 amb les dades personals que recaptem, explicant-:<\/p>\n<p><strong>Qui \u00e9s el responsable de l&#8217;tractament de les seves dades.<\/strong><\/p>\n<p><strong>Per quines finalitats demanem les dades que li demanem.<\/strong><\/p>\n<p><strong>Quina \u00e9s la legitimaci\u00f3 per al seu tractament.<\/strong><\/p>\n<p><strong>Durant quant de temps els conservem.<\/strong><\/p>\n<p><strong>A qu\u00e8 destinataris es comuniquen les seves dades.<\/strong><\/p>\n<p><strong>Quins s\u00f3n els seus drets.<\/strong><\/p>\n<p>&nbsp;<\/p>\n<p><strong>Responsable:<\/strong><\/p>\n<p><strong>Titular:<\/strong>\u00a0Ingekabel Comunicacions 2.0., SL<\/p>\n<p><strong>NIF:<\/strong>\u00a0B66529017<\/p>\n<p><strong>Direcci\u00f3:<\/strong>\u00a0Carrer Frederic Mompou, 4B, baixos 3a.\u00a008960 Sant Just Desvern (Barcelona)<\/p>\n<p><strong>Tel\u00e8fon:<\/strong>\u00a0(+34) 936.859.018<\/p>\n<p><strong>Mail:<\/strong>\u00a0jrodriguez@ingekabel.com<\/p>\n<p>Finalitats, legitimaci\u00f3 i conservaci\u00f3 dels tractaments de les dades enviades a trav\u00e9s de:<\/p>\n<p>&nbsp;<\/p>\n<p><strong>FORMULARI DE CONTACTE.<\/strong><\/p>\n<p><strong>Finalitat:<\/strong>\u00a0Facilitar-un mitj\u00e0 perqu\u00e8 pugui posar-se en contacte amb nosaltres i contestar les seves sol\u00b7licituds d&#8217;informaci\u00f3, aix\u00ed com enviar-li comunicacions dels nostres productes, serveis i activitats, inclusivament per mitjans electr\u00f2nics (Correu electr\u00f2nic, SMS, WhatsApp), si marca la casella d&#8217;acceptaci\u00f3.<\/p>\n<p><strong>Legitimaci\u00f3:<\/strong>\u00a0El consentiment de l&#8217;usuari a l&#8217;sol\u00b7licitar-nos informaci\u00f3 a trav\u00e9s del nostre formulari de contactes i a l&#8217;marcar la casella d&#8217;acceptaci\u00f3 d&#8217;enviament d&#8217;informaci\u00f3.<\/p>\n<p><strong>Conservaci\u00f3:<\/strong>\u00a0Un cop resulta la seva sol\u00b7licitud per mitj\u00e0 del nostre formulari o contestada per correu electr\u00f2nic, si no ha generat un nou tractament, i en cas d&#8217;haver acceptat rebre enviaments comercials, fins que sol\u00b7liciti la baixa dels mateixos.<\/p>\n<p>&nbsp;<\/p>\n<p><strong>ENVIAMENT DE CORREUS ELECTR\u00d2NICS.<\/strong><\/p>\n<p><strong>Finalitat:<\/strong>\u00a0Contestar les seves sol\u00b7licituds d&#8217;informaci\u00f3, atendre les seves peticions i respondre les seves consultes o dubtes.<\/p>\n<p><strong>Legitimaci\u00f3:<\/strong>\u00a0El consentiment de l&#8217;usuari a l&#8217;sol\u00b7licitar-nos informaci\u00f3 a trav\u00e9s de l&#8217;adre\u00e7a de correu electr\u00f2nic.<\/p>\n<p><strong>Conservaci\u00f3:<\/strong>\u00a0Un cop resulta contestada la seva petici\u00f3 per correu electr\u00f2nic, si no ha generat un nou tractament.<\/p>\n<p>&nbsp;<\/p>\n<p><strong>ENVIAMENT DEL CURR\u00cdCULUM VITAE PER CORREU ELECTR\u00d2NIC<\/strong><\/p>\n<p><strong>Finalitat:<\/strong>\u00a0Disposar del seu curr\u00edculum per participar en els nostres processos de selecci\u00f3 de personal.<\/p>\n<p><strong>Legitimaci\u00f3:<\/strong>\u00a0El consentiment de l&#8217;usuari a l&#8217;remetre&#8217;ns la seva informaci\u00f3 personal i curr\u00edculum per als nostres processos de selecci\u00f3 de personal.<\/p>\n<p><strong>Conservaci\u00f3:<\/strong>\u00a0Durant el desenvolupament dels processos de selecci\u00f3 de personal oberts i durant 1 any per a futurs processos.<\/p>\n<p>&nbsp;<\/p>\n<p><strong>SUBSCRIPCI\u00d3 A LA NOSTRA NEWSLETTER<\/strong><\/p>\n<p><strong>Finalitat:<\/strong>\u00a0Enviament del nostre butllet\u00ed comercial i de comunicacions informatives i publicit\u00e0ries sobre els nostres productes o serveis que siguin del seu inter\u00e8s, fins i tot per mitjans electr\u00f2nics (Correu electr\u00f2nic, SMS, WhatsApp).<\/p>\n<p><strong>Legitimaci\u00f3:<\/strong>\u00a0El consentiment de l&#8217;usuari a l&#8217;subscriure als nostres enviaments comercials i \/ o newsletters.<\/p>\n<p><strong>Conservaci\u00f3:<\/strong>\u00a0Fins que l&#8217;interessat revoqui el consentiment i sol\u00b7liciti la baixa de l&#8217;servei.<\/p>\n<p>Obligaci\u00f3 de facilitar les seves dades personals i conseq\u00fc\u00e8ncies de no fer-ho.<\/p>\n<p>El subministrament de dades personals requereix una edat m\u00ednima de 14 anys, o, si s&#8217;escau, disposar de capacitat jur\u00eddica suficient per contractar.<\/p>\n<p>Les dades personals sol\u00b7licitades s\u00f3n necess\u00e0ries per gestionar les seves sol\u00b7licituds i \/ o prestar-li els serveis que pugui contractar, de manera que, si no ens les facilita, no podrem atendre-correctament ni prestar-li el servei que ha sol\u00b7licitat.<\/p>\n<p>&nbsp;<\/p>\n<p><strong>Destinataris de les seves dades<\/strong><\/p>\n<p>Les seves dades s\u00f3n confidencials i no se cediran a tercers, llevat que hi hagi obligaci\u00f3 legal.<\/p>\n<p>&nbsp;<\/p>\n<p><strong>Drets en relaci\u00f3 amb les seves dades personals<\/strong><\/p>\n<p>Qualsevol persona pot retirar el seu consentiment en qualsevol moment, quan el mateix s&#8217;hagi atorgat pel tractament de les seves dades.\u00a0En cap cas, la retirada d&#8217;aquest consentiment condiciona l&#8217;execuci\u00f3 de l&#8217;contracte de subscripci\u00f3 o les relacions generades amb anterioritat.<\/p>\n<p>&nbsp;<\/p>\n<p><strong>Igualment, pot exercir els seg\u00fcents drets:<\/strong><\/p>\n<p>Sol\u00b7licitar l&#8217;acc\u00e9s a les seves dades personals o la seva rectificaci\u00f3 quan siguin inexactes.<\/p>\n<p>Sol\u00b7licitar la seva supressi\u00f3 quan, entre d&#8217;altres motius, les dades ja no siguin necessaris per als fins per als quals van ser recollides.<\/p>\n<p>Sol\u00b7licitar la limitaci\u00f3 del seu tractament en determinades circumst\u00e0ncies.<\/p>\n<p>Sol\u00b7licitar l&#8217;oposici\u00f3 a l&#8217;tractament de les seves dades per motius relacionats amb la seva situaci\u00f3 particular.<\/p>\n<p>Sol\u00b7licitar la portabilitat de les dades en els casos que preveu la normativa.<\/p>\n<p>Altres drets reconeguts en les normatives aplicables.<\/p>\n<p>&nbsp;<\/p>\n<p><strong>On i com sol\u00b7licitar els seus Drets:<\/strong><\/p>\n<p>Mitjan\u00e7ant un escrit dirigit a l&#8217;responsable a la seva adre\u00e7a postal o electr\u00f2nica (indicades a l&#8217;apartat &#8220;Responsable&#8221;), indicant la refer\u00e8ncia &#8220;Dades Personals&#8221;, especificant el dret que es vol exercir i respecte a quines dades personals.<\/p>\n<p>&nbsp;<\/p>\n<p>En cas de diverg\u00e8ncies amb l&#8217;empresa en relaci\u00f3 amb el tractament de les seves dades, pot presentar una reclamaci\u00f3 davant l&#8217;Autoritat de Protecci\u00f3 de Dades (www.agpd.es).<\/p>\n<p>&nbsp;<\/p>\n<p><strong>Galetes<\/strong><\/p>\n<p>Aquesta p\u00e0gina web, \u00fanicament utilitza cookies t\u00e8cniques, de personalitzaci\u00f3 i an\u00e0lisi, pr\u00f2pies i de tercers (Google Analytics), que en cap cas tracten dades de car\u00e0cter personal ni capten h\u00e0bits de navegaci\u00f3 per a fins publicitaris.<\/p>\n<p>Per aix\u00f2, a l&#8217;accedir a la nostra web, en compliment de l&#8217;article 22 de la Llei de Serveis de la Societat de la Informaci\u00f3, a l&#8217;tractar galetes d&#8217;an\u00e0lisi, li hem sol\u00b7licitat el seu consentiment per al seu \u00fas i facilitat informaci\u00f3 de les mateixes, que en tot cas s&#8217;instal\u00b7laran passat un termini de temps prudencial perqu\u00e8 l&#8217;usuari tingui temps de decidir prestar el seu consentiment o no.<\/p>\n<p>&nbsp;<\/p>\n<p><strong>Seguretat de les seves dades personals<\/strong><\/p>\n<p>Amb l&#8217;objectiu de salvaguardar la seguretat de les seves dades personals, l&#8217;informem que hem adoptat totes les mesures d&#8217;\u00edndole t\u00e8cnica i organitzativa necess\u00e0ries per garantir la seguretat de les dades personals subministrades de la seva alteraci\u00f3, p\u00e8rdua, i tractaments o accessos no autoritzats.<\/p>\n<p>&nbsp;<\/p>\n<p><strong>Actualitzaci\u00f3 de les seves dades<\/strong><\/p>\n<p>\u00c9s important que perqu\u00e8 puguem mantenir les seves dades personals actualitzades, ens informi sempre que hagi hagut alguna modificaci\u00f3 en ells, en cas contrari, no responem de la veracitat dels mateixos.<\/p>\n<p>No ens fem responsables de la pol\u00edtica de privacitat respecte a les dades personals que pugui facilitar a tercers per mitj\u00e0 dels enlla\u00e7os disponibles a la nostra p\u00e0gina web.<\/p>\n<p>La present Pol\u00edtica de Privacitat pot ser modificada per adaptar-les als canvis que es produeixin en la nostra web, aix\u00ed com modificacions legislatives o jurisprudencials sobre dades personals que vagin apareixent, pel que exigeix \u200b\u200bla seva lectura, cada vegada que ens faciliti les seves dades a trav\u00e9s de aquest web.<\/p>\n\t\t\t\t\t\t\t\t<\/div>\n\t\t\t\t<\/div>\n\t\t\t\t\t<\/div>\n\t\t<\/div>\n\t\t\t\t\t<\/div>\n\t\t<\/section>\n\t\t\t\t<\/div>\n\t\t","protected":false},"excerpt":{"rendered":"<p>La confidencialitat i la seguretat s\u00f3n valors primordials de Ingekabel i, en conseq\u00fc\u00e8ncia, assumim el comprom\u00eds de garantir la privacitat de l&#8217;usuari en tot moment i de no recaptar informaci\u00f3 innecess\u00e0ria.\u00a0A continuaci\u00f3, li proporcionem tota la informaci\u00f3 necess\u00e0ria sobre la nostra Pol\u00edtica de Privacitat en relaci\u00f3 amb les dades personals que recaptem, explicant-: Qui \u00e9s [&hellip;]<\/p>\n","protected":false},"author":1,"featured_media":0,"parent":0,"menu_order":0,"comment_status":"closed","ping_status":"closed","template":"elementor_header_footer","meta":{"footnotes":""},"class_list":["post-1282","page","type-page","status-publish","hentry"],"yoast_head":"<!-- This site is optimized with the Yoast SEO plugin v25.3 - https:\/\/yoast.com\/wordpress\/plugins\/seo\/ -->\n<title>Pol\u00edtica de privacitat - Ingekabel<\/title>\n<meta name=\"robots\" content=\"index, follow, max-snippet:-1, max-image-preview:large, max-video-preview:-1\" \/>\n<link rel=\"canonical\" href=\"https:\/\/ingekabel.com\/ca\/politica-de-privacitat\/\" \/>\n<meta property=\"og:locale\" content=\"ca_ES\" \/>\n<meta property=\"og:type\" content=\"article\" \/>\n<meta property=\"og:title\" content=\"Pol\u00edtica de privacitat - Ingekabel\" \/>\n<meta property=\"og:description\" content=\"La confidencialitat i la seguretat s\u00f3n valors primordials de Ingekabel i, en conseq\u00fc\u00e8ncia, assumim el comprom\u00eds de garantir la privacitat de l&#8217;usuari en tot moment i de no recaptar informaci\u00f3 innecess\u00e0ria.\u00a0A continuaci\u00f3, li proporcionem tota la informaci\u00f3 necess\u00e0ria sobre la nostra Pol\u00edtica de Privacitat en relaci\u00f3 amb les dades personals que recaptem, explicant-: Qui \u00e9s [&hellip;]\" \/>\n<meta property=\"og:url\" content=\"https:\/\/ingekabel.com\/ca\/politica-de-privacitat\/\" \/>\n<meta property=\"og:site_name\" content=\"Ingekabel\" \/>\n<meta property=\"article:modified_time\" content=\"2021-07-23T08:18:35+00:00\" \/>\n<meta name=\"twitter:card\" content=\"summary_large_image\" \/>\n<meta name=\"twitter:label1\" content=\"Temps estimat de lectura\" \/>\n\t<meta name=\"twitter:data1\" content=\"5 minuts\" \/>\n<script type=\"application\/ld+json\" class=\"yoast-schema-graph\">{\"@context\":\"https:\/\/schema.org\",\"@graph\":[{\"@type\":\"WebPage\",\"@id\":\"https:\/\/ingekabel.com\/ca\/politica-de-privacitat\/\",\"url\":\"https:\/\/ingekabel.com\/ca\/politica-de-privacitat\/\",\"name\":\"Pol\u00edtica de privacitat - Ingekabel\",\"isPartOf\":{\"@id\":\"https:\/\/ingekabel.com\/#website\"},\"datePublished\":\"2021-07-23T07:11:57+00:00\",\"dateModified\":\"2021-07-23T08:18:35+00:00\",\"breadcrumb\":{\"@id\":\"https:\/\/ingekabel.com\/ca\/politica-de-privacitat\/#breadcrumb\"},\"inLanguage\":\"ca\",\"potentialAction\":[{\"@type\":\"ReadAction\",\"target\":[\"https:\/\/ingekabel.com\/ca\/politica-de-privacitat\/\"]}]},{\"@type\":\"BreadcrumbList\",\"@id\":\"https:\/\/ingekabel.com\/ca\/politica-de-privacitat\/#breadcrumb\",\"itemListElement\":[{\"@type\":\"ListItem\",\"position\":1,\"name\":\"Portada\",\"item\":\"https:\/\/ingekabel.com\/\"},{\"@type\":\"ListItem\",\"position\":2,\"name\":\"Pol\u00edtica de privacitat\"}]},{\"@type\":\"WebSite\",\"@id\":\"https:\/\/ingekabel.com\/#website\",\"url\":\"https:\/\/ingekabel.com\/\",\"name\":\"Ingekabel\",\"description\":\"Enginyeria de Telecomunicacions\",\"publisher\":{\"@id\":\"https:\/\/ingekabel.com\/#organization\"},\"potentialAction\":[{\"@type\":\"SearchAction\",\"target\":{\"@type\":\"EntryPoint\",\"urlTemplate\":\"https:\/\/ingekabel.com\/?s={search_term_string}\"},\"query-input\":{\"@type\":\"PropertyValueSpecification\",\"valueRequired\":true,\"valueName\":\"search_term_string\"}}],\"inLanguage\":\"ca\"},{\"@type\":\"Organization\",\"@id\":\"https:\/\/ingekabel.com\/#organization\",\"name\":\"Ingekabel Comunicaciones 2.0 SL\",\"url\":\"https:\/\/ingekabel.com\/\",\"logo\":{\"@type\":\"ImageObject\",\"inLanguage\":\"ca\",\"@id\":\"https:\/\/ingekabel.com\/#\/schema\/logo\/image\/\",\"url\":\"https:\/\/ingekabel.com\/wp-content\/uploads\/2021\/05\/cropped-ingekabel-favicon.png\",\"contentUrl\":\"https:\/\/ingekabel.com\/wp-content\/uploads\/2021\/05\/cropped-ingekabel-favicon.png\",\"width\":512,\"height\":512,\"caption\":\"Ingekabel Comunicaciones 2.0 SL\"},\"image\":{\"@id\":\"https:\/\/ingekabel.com\/#\/schema\/logo\/image\/\"},\"sameAs\":[\"https:\/\/es.linkedin.com\/company\/ingekabel-comunicaciones-20-sl\"]}]}<\/script>\n<!-- \/ Yoast SEO plugin. -->","yoast_head_json":{"title":"Pol\u00edtica de privacitat - Ingekabel","robots":{"index":"index","follow":"follow","max-snippet":"max-snippet:-1","max-image-preview":"max-image-preview:large","max-video-preview":"max-video-preview:-1"},"canonical":"https:\/\/ingekabel.com\/ca\/politica-de-privacitat\/","og_locale":"ca_ES","og_type":"article","og_title":"Pol\u00edtica de privacitat - Ingekabel","og_description":"La confidencialitat i la seguretat s\u00f3n valors primordials de Ingekabel i, en conseq\u00fc\u00e8ncia, assumim el comprom\u00eds de garantir la privacitat de l&#8217;usuari en tot moment i de no recaptar informaci\u00f3 innecess\u00e0ria.\u00a0A continuaci\u00f3, li proporcionem tota la informaci\u00f3 necess\u00e0ria sobre la nostra Pol\u00edtica de Privacitat en relaci\u00f3 amb les dades personals que recaptem, explicant-: Qui \u00e9s [&hellip;]","og_url":"https:\/\/ingekabel.com\/ca\/politica-de-privacitat\/","og_site_name":"Ingekabel","article_modified_time":"2021-07-23T08:18:35+00:00","twitter_card":"summary_large_image","twitter_misc":{"Temps estimat de lectura":"5 minuts"},"schema":{"@context":"https:\/\/schema.org","@graph":[{"@type":"WebPage","@id":"https:\/\/ingekabel.com\/ca\/politica-de-privacitat\/","url":"https:\/\/ingekabel.com\/ca\/politica-de-privacitat\/","name":"Pol\u00edtica de privacitat - Ingekabel","isPartOf":{"@id":"https:\/\/ingekabel.com\/#website"},"datePublished":"2021-07-23T07:11:57+00:00","dateModified":"2021-07-23T08:18:35+00:00","breadcrumb":{"@id":"https:\/\/ingekabel.com\/ca\/politica-de-privacitat\/#breadcrumb"},"inLanguage":"ca","potentialAction":[{"@type":"ReadAction","target":["https:\/\/ingekabel.com\/ca\/politica-de-privacitat\/"]}]},{"@type":"BreadcrumbList","@id":"https:\/\/ingekabel.com\/ca\/politica-de-privacitat\/#breadcrumb","itemListElement":[{"@type":"ListItem","position":1,"name":"Portada","item":"https:\/\/ingekabel.com\/"},{"@type":"ListItem","position":2,"name":"Pol\u00edtica de privacitat"}]},{"@type":"WebSite","@id":"https:\/\/ingekabel.com\/#website","url":"https:\/\/ingekabel.com\/","name":"Ingekabel","description":"Enginyeria de Telecomunicacions","publisher":{"@id":"https:\/\/ingekabel.com\/#organization"},"potentialAction":[{"@type":"SearchAction","target":{"@type":"EntryPoint","urlTemplate":"https:\/\/ingekabel.com\/?s={search_term_string}"},"query-input":{"@type":"PropertyValueSpecification","valueRequired":true,"valueName":"search_term_string"}}],"inLanguage":"ca"},{"@type":"Organization","@id":"https:\/\/ingekabel.com\/#organization","name":"Ingekabel Comunicaciones 2.0 SL","url":"https:\/\/ingekabel.com\/","logo":{"@type":"ImageObject","inLanguage":"ca","@id":"https:\/\/ingekabel.com\/#\/schema\/logo\/image\/","url":"https:\/\/ingekabel.com\/wp-content\/uploads\/2021\/05\/cropped-ingekabel-favicon.png","contentUrl":"https:\/\/ingekabel.com\/wp-content\/uploads\/2021\/05\/cropped-ingekabel-favicon.png","width":512,"height":512,"caption":"Ingekabel Comunicaciones 2.0 SL"},"image":{"@id":"https:\/\/ingekabel.com\/#\/schema\/logo\/image\/"},"sameAs":["https:\/\/es.linkedin.com\/company\/ingekabel-comunicaciones-20-sl"]}]}},"_links":{"self":[{"href":"https:\/\/ingekabel.com\/ca\/wp-json\/wp\/v2\/pages\/1282","targetHints":{"allow":["GET"]}}],"collection":[{"href":"https:\/\/ingekabel.com\/ca\/wp-json\/wp\/v2\/pages"}],"about":[{"href":"https:\/\/ingekabel.com\/ca\/wp-json\/wp\/v2\/types\/page"}],"author":[{"embeddable":true,"href":"https:\/\/ingekabel.com\/ca\/wp-json\/wp\/v2\/users\/1"}],"replies":[{"embeddable":true,"href":"https:\/\/ingekabel.com\/ca\/wp-json\/wp\/v2\/comments?post=1282"}],"version-history":[{"count":5,"href":"https:\/\/ingekabel.com\/ca\/wp-json\/wp\/v2\/pages\/1282\/revisions"}],"predecessor-version":[{"id":1287,"href":"https:\/\/ingekabel.com\/ca\/wp-json\/wp\/v2\/pages\/1282\/revisions\/1287"}],"wp:attachment":[{"href":"https:\/\/ingekabel.com\/ca\/wp-json\/wp\/v2\/media?parent=1282"}],"curies":[{"name":"wp","href":"https:\/\/api.w.org\/{rel}","templated":true}]}}